{"id":18,"date":"2024-06-17T15:48:11","date_gmt":"2024-06-17T12:48:11","guid":{"rendered":"https:\/\/vulkan-russiaigrai.com\/?page_id=18"},"modified":"2024-06-21T00:19:12","modified_gmt":"2024-06-20T21:19:12","slug":"slots-at-vulkan-casino","status":"publish","type":"page","link":"https:\/\/vulkan-russiaigrai.com\/es\/slots-at-vulkan-casino\/","title":{"rendered":"Tragamonedas en el Casino Vulkan"},"content":{"rendered":"<p><span style=\"font-weight: 400;\">\u00a1Bienvenido a la secci\u00f3n de \u00abTragamonedas\u00bb de Vulkan Casino! Aqu\u00ed encontrar\u00e1s m\u00e1s de 1000 m\u00e1quinas tragamonedas diversas que te brindar\u00e1n un mar de diversi\u00f3n y la oportunidad de ganar a lo grande. Nuestras tragamonedas son adecuadas tanto para principiantes como para jugadores experimentados.<\/span><\/p>\n<h2><b>\u00bfC\u00f3mo jugar a las tragamonedas?<\/b><\/h2>\n<p><span style=\"font-weight: 400;\">Jugar a las tragamonedas es muy sencillo y emocionante. Aqu\u00ed tienes una breve gu\u00eda para empezar:<\/span><\/p>\n<ol>\n<li style=\"font-weight: 400;\" aria-level=\"1\"><b>Elige una tragamonedas<\/b><span style=\"font-weight: 400;\">: Abre nuestro cat\u00e1logo y selecciona la m\u00e1quina tragamonedas que m\u00e1s te guste.<\/span><\/li>\n<li style=\"font-weight: 400;\" aria-level=\"1\"><b>Realiza una apuesta<\/b><span style=\"font-weight: 400;\">: Determina el tama\u00f1o de la apuesta, que depende del n\u00famero de l\u00edneas y del nivel de apuesta.<\/span><\/li>\n<li style=\"font-weight: 400;\" aria-level=\"1\"><b>Inicia el juego<\/b><span style=\"font-weight: 400;\">: Haz clic en el bot\u00f3n \u00abGirar\u00bb y observa c\u00f3mo giran los carretes.<\/span><\/li>\n<li style=\"font-weight: 400;\" aria-level=\"1\"><b>Combinaciones ganadoras<\/b><span style=\"font-weight: 400;\">: Si aparece una combinaci\u00f3n ganadora de s\u00edmbolos en la l\u00ednea, recibir\u00e1s una ganancia. La cantidad de la ganancia depende del tipo de s\u00edmbolos y sus combinaciones.<\/span><\/li>\n<li style=\"font-weight: 400;\" aria-level=\"1\"><b>Repite<\/b><span style=\"font-weight: 400;\">: Sigue girando los carretes, cambia las apuestas y \u00a1disfruta del juego!<\/span><\/li>\n<\/ol>\n<h2><b>Tragamonedas populares en Vulkan<\/b><\/h2>\n<p><span style=\"font-weight: 400;\">Nuestro casino tiene muchas tragamonedas, pero hay algunas que son especialmente amadas por nuestros jugadores. Aqu\u00ed est\u00e1n las 5 tragamonedas m\u00e1s populares en Vulkan:<\/span><\/p>\n<ol>\n<li style=\"font-weight: 400;\" aria-level=\"1\"><b>Book of Ra<\/b><span style=\"font-weight: 400;\"> \u2014 Una tragamonedas cl\u00e1sica de Novomatic que te lleva al mundo del Antiguo Egipto. \u00a1Intenta encontrar el Libro de Ra y gana grandes premios!<\/span><\/li>\n<li style=\"font-weight: 400;\" aria-level=\"1\"><b>Gonzo\u2019s Quest<\/b><span style=\"font-weight: 400;\"> \u2014 Una tragamonedas de aventura de NetEnt donde t\u00fa y Gonzo ir\u00e1n en busca de la ciudad perdida de oro. Los bloques explosivos y los giros gratis har\u00e1n tu juego inolvidable.<\/span><\/li>\n<li style=\"font-weight: 400;\" aria-level=\"1\"><b>Starburst<\/b><span style=\"font-weight: 400;\"> \u2014 Una tragamonedas brillante y colorida de NetEnt que cautiva con su simplicidad y gr\u00e1ficos impresionantes. Los emocionantes giros y los comodines expansivos te dar\u00e1n muchas combinaciones ganadoras.<\/span><\/li>\n<li style=\"font-weight: 400;\" aria-level=\"1\"><b>Mega Moolah<\/b><span style=\"font-weight: 400;\"> \u2014 Una tragamonedas de jackpot progresivo legendaria de Microgaming. \u00a1Pon a prueba tu suerte y tal vez te conviertas en el pr\u00f3ximo multimillonario!<\/span><\/li>\n<li style=\"font-weight: 400;\" aria-level=\"1\"><b>Dead or Alive<\/b><span style=\"font-weight: 400;\"> \u2014 Una tragamonedas emocionante de NetEnt que te lleva al Lejano Oeste. La alta volatilidad y las rondas de bonificaci\u00f3n har\u00e1n que tu juego sea realmente intenso y emocionante.<\/span><\/li>\n<\/ol>\n<h2><b>\u00bfPor qu\u00e9 elegir las tragamonedas en Vulkan?<\/b><\/h2>\n<ul>\n<li style=\"font-weight: 400;\" aria-level=\"1\"><b>Variedad<\/b><span style=\"font-weight: 400;\">: M\u00e1s de 1000 tragamonedas de los principales proveedores mundiales.<\/span><\/li>\n<li style=\"font-weight: 400;\" aria-level=\"1\"><b>Bonos y promociones<\/b><span style=\"font-weight: 400;\">: Bonos regulares, giros gratis y promociones para los amantes de las tragamonedas.<\/span><\/li>\n<li style=\"font-weight: 400;\" aria-level=\"1\"><b>Equidad y fiabilidad<\/b><span style=\"font-weight: 400;\">: Todos los juegos pasan por estrictas pruebas de equidad y cumplen con los est\u00e1ndares internacionales.<\/span><\/li>\n<li style=\"font-weight: 400;\" aria-level=\"1\"><b>Comodidad del juego<\/b><span style=\"font-weight: 400;\">: Juega a tus tragamonedas favoritas desde tu computadora, tel\u00e9fono inteligente o tableta.<\/span><\/li>\n<\/ul>\n<p><span style=\"font-weight: 400;\">\u00a1\u00danete a miles de jugadores que ya han apreciado nuestra selecci\u00f3n de tragamonedas y gana con Vulkan Casino! Gira los carretes, atrapa tu suerte y \u00a1que el \u00e9xito te acompa\u00f1e!<\/span><\/p>\n","protected":false},"excerpt":{"rendered":"<p>\u00a1Bienvenido a la secci\u00f3n de \u00abTragamonedas\u00bb de Vulkan Casino! Aqu\u00ed encontrar\u00e1s m\u00e1s de 1000 m\u00e1quinas tragamonedas diversas que te brindar\u00e1n un mar de diversi\u00f3n y la oportunidad de ganar a lo grande. Nuestras tragamonedas son adecuadas tanto para principiantes como para jugadores experimentados. \u00bfC\u00f3mo jugar a las tragamonedas? Jugar a las tragamonedas es muy sencillo [&hellip;]<\/p>\n","protected":false},"author":1,"featured_media":0,"parent":0,"menu_order":0,"comment_status":"closed","ping_status":"closed","template":"full-width-template.php","meta":{"footnotes":""},"class_list":["post-18","page","type-page","status-publish","hentry"],"yoast_head":"<!-- This site is optimized with the Yoast SEO plugin v27.2 - https:\/\/yoast.com\/product\/yoast-seo-wordpress\/ -->\n<title>\u0421\u043b\u043e\u0442\u044b \u0432 \u043e\u043d\u043b\u0430\u0439\u043d \u043a\u0430\u0437\u0438\u043d\u043e \u0412\u0443\u043b\u043a\u0430\u043d<\/title>\n<meta name=\"description\" content=\"Tragamonedas en el Casino Online Vulkan. Juega en m\u00e1quinas tragamonedas por dinero real. Juega y gana.\" \/>\n<meta name=\"robots\" content=\"index, follow, max-snippet:-1, max-image-preview:large, max-video-preview:-1\" \/>\n<link rel=\"canonical\" href=\"https:\/\/vulkan-russiaigrai.com\/es\/slots-at-vulkan-casino\/\" \/>\n<meta property=\"og:locale\" content=\"es_ES\" \/>\n<meta property=\"og:locale:alternate\" content=\"ru_RU\" \/>\n<meta property=\"og:locale:alternate\" content=\"en_US\" \/>\n<meta property=\"og:locale:alternate\" content=\"pt_PT\" \/>\n<meta property=\"og:locale:alternate\" content=\"fr_FR\" \/>\n<meta property=\"og:locale:alternate\" content=\"ro_RO\" \/>\n<meta property=\"og:locale:alternate\" content=\"sr_RS\" \/>\n<meta property=\"og:locale:alternate\" content=\"bg_BG\" \/>\n<meta property=\"og:locale:alternate\" content=\"it_IT\" \/>\n<meta property=\"og:type\" content=\"article\" \/>\n<meta property=\"og:title\" content=\"\u0421\u043b\u043e\u0442\u044b \u0432 \u043e\u043d\u043b\u0430\u0439\u043d \u043a\u0430\u0437\u0438\u043d\u043e \u0412\u0443\u043b\u043a\u0430\u043d\" \/>\n<meta property=\"og:description\" content=\"\u0421\u043b\u043e\u0442\u044b \u0432 \u043e\u043d\u043b\u0430\u0439\u043d \u043a\u0430\u0437\u0438\u043d\u043e \u0412\u0443\u043b\u043a\u0430\u043d. \u0418\u0433\u0440\u0430\u0442\u044c \u0432 \u0438\u0433\u0440\u043e\u0432\u044b\u0435 \u0430\u0432\u0442\u043e\u043c\u0430\u0442\u044b \u043d\u0430 \u0440\u0435\u0430\u043b\u044c\u043d\u044b\u0435 \u0434\u0435\u043d\u044c\u0433\u0438. \u0418\u0433\u0440\u0430\u0442\u044c \u0438 \u043f\u043e\u0431\u0435\u0436\u0434\u0430\u0442\u044c\" \/>\n<meta property=\"og:url\" content=\"https:\/\/vulkan-russiaigrai.com\/es\/slots-at-vulkan-casino\/\" \/>\n<meta property=\"og:site_name\" content=\"Vulkan\" \/>\n<meta property=\"article:modified_time\" content=\"2024-06-20T21:19:12+00:00\" \/>\n<meta name=\"twitter:card\" content=\"summary_large_image\" \/>\n<meta name=\"twitter:label1\" content=\"Tiempo de lectura\" \/>\n\t<meta name=\"twitter:data1\" content=\"13 minutos\" \/>\n<script type=\"application\/ld+json\" class=\"yoast-schema-graph\">{\"@context\":\"https:\/\/schema.org\",\"@graph\":[{\"@type\":\"WebPage\",\"@id\":\"https:\/\/vulkan-russiaigrai.com\/slots-at-vulkan-casino\/\",\"url\":\"https:\/\/vulkan-russiaigrai.com\/slots-at-vulkan-casino\/\",\"name\":\"\u0421\u043b\u043e\u0442\u044b \u0432 \u043e\u043d\u043b\u0430\u0439\u043d \u043a\u0430\u0437\u0438\u043d\u043e \u0412\u0443\u043b\u043a\u0430\u043d\",\"isPartOf\":{\"@id\":\"https:\/\/vulkan-russiaigrai.com\/#website\"},\"datePublished\":\"2024-06-17T12:48:11+00:00\",\"dateModified\":\"2024-06-20T21:19:12+00:00\",\"description\":\"\u0421\u043b\u043e\u0442\u044b \u0432 \u043e\u043d\u043b\u0430\u0439\u043d \u043a\u0430\u0437\u0438\u043d\u043e \u0412\u0443\u043b\u043a\u0430\u043d. \u0418\u0433\u0440\u0430\u0442\u044c \u0432 \u0438\u0433\u0440\u043e\u0432\u044b\u0435 \u0430\u0432\u0442\u043e\u043c\u0430\u0442\u044b \u043d\u0430 \u0440\u0435\u0430\u043b\u044c\u043d\u044b\u0435 \u0434\u0435\u043d\u044c\u0433\u0438. \u0418\u0433\u0440\u0430\u0442\u044c \u0438 \u043f\u043e\u0431\u0435\u0436\u0434\u0430\u0442\u044c\",\"breadcrumb\":{\"@id\":\"https:\/\/vulkan-russiaigrai.com\/slots-at-vulkan-casino\/#breadcrumb\"},\"inLanguage\":\"es-ES\",\"potentialAction\":[{\"@type\":\"ReadAction\",\"target\":[\"https:\/\/vulkan-russiaigrai.com\/slots-at-vulkan-casino\/\"]}]},{\"@type\":\"BreadcrumbList\",\"@id\":\"https:\/\/vulkan-russiaigrai.com\/slots-at-vulkan-casino\/#breadcrumb\",\"itemListElement\":[{\"@type\":\"ListItem\",\"position\":1,\"name\":\"\u0413\u043b\u0430\u0432\u043d\u0430\u044f \u0441\u0442\u0440\u0430\u043d\u0438\u0446\u0430\",\"item\":\"https:\/\/vulkan-russiaigrai.com\/\"},{\"@type\":\"ListItem\",\"position\":2,\"name\":\"\u0421\u043b\u043e\u0442\u044b \u0432 \u043a\u0430\u0437\u0438\u043d\u043e \u0412\u0443\u043b\u043a\u0430\u043d\"}]},{\"@type\":\"WebSite\",\"@id\":\"https:\/\/vulkan-russiaigrai.com\/#website\",\"url\":\"https:\/\/vulkan-russiaigrai.com\/\",\"name\":\"Vulkan\",\"description\":\"\",\"publisher\":{\"@id\":\"https:\/\/vulkan-russiaigrai.com\/#organization\"},\"potentialAction\":[{\"@type\":\"SearchAction\",\"target\":{\"@type\":\"EntryPoint\",\"urlTemplate\":\"https:\/\/vulkan-russiaigrai.com\/?s={search_term_string}\"},\"query-input\":{\"@type\":\"PropertyValueSpecification\",\"valueRequired\":true,\"valueName\":\"search_term_string\"}}],\"inLanguage\":\"es-ES\"},{\"@type\":\"Organization\",\"@id\":\"https:\/\/vulkan-russiaigrai.com\/#organization\",\"name\":\"Vulkan\",\"url\":\"https:\/\/vulkan-russiaigrai.com\/\",\"logo\":{\"@type\":\"ImageObject\",\"inLanguage\":\"es-ES\",\"@id\":\"https:\/\/vulkan-russiaigrai.com\/#\/schema\/logo\/image\/\",\"url\":\"https:\/\/vulkan-russiaigrai.com\/wp-content\/uploads\/cropped-wulkan-e1718727462590.png\",\"contentUrl\":\"https:\/\/vulkan-russiaigrai.com\/wp-content\/uploads\/cropped-wulkan-e1718727462590.png\",\"width\":80,\"height\":40,\"caption\":\"Vulkan\"},\"image\":{\"@id\":\"https:\/\/vulkan-russiaigrai.com\/#\/schema\/logo\/image\/\"}}]}<\/script>\n<!-- \/ Yoast SEO plugin. -->","yoast_head_json":{"title":"\u0421\u043b\u043e\u0442\u044b \u0432 \u043e\u043d\u043b\u0430\u0439\u043d \u043a\u0430\u0437\u0438\u043d\u043e \u0412\u0443\u043b\u043a\u0430\u043d","description":"Tragamonedas en el Casino Online Vulkan. Juega en m\u00e1quinas tragamonedas por dinero real. Juega y gana.","robots":{"index":"index","follow":"follow","max-snippet":"max-snippet:-1","max-image-preview":"max-image-preview:large","max-video-preview":"max-video-preview:-1"},"canonical":"https:\/\/vulkan-russiaigrai.com\/es\/slots-at-vulkan-casino\/","og_locale":"es_ES","og_type":"article","og_title":"\u0421\u043b\u043e\u0442\u044b \u0432 \u043e\u043d\u043b\u0430\u0439\u043d \u043a\u0430\u0437\u0438\u043d\u043e \u0412\u0443\u043b\u043a\u0430\u043d","og_description":"\u0421\u043b\u043e\u0442\u044b \u0432 \u043e\u043d\u043b\u0430\u0439\u043d \u043a\u0430\u0437\u0438\u043d\u043e \u0412\u0443\u043b\u043a\u0430\u043d. \u0418\u0433\u0440\u0430\u0442\u044c \u0432 \u0438\u0433\u0440\u043e\u0432\u044b\u0435 \u0430\u0432\u0442\u043e\u043c\u0430\u0442\u044b \u043d\u0430 \u0440\u0435\u0430\u043b\u044c\u043d\u044b\u0435 \u0434\u0435\u043d\u044c\u0433\u0438. \u0418\u0433\u0440\u0430\u0442\u044c \u0438 \u043f\u043e\u0431\u0435\u0436\u0434\u0430\u0442\u044c","og_url":"https:\/\/vulkan-russiaigrai.com\/es\/slots-at-vulkan-casino\/","og_site_name":"Vulkan","article_modified_time":"2024-06-20T21:19:12+00:00","twitter_card":"summary_large_image","twitter_misc":{"Tiempo de lectura":"13 minutos"},"schema":{"@context":"https:\/\/schema.org","@graph":[{"@type":"WebPage","@id":"https:\/\/vulkan-russiaigrai.com\/slots-at-vulkan-casino\/","url":"https:\/\/vulkan-russiaigrai.com\/slots-at-vulkan-casino\/","name":"\u0421\u043b\u043e\u0442\u044b \u0432 \u043e\u043d\u043b\u0430\u0439\u043d \u043a\u0430\u0437\u0438\u043d\u043e \u0412\u0443\u043b\u043a\u0430\u043d","isPartOf":{"@id":"https:\/\/vulkan-russiaigrai.com\/#website"},"datePublished":"2024-06-17T12:48:11+00:00","dateModified":"2024-06-20T21:19:12+00:00","description":"\u0421\u043b\u043e\u0442\u044b \u0432 \u043e\u043d\u043b\u0430\u0439\u043d \u043a\u0430\u0437\u0438\u043d\u043e \u0412\u0443\u043b\u043a\u0430\u043d. \u0418\u0433\u0440\u0430\u0442\u044c \u0432 \u0438\u0433\u0440\u043e\u0432\u044b\u0435 \u0430\u0432\u0442\u043e\u043c\u0430\u0442\u044b \u043d\u0430 \u0440\u0435\u0430\u043b\u044c\u043d\u044b\u0435 \u0434\u0435\u043d\u044c\u0433\u0438. \u0418\u0433\u0440\u0430\u0442\u044c \u0438 \u043f\u043e\u0431\u0435\u0436\u0434\u0430\u0442\u044c","breadcrumb":{"@id":"https:\/\/vulkan-russiaigrai.com\/slots-at-vulkan-casino\/#breadcrumb"},"inLanguage":"es-ES","potentialAction":[{"@type":"ReadAction","target":["https:\/\/vulkan-russiaigrai.com\/slots-at-vulkan-casino\/"]}]},{"@type":"BreadcrumbList","@id":"https:\/\/vulkan-russiaigrai.com\/slots-at-vulkan-casino\/#breadcrumb","itemListElement":[{"@type":"ListItem","position":1,"name":"\u0413\u043b\u0430\u0432\u043d\u0430\u044f \u0441\u0442\u0440\u0430\u043d\u0438\u0446\u0430","item":"https:\/\/vulkan-russiaigrai.com\/"},{"@type":"ListItem","position":2,"name":"\u0421\u043b\u043e\u0442\u044b \u0432 \u043a\u0430\u0437\u0438\u043d\u043e \u0412\u0443\u043b\u043a\u0430\u043d"}]},{"@type":"WebSite","@id":"https:\/\/vulkan-russiaigrai.com\/#website","url":"https:\/\/vulkan-russiaigrai.com\/","name":"Vulkan","description":"","publisher":{"@id":"https:\/\/vulkan-russiaigrai.com\/#organization"},"potentialAction":[{"@type":"SearchAction","target":{"@type":"EntryPoint","urlTemplate":"https:\/\/vulkan-russiaigrai.com\/?s={search_term_string}"},"query-input":{"@type":"PropertyValueSpecification","valueRequired":true,"valueName":"search_term_string"}}],"inLanguage":"es-ES"},{"@type":"Organization","@id":"https:\/\/vulkan-russiaigrai.com\/#organization","name":"Vulkan","url":"https:\/\/vulkan-russiaigrai.com\/","logo":{"@type":"ImageObject","inLanguage":"es-ES","@id":"https:\/\/vulkan-russiaigrai.com\/#\/schema\/logo\/image\/","url":"https:\/\/vulkan-russiaigrai.com\/wp-content\/uploads\/cropped-wulkan-e1718727462590.png","contentUrl":"https:\/\/vulkan-russiaigrai.com\/wp-content\/uploads\/cropped-wulkan-e1718727462590.png","width":80,"height":40,"caption":"Vulkan"},"image":{"@id":"https:\/\/vulkan-russiaigrai.com\/#\/schema\/logo\/image\/"}}]}},"_links":{"self":[{"href":"https:\/\/vulkan-russiaigrai.com\/es\/wp-json\/wp\/v2\/pages\/18","targetHints":{"allow":["GET"]}}],"collection":[{"href":"https:\/\/vulkan-russiaigrai.com\/es\/wp-json\/wp\/v2\/pages"}],"about":[{"href":"https:\/\/vulkan-russiaigrai.com\/es\/wp-json\/wp\/v2\/types\/page"}],"author":[{"embeddable":true,"href":"https:\/\/vulkan-russiaigrai.com\/es\/wp-json\/wp\/v2\/users\/1"}],"replies":[{"embeddable":true,"href":"https:\/\/vulkan-russiaigrai.com\/es\/wp-json\/wp\/v2\/comments?post=18"}],"version-history":[{"count":18,"href":"https:\/\/vulkan-russiaigrai.com\/es\/wp-json\/wp\/v2\/pages\/18\/revisions"}],"predecessor-version":[{"id":105,"href":"https:\/\/vulkan-russiaigrai.com\/es\/wp-json\/wp\/v2\/pages\/18\/revisions\/105"}],"wp:attachment":[{"href":"https:\/\/vulkan-russiaigrai.com\/es\/wp-json\/wp\/v2\/media?parent=18"}],"curies":[{"name":"wp","href":"https:\/\/api.w.org\/{rel}","templated":true}]}}