{"id":7,"date":"2024-06-17T15:09:28","date_gmt":"2024-06-17T12:09:28","guid":{"rendered":"https:\/\/vulkan-russiaigrai.com\/?page_id=7"},"modified":"2024-06-18T20:50:36","modified_gmt":"2024-06-18T17:50:36","slug":"playing-at-vulkan-casino","status":"publish","type":"page","link":"https:\/\/vulkan-russiaigrai.com\/es\/","title":{"rendered":"Jugando en el Casino Vulkan"},"content":{"rendered":"<h2><b>\u00bfPor qu\u00e9 elegir Vulkan?<\/b><\/h2>\n<ol>\n<li><b>Amplia Gama de Juegos<\/b><span style=\"font-weight: 400;\"> En nuestro casino, encontrar\u00e1s una vasta selecci\u00f3n de m\u00e1quinas tragamonedas, juegos de mesa y juegos de casino en vivo con crupieres reales. Ofrecemos tragamonedas cl\u00e1sicas, video p\u00f3ker, ruleta, blackjack, bacar\u00e1 y muchos otros juegos. \u00bfQuieres sentir el esp\u00edritu de Las Vegas sin salir de casa? Nuestros juegos en vivo con crupieres profesionales te transportar\u00e1n a la atm\u00f3sfera de un casino real.<\/span><\/li>\n<li><b>Justicia y Seguridad<\/b><span style=\"font-weight: 400;\"> Valoramos tu confianza y garantizamos condiciones de juego transparentes. Todos los resultados de los juegos se generan de manera aleatoria utilizando generadores de n\u00fameros aleatorios certificados. Tus datos est\u00e1n protegidos de forma segura gracias a las modernas tecnolog\u00edas de encriptaci\u00f3n y protocolos de seguridad. En Vulkan, puedes estar seguro de que est\u00e1s jugando de manera justa y segura.<\/span><\/li>\n<li><b>Bonos y Promociones<\/b><span style=\"font-weight: 400;\"> En Vulkan, siempre hay algo para deleitar a nuestros jugadores. \u00a1Los reci\u00e9n llegados son recibidos con generosos bonos de bienvenida para que sus primeros pasos en el mundo de los juegos de azar sean a\u00fan m\u00e1s emocionantes! Promociones regulares, giros gratis, reembolsos y ofertas exclusivas para jugadores habituales: tu pasi\u00f3n ser\u00e1 bien recompensada con nosotros. Participa en torneos y loter\u00edas para recibir premios y bonos adicionales.<\/span><\/li>\n<li><b>Comodidad y Accesibilidad<\/b><span style=\"font-weight: 400;\"> Nuestro sitio web est\u00e1 dise\u00f1ado teniendo en cuenta todas las necesidades de los jugadores. Una interfaz f\u00e1cil de usar, registro r\u00e1pido, dep\u00f3sitos y retiros instant\u00e1neos hacen que el juego sea lo m\u00e1s c\u00f3modo y agradable posible. Apoyamos muchos sistemas de pago para que puedas elegir el m\u00e9todo m\u00e1s conveniente para depositar y retirar tus ganancias. Juega en cualquier momento y en cualquier lugar: nuestro sitio web est\u00e1 optimizado para dispositivos m\u00f3viles y tabletas.<\/span><\/li>\n<li><b>Soporte 24\/7<\/b><span style=\"font-weight: 400;\"> \u00bfTienes preguntas o problemas? Nuestro equipo de soporte est\u00e1 listo para ayudarte en cualquier momento, d\u00eda o noche. Los operadores profesionales resolver\u00e1n r\u00e1pidamente cualquier problema y proporcionar\u00e1n la informaci\u00f3n necesaria. Puedes contactarnos por tel\u00e9fono, correo electr\u00f3nico o a trav\u00e9s del chat en l\u00ednea. Hacemos todo lo posible para que tu juego sea c\u00f3modo y sin preocupaciones.<\/span><\/li>\n<\/ol>\n<h2><b>\u00a1\u00danete a Vulkan y Comienza a Ganar!<\/b><\/h2>\n<p><span style=\"font-weight: 400;\">No pierdas la oportunidad de convertirte en parte del casino en l\u00ednea m\u00e1s popular. \u00a1Reg\u00edstrate ahora y recibe tu primer bono! Vulkan es un lugar donde todos pueden encontrar su suerte y experimentar emociones inolvidables. Nuestros programas de lealtad y club VIP ofrecen privilegios adicionales para nuestros jugadores m\u00e1s dedicados.<\/span><\/p>\n<h3><b>Historia y Reputaci\u00f3n<\/b><\/h3>\n<p><span style=\"font-weight: 400;\">El Casino Vulkan tiene una larga historia y una merecida reputaci\u00f3n entre los jugadores de todo el mundo. Nos esforzamos por mantener altos est\u00e1ndares de servicio y mejorar continuamente nuestras ofertas. Miles de clientes satisfechos eligen Vulkan por su confiabilidad, generosidad y atm\u00f3sfera \u00fanica.<\/span><\/p>\n<h3><b>Juego Responsable<\/b><\/h3>\n<p><span style=\"font-weight: 400;\">Apoyamos el concepto de juego responsable y nos preocupamos por el bienestar de nuestros jugadores. En Vulkan, encontrar\u00e1s herramientas para gestionar tu tiempo y gastos, as\u00ed como informaci\u00f3n sobre c\u00f3mo evitar la adicci\u00f3n al juego. Siempre estamos listos para brindar apoyo y ayuda a quienes lo necesiten.<\/span><\/p>\n<h3><b>Comienza tu Aventura Hoy. \u00a1Vulkan te Espera!<\/b><\/h3>\n<p><span style=\"font-weight: 400;\">Vulkan no es solo un casino; es todo un mundo de emoci\u00f3n y entretenimiento donde todos pueden encontrar algo para s\u00ed mismos. Convi\u00e9rtete en parte de nuestra amigable y apasionada familia. El registro toma solo unos minutos, y hoy puedes sumergirte en un mundo de emociones inolvidables y grandes ganancias.<\/span><\/p>\n<p><span style=\"font-weight: 400;\">\u00a1\u00danete a nosotros y descubre por qu\u00e9 millones de jugadores eligen Vulkan!<\/span><\/p>\n","protected":false},"excerpt":{"rendered":"<p>\u00bfPor qu\u00e9 elegir Vulkan? Amplia Gama de Juegos En nuestro casino, encontrar\u00e1s una vasta selecci\u00f3n de m\u00e1quinas tragamonedas, juegos de mesa y juegos de casino en vivo con crupieres reales. Ofrecemos tragamonedas cl\u00e1sicas, video p\u00f3ker, ruleta, blackjack, bacar\u00e1 y muchos otros juegos. \u00bfQuieres sentir el esp\u00edritu de Las Vegas sin salir de casa? Nuestros juegos [&hellip;]<\/p>\n","protected":false},"author":1,"featured_media":0,"parent":0,"menu_order":0,"comment_status":"closed","ping_status":"closed","template":"full-width-template.php","meta":{"footnotes":""},"class_list":["post-7","page","type-page","status-publish","hentry"],"yoast_head":"<!-- This site is optimized with the Yoast SEO plugin v27.2 - https:\/\/yoast.com\/product\/yoast-seo-wordpress\/ -->\n<title>\u0418\u0433\u0440\u0430\u0442\u044c \u0432 \u043a\u0430\u0437\u0438\u043d\u043e \u0412\u0443\u043b\u043a\u0430\u043d \u043d\u0430 \u0440\u0435\u0430\u043b\u044c\u043d\u044b\u0435 \u0434\u0435\u043d\u044c\u0433\u0438<\/title>\n<meta name=\"description\" content=\"Juega y gana en Vulkan Casino. Tragamonedas, ruleta, p\u00f3ker, juegos crash en el casino online Vulkan. Haz un dep\u00f3sito y recibe un bono de bienvenida.\" \/>\n<meta name=\"robots\" content=\"index, follow, max-snippet:-1, max-image-preview:large, max-video-preview:-1\" \/>\n<link rel=\"canonical\" href=\"https:\/\/vulkan-russiaigrai.com\/es\/\" \/>\n<meta property=\"og:locale\" content=\"es_ES\" \/>\n<meta property=\"og:locale:alternate\" content=\"ru_RU\" \/>\n<meta property=\"og:locale:alternate\" content=\"en_US\" \/>\n<meta property=\"og:locale:alternate\" content=\"pt_PT\" \/>\n<meta property=\"og:locale:alternate\" content=\"fr_FR\" \/>\n<meta property=\"og:locale:alternate\" content=\"ro_RO\" \/>\n<meta property=\"og:locale:alternate\" content=\"sr_RS\" \/>\n<meta property=\"og:locale:alternate\" content=\"bg_BG\" \/>\n<meta property=\"og:locale:alternate\" content=\"it_IT\" \/>\n<meta property=\"og:type\" content=\"article\" \/>\n<meta property=\"og:title\" content=\"\u0418\u0433\u0440\u0430\u0442\u044c \u0432 \u043a\u0430\u0437\u0438\u043d\u043e \u0412\u0443\u043b\u043a\u0430\u043d \u043d\u0430 \u0440\u0435\u0430\u043b\u044c\u043d\u044b\u0435 \u0434\u0435\u043d\u044c\u0433\u0438\" \/>\n<meta property=\"og:description\" content=\"\u0418\u0433\u0440\u0430\u0442\u044c \u0438 \u043f\u043e\u0431\u0435\u0436\u0434\u0430\u0442\u044c \u0432 \u043a\u0430\u0437\u0438\u043d\u043e \u0412\u0443\u043b\u043a\u0430\u043d. \u0421\u043b\u043e\u0442\u044b, \u0440\u0443\u043b\u0435\u0442\u043a\u0438, \u043f\u043e\u043a\u0435\u0440, \u043a\u0440\u0430\u0448 \u0438\u0433\u0440\u044b \u0432 \u043e\u043d\u043b\u0430\u0439\u043d \u043a\u0430\u0437\u0438\u043d\u043e \u0412\u0443\u043b\u043a\u0430\u043d. \u0412\u043d\u0435\u0441\u0442\u0438 \u0434\u0435\u043f\u043e\u0437\u0438\u0442 \u0438 \u043f\u043e\u043b\u0443\u0447\u0438\u0442\u044c \u043f\u0440\u0438\u0432\u0435\u0442\u0441\u0442\u0432\u0435\u043d\u043d\u044b\u0439 \u0431\u043e\u043d\u0443\u0441\" \/>\n<meta property=\"og:url\" content=\"https:\/\/vulkan-russiaigrai.com\/es\/\" \/>\n<meta property=\"og:site_name\" content=\"Vulkan\" \/>\n<meta property=\"article:modified_time\" content=\"2024-06-18T17:50:36+00:00\" \/>\n<meta name=\"twitter:card\" content=\"summary_large_image\" \/>\n<meta name=\"twitter:label1\" content=\"Tiempo de lectura\" \/>\n\t<meta name=\"twitter:data1\" content=\"18 minutos\" \/>\n<script type=\"application\/ld+json\" class=\"yoast-schema-graph\">{\"@context\":\"https:\/\/schema.org\",\"@graph\":[{\"@type\":\"WebPage\",\"@id\":\"https:\/\/vulkan-russiaigrai.com\/\",\"url\":\"https:\/\/vulkan-russiaigrai.com\/\",\"name\":\"\u0418\u0433\u0440\u0430\u0442\u044c \u0432 \u043a\u0430\u0437\u0438\u043d\u043e \u0412\u0443\u043b\u043a\u0430\u043d \u043d\u0430 \u0440\u0435\u0430\u043b\u044c\u043d\u044b\u0435 \u0434\u0435\u043d\u044c\u0433\u0438\",\"isPartOf\":{\"@id\":\"https:\/\/vulkan-russiaigrai.com\/#website\"},\"datePublished\":\"2024-06-17T12:09:28+00:00\",\"dateModified\":\"2024-06-18T17:50:36+00:00\",\"description\":\"\u0418\u0433\u0440\u0430\u0442\u044c \u0438 \u043f\u043e\u0431\u0435\u0436\u0434\u0430\u0442\u044c \u0432 \u043a\u0430\u0437\u0438\u043d\u043e \u0412\u0443\u043b\u043a\u0430\u043d. \u0421\u043b\u043e\u0442\u044b, \u0440\u0443\u043b\u0435\u0442\u043a\u0438, \u043f\u043e\u043a\u0435\u0440, \u043a\u0440\u0430\u0448 \u0438\u0433\u0440\u044b \u0432 \u043e\u043d\u043b\u0430\u0439\u043d \u043a\u0430\u0437\u0438\u043d\u043e \u0412\u0443\u043b\u043a\u0430\u043d. \u0412\u043d\u0435\u0441\u0442\u0438 \u0434\u0435\u043f\u043e\u0437\u0438\u0442 \u0438 \u043f\u043e\u043b\u0443\u0447\u0438\u0442\u044c \u043f\u0440\u0438\u0432\u0435\u0442\u0441\u0442\u0432\u0435\u043d\u043d\u044b\u0439 \u0431\u043e\u043d\u0443\u0441\",\"breadcrumb\":{\"@id\":\"https:\/\/vulkan-russiaigrai.com\/#breadcrumb\"},\"inLanguage\":\"es-ES\",\"potentialAction\":[{\"@type\":\"ReadAction\",\"target\":[\"https:\/\/vulkan-russiaigrai.com\/\"]}]},{\"@type\":\"BreadcrumbList\",\"@id\":\"https:\/\/vulkan-russiaigrai.com\/#breadcrumb\",\"itemListElement\":[{\"@type\":\"ListItem\",\"position\":1,\"name\":\"\u0413\u043b\u0430\u0432\u043d\u0430\u044f \u0441\u0442\u0440\u0430\u043d\u0438\u0446\u0430\",\"item\":\"https:\/\/vulkan-russiaigrai.com\/\"},{\"@type\":\"ListItem\",\"position\":2,\"name\":\"\u0418\u0433\u0440\u0430\u0442\u044c \u0432 \u043a\u0430\u0437\u0438\u043d\u043e \u0412\u0443\u043b\u043a\u0430\u043d\"}]},{\"@type\":\"WebSite\",\"@id\":\"https:\/\/vulkan-russiaigrai.com\/#website\",\"url\":\"https:\/\/vulkan-russiaigrai.com\/\",\"name\":\"Vulkan\",\"description\":\"\",\"publisher\":{\"@id\":\"https:\/\/vulkan-russiaigrai.com\/#organization\"},\"potentialAction\":[{\"@type\":\"SearchAction\",\"target\":{\"@type\":\"EntryPoint\",\"urlTemplate\":\"https:\/\/vulkan-russiaigrai.com\/?s={search_term_string}\"},\"query-input\":{\"@type\":\"PropertyValueSpecification\",\"valueRequired\":true,\"valueName\":\"search_term_string\"}}],\"inLanguage\":\"es-ES\"},{\"@type\":\"Organization\",\"@id\":\"https:\/\/vulkan-russiaigrai.com\/#organization\",\"name\":\"Vulkan\",\"url\":\"https:\/\/vulkan-russiaigrai.com\/\",\"logo\":{\"@type\":\"ImageObject\",\"inLanguage\":\"es-ES\",\"@id\":\"https:\/\/vulkan-russiaigrai.com\/#\/schema\/logo\/image\/\",\"url\":\"https:\/\/vulkan-russiaigrai.com\/wp-content\/uploads\/cropped-wulkan-e1718727462590.png\",\"contentUrl\":\"https:\/\/vulkan-russiaigrai.com\/wp-content\/uploads\/cropped-wulkan-e1718727462590.png\",\"width\":80,\"height\":40,\"caption\":\"Vulkan\"},\"image\":{\"@id\":\"https:\/\/vulkan-russiaigrai.com\/#\/schema\/logo\/image\/\"}}]}<\/script>\n<!-- \/ Yoast SEO plugin. -->","yoast_head_json":{"title":"\u0418\u0433\u0440\u0430\u0442\u044c \u0432 \u043a\u0430\u0437\u0438\u043d\u043e \u0412\u0443\u043b\u043a\u0430\u043d \u043d\u0430 \u0440\u0435\u0430\u043b\u044c\u043d\u044b\u0435 \u0434\u0435\u043d\u044c\u0433\u0438","description":"Juega y gana en Vulkan Casino. Tragamonedas, ruleta, p\u00f3ker, juegos crash en el casino online Vulkan. Haz un dep\u00f3sito y recibe un bono de bienvenida.","robots":{"index":"index","follow":"follow","max-snippet":"max-snippet:-1","max-image-preview":"max-image-preview:large","max-video-preview":"max-video-preview:-1"},"canonical":"https:\/\/vulkan-russiaigrai.com\/es\/","og_locale":"es_ES","og_type":"article","og_title":"\u0418\u0433\u0440\u0430\u0442\u044c \u0432 \u043a\u0430\u0437\u0438\u043d\u043e \u0412\u0443\u043b\u043a\u0430\u043d \u043d\u0430 \u0440\u0435\u0430\u043b\u044c\u043d\u044b\u0435 \u0434\u0435\u043d\u044c\u0433\u0438","og_description":"\u0418\u0433\u0440\u0430\u0442\u044c \u0438 \u043f\u043e\u0431\u0435\u0436\u0434\u0430\u0442\u044c \u0432 \u043a\u0430\u0437\u0438\u043d\u043e \u0412\u0443\u043b\u043a\u0430\u043d. \u0421\u043b\u043e\u0442\u044b, \u0440\u0443\u043b\u0435\u0442\u043a\u0438, \u043f\u043e\u043a\u0435\u0440, \u043a\u0440\u0430\u0448 \u0438\u0433\u0440\u044b \u0432 \u043e\u043d\u043b\u0430\u0439\u043d \u043a\u0430\u0437\u0438\u043d\u043e \u0412\u0443\u043b\u043a\u0430\u043d. \u0412\u043d\u0435\u0441\u0442\u0438 \u0434\u0435\u043f\u043e\u0437\u0438\u0442 \u0438 \u043f\u043e\u043b\u0443\u0447\u0438\u0442\u044c \u043f\u0440\u0438\u0432\u0435\u0442\u0441\u0442\u0432\u0435\u043d\u043d\u044b\u0439 \u0431\u043e\u043d\u0443\u0441","og_url":"https:\/\/vulkan-russiaigrai.com\/es\/","og_site_name":"Vulkan","article_modified_time":"2024-06-18T17:50:36+00:00","twitter_card":"summary_large_image","twitter_misc":{"Tiempo de lectura":"18 minutos"},"schema":{"@context":"https:\/\/schema.org","@graph":[{"@type":"WebPage","@id":"https:\/\/vulkan-russiaigrai.com\/","url":"https:\/\/vulkan-russiaigrai.com\/","name":"\u0418\u0433\u0440\u0430\u0442\u044c \u0432 \u043a\u0430\u0437\u0438\u043d\u043e \u0412\u0443\u043b\u043a\u0430\u043d \u043d\u0430 \u0440\u0435\u0430\u043b\u044c\u043d\u044b\u0435 \u0434\u0435\u043d\u044c\u0433\u0438","isPartOf":{"@id":"https:\/\/vulkan-russiaigrai.com\/#website"},"datePublished":"2024-06-17T12:09:28+00:00","dateModified":"2024-06-18T17:50:36+00:00","description":"\u0418\u0433\u0440\u0430\u0442\u044c \u0438 \u043f\u043e\u0431\u0435\u0436\u0434\u0430\u0442\u044c \u0432 \u043a\u0430\u0437\u0438\u043d\u043e \u0412\u0443\u043b\u043a\u0430\u043d. \u0421\u043b\u043e\u0442\u044b, \u0440\u0443\u043b\u0435\u0442\u043a\u0438, \u043f\u043e\u043a\u0435\u0440, \u043a\u0440\u0430\u0448 \u0438\u0433\u0440\u044b \u0432 \u043e\u043d\u043b\u0430\u0439\u043d \u043a\u0430\u0437\u0438\u043d\u043e \u0412\u0443\u043b\u043a\u0430\u043d. \u0412\u043d\u0435\u0441\u0442\u0438 \u0434\u0435\u043f\u043e\u0437\u0438\u0442 \u0438 \u043f\u043e\u043b\u0443\u0447\u0438\u0442\u044c \u043f\u0440\u0438\u0432\u0435\u0442\u0441\u0442\u0432\u0435\u043d\u043d\u044b\u0439 \u0431\u043e\u043d\u0443\u0441","breadcrumb":{"@id":"https:\/\/vulkan-russiaigrai.com\/#breadcrumb"},"inLanguage":"es-ES","potentialAction":[{"@type":"ReadAction","target":["https:\/\/vulkan-russiaigrai.com\/"]}]},{"@type":"BreadcrumbList","@id":"https:\/\/vulkan-russiaigrai.com\/#breadcrumb","itemListElement":[{"@type":"ListItem","position":1,"name":"\u0413\u043b\u0430\u0432\u043d\u0430\u044f \u0441\u0442\u0440\u0430\u043d\u0438\u0446\u0430","item":"https:\/\/vulkan-russiaigrai.com\/"},{"@type":"ListItem","position":2,"name":"\u0418\u0433\u0440\u0430\u0442\u044c \u0432 \u043a\u0430\u0437\u0438\u043d\u043e \u0412\u0443\u043b\u043a\u0430\u043d"}]},{"@type":"WebSite","@id":"https:\/\/vulkan-russiaigrai.com\/#website","url":"https:\/\/vulkan-russiaigrai.com\/","name":"Vulkan","description":"","publisher":{"@id":"https:\/\/vulkan-russiaigrai.com\/#organization"},"potentialAction":[{"@type":"SearchAction","target":{"@type":"EntryPoint","urlTemplate":"https:\/\/vulkan-russiaigrai.com\/?s={search_term_string}"},"query-input":{"@type":"PropertyValueSpecification","valueRequired":true,"valueName":"search_term_string"}}],"inLanguage":"es-ES"},{"@type":"Organization","@id":"https:\/\/vulkan-russiaigrai.com\/#organization","name":"Vulkan","url":"https:\/\/vulkan-russiaigrai.com\/","logo":{"@type":"ImageObject","inLanguage":"es-ES","@id":"https:\/\/vulkan-russiaigrai.com\/#\/schema\/logo\/image\/","url":"https:\/\/vulkan-russiaigrai.com\/wp-content\/uploads\/cropped-wulkan-e1718727462590.png","contentUrl":"https:\/\/vulkan-russiaigrai.com\/wp-content\/uploads\/cropped-wulkan-e1718727462590.png","width":80,"height":40,"caption":"Vulkan"},"image":{"@id":"https:\/\/vulkan-russiaigrai.com\/#\/schema\/logo\/image\/"}}]}},"_links":{"self":[{"href":"https:\/\/vulkan-russiaigrai.com\/es\/wp-json\/wp\/v2\/pages\/7","targetHints":{"allow":["GET"]}}],"collection":[{"href":"https:\/\/vulkan-russiaigrai.com\/es\/wp-json\/wp\/v2\/pages"}],"about":[{"href":"https:\/\/vulkan-russiaigrai.com\/es\/wp-json\/wp\/v2\/types\/page"}],"author":[{"embeddable":true,"href":"https:\/\/vulkan-russiaigrai.com\/es\/wp-json\/wp\/v2\/users\/1"}],"replies":[{"embeddable":true,"href":"https:\/\/vulkan-russiaigrai.com\/es\/wp-json\/wp\/v2\/comments?post=7"}],"version-history":[{"count":18,"href":"https:\/\/vulkan-russiaigrai.com\/es\/wp-json\/wp\/v2\/pages\/7\/revisions"}],"predecessor-version":[{"id":102,"href":"https:\/\/vulkan-russiaigrai.com\/es\/wp-json\/wp\/v2\/pages\/7\/revisions\/102"}],"wp:attachment":[{"href":"https:\/\/vulkan-russiaigrai.com\/es\/wp-json\/wp\/v2\/media?parent=7"}],"curies":[{"name":"wp","href":"https:\/\/api.w.org\/{rel}","templated":true}]}}