{"id":16,"date":"2024-06-17T15:26:25","date_gmt":"2024-06-17T12:26:25","guid":{"rendered":"https:\/\/vulkan-russiaigrai.com\/?page_id=16"},"modified":"2024-06-21T00:19:07","modified_gmt":"2024-06-20T21:19:07","slug":"registration-and-making-the-first-deposit-at-vulkan-casino","status":"publish","type":"page","link":"https:\/\/vulkan-russiaigrai.com\/fr\/registration-and-making-the-first-deposit-at-vulkan-casino\/","title":{"rendered":"Inscription et Premier D\u00e9p\u00f4t au Casino Vulkan"},"content":{"rendered":"<p><span style=\"font-weight: 400;\">Bienvenue au Casino Vulkan ! Nous sommes ravis d&rsquo;accueillir de nouveaux joueurs et sommes pr\u00eats \u00e0 vous aider \u00e0 commencer votre aventure excitante dans le monde du jeu rapidement et facilement. Dans ce guide, nous expliquerons le processus d&rsquo;inscription, comment effectuer votre premier d\u00e9p\u00f4t, ainsi que les m\u00e9thodes disponibles pour l&rsquo;inscription et le financement du compte.<\/span><\/p>\n<h2><b>Comment s&rsquo;inscrire au Casino Vulkan ?<\/b><\/h2>\n<p><span style=\"font-weight: 400;\">L&rsquo;inscription au Casino Vulkan est un processus simple et rapide qui ne prendra que quelques minutes. Suivez ces \u00e9tapes pour cr\u00e9er un compte :<\/span><\/p>\n<ol>\n<li style=\"font-weight: 400;\" aria-level=\"1\"><b>Visitez le site web du Casino Vulkan<\/b><span style=\"font-weight: 400;\"> : Ouvrez notre site officiel \u00e0 l&rsquo;aide d&rsquo;un navigateur sur votre ordinateur ou appareil mobile.<\/span><\/li>\n<li style=\"font-weight: 400;\" aria-level=\"1\"><b>Trouvez le bouton \u00ab\u00a0Inscription\u00a0\u00bb<\/b><span style=\"font-weight: 400;\"> : Il se trouve g\u00e9n\u00e9ralement dans le coin sup\u00e9rieur droit de la page principale.<\/span><\/li>\n<li style=\"font-weight: 400;\" aria-level=\"1\"><b>Remplissez le formulaire d&rsquo;inscription<\/b><span style=\"font-weight: 400;\"> : Vous devrez fournir des informations de base telles que votre nom, adresse e-mail, num\u00e9ro de t\u00e9l\u00e9phone et cr\u00e9er un mot de passe. Assurez-vous que les informations que vous fournissez sont pr\u00e9cises et \u00e0 jour.<\/span><\/li>\n<li style=\"font-weight: 400;\" aria-level=\"1\"><b>Confirmez votre inscription<\/b><span style=\"font-weight: 400;\"> : Lisez et acceptez les termes et conditions du casino, puis cliquez sur le bouton \u00ab\u00a0S&rsquo;inscrire\u00a0\u00bb. Un e-mail de confirmation sera envoy\u00e9 \u00e0 votre adresse e-mail.<\/span><\/li>\n<li style=\"font-weight: 400;\" aria-level=\"1\"><b>Activez votre compte<\/b><span style=\"font-weight: 400;\"> : Ouvrez l&rsquo;e-mail et suivez les instructions pour activer votre compte. G\u00e9n\u00e9ralement, il vous suffit de cliquer sur le lien fourni dans l&rsquo;e-mail.<\/span><\/li>\n<\/ol>\n<h2><b>M\u00e9thodes d&rsquo;inscription<\/b><\/h2>\n<p><span style=\"font-weight: 400;\">Le Casino Vulkan propose plusieurs m\u00e9thodes d&rsquo;inscription :<\/span><\/p>\n<ul>\n<li style=\"font-weight: 400;\" aria-level=\"1\"><b>Inscription par e-mail<\/b><span style=\"font-weight: 400;\"> : C&rsquo;est la m\u00e9thode la plus standard et populaire. Entrez votre e-mail et d&rsquo;autres d\u00e9tails dans le formulaire d&rsquo;inscription.<\/span><\/li>\n<li style=\"font-weight: 400;\" aria-level=\"1\"><b>Inscription par num\u00e9ro de t\u00e9l\u00e9phone<\/b><span style=\"font-weight: 400;\"> : Vous pouvez vous inscrire en fournissant votre num\u00e9ro de t\u00e9l\u00e9phone. Un SMS avec un code de confirmation vous sera envoy\u00e9.<\/span><\/li>\n<li style=\"font-weight: 400;\" aria-level=\"1\"><b>Inscription via les r\u00e9seaux sociaux<\/b><span style=\"font-weight: 400;\"> : Pratique pour ceux qui pr\u00e9f\u00e8rent ne pas perdre de temps \u00e0 remplir un formulaire. Choisissez simplement votre r\u00e9seau social (par exemple, Facebook ou Google) et connectez-vous via celui-ci.<\/span><\/li>\n<\/ul>\n<h2><b>Comment effectuer votre premier d\u00e9p\u00f4t ?<\/b><\/h2>\n<p><span style=\"font-weight: 400;\">Apr\u00e8s une inscription r\u00e9ussie, vous devez approvisionner votre compte pour commencer \u00e0 jouer avec de l&rsquo;argent r\u00e9el. Le Casino Vulkan propose plusieurs m\u00e9thodes de d\u00e9p\u00f4t :<\/span><\/p>\n<ol>\n<li style=\"font-weight: 400;\" aria-level=\"1\"><b>Cartes bancaires<\/b><span style=\"font-weight: 400;\"> : Visa, MasterCard. C&rsquo;est l&rsquo;une des m\u00e9thodes les plus populaires et pratiques. Les fonds sont cr\u00e9dit\u00e9s sur votre compte instantan\u00e9ment.<\/span><\/li>\n<li style=\"font-weight: 400;\" aria-level=\"1\"><b>Portefeuilles \u00e9lectroniques<\/b><span style=\"font-weight: 400;\"> : WebMoney, Qiwi, Yandex.Money, et autres. Une mani\u00e8re rapide et s\u00e9curis\u00e9e d&rsquo;approvisionner des fonds.<\/span><\/li>\n<li style=\"font-weight: 400;\" aria-level=\"1\"><b>Cryptomonnaie<\/b><span style=\"font-weight: 400;\"> : Bitcoin, Ethereum, et autres. Si vous pr\u00e9f\u00e9rez utiliser des cryptomonnaies, c&rsquo;est \u00e9galement une option disponible.<\/span><\/li>\n<li style=\"font-weight: 400;\" aria-level=\"1\"><b>Paiements mobiles<\/b><span style=\"font-weight: 400;\"> : D\u00e9p\u00f4t via les op\u00e9rateurs mobiles. Pratique pour ceux qui utilisent fr\u00e9quemment Internet mobile.<\/span><\/li>\n<\/ol>\n<h2><b>Instructions pour effectuer un d\u00e9p\u00f4t<\/b><\/h2>\n<ol>\n<li style=\"font-weight: 400;\" aria-level=\"1\"><b>Connectez-vous \u00e0 votre compte<\/b><span style=\"font-weight: 400;\"> : Utilisez le login et le mot de passe que vous avez fournis lors de l&rsquo;inscription.<\/span><\/li>\n<li style=\"font-weight: 400;\" aria-level=\"1\"><b>Acc\u00e9dez \u00e0 la section \u00ab\u00a0Caisse\u00a0\u00bb<\/b><span style=\"font-weight: 400;\"> : G\u00e9n\u00e9ralement situ\u00e9e dans le menu principal du site web.<\/span><\/li>\n<li style=\"font-weight: 400;\" aria-level=\"1\"><b>S\u00e9lectionnez \u00ab\u00a0D\u00e9p\u00f4t\u00a0\u00bb<\/b><span style=\"font-weight: 400;\"> : Une liste des m\u00e9thodes de d\u00e9p\u00f4t disponibles s&rsquo;affichera.<\/span><\/li>\n<li style=\"font-weight: 400;\" aria-level=\"1\"><b>Choisissez votre m\u00e9thode pr\u00e9f\u00e9r\u00e9e<\/b><span style=\"font-weight: 400;\"> : Cliquez sur la m\u00e9thode choisie et suivez les instructions.<\/span><\/li>\n<li style=\"font-weight: 400;\" aria-level=\"1\"><b>Indiquez le montant du d\u00e9p\u00f4t<\/b><span style=\"font-weight: 400;\"> : Sp\u00e9cifiez le montant que vous souhaitez d\u00e9poser sur votre compte.<\/span><\/li>\n<li style=\"font-weight: 400;\" aria-level=\"1\"><b>Confirmez le paiement<\/b><span style=\"font-weight: 400;\"> : Suivez les instructions du syst\u00e8me pour finaliser la transaction.<\/span><\/li>\n<\/ol>\n<h2><b>Avantages du premier d\u00e9p\u00f4t<\/b><\/h2>\n<ul>\n<li style=\"font-weight: 400;\" aria-level=\"1\"><b>Bonus de bienvenue<\/b><span style=\"font-weight: 400;\"> : Effectuez votre premier d\u00e9p\u00f4t et recevez un bonus g\u00e9n\u00e9reux pour commencer \u00e0 jouer avec un solde augment\u00e9.<\/span><\/li>\n<li style=\"font-weight: 400;\" aria-level=\"1\"><b>Tours gratuits<\/b><span style=\"font-weight: 400;\"> : Dans le cadre du pack de bienvenue, vous pouvez obtenir des tours gratuits sur des machines \u00e0 sous populaires.<\/span><\/li>\n<li style=\"font-weight: 400;\" aria-level=\"1\"><b>Participation aux promotions<\/b><span style=\"font-weight: 400;\"> : Le premier d\u00e9p\u00f4t donne acc\u00e8s \u00e0 diverses offres promotionnelles et tournois.<\/span><\/li>\n<\/ul>\n<p><span style=\"font-weight: 400;\">Vous \u00eates maintenant pr\u00eat \u00e0 commencer votre aventure au Casino Vulkan ! Inscrivez-vous, effectuez votre premier d\u00e9p\u00f4t et profitez du jeu. Bonne chance et que vous remportiez de gros gains !<\/span><\/p>\n","protected":false},"excerpt":{"rendered":"<p>Bienvenue au Casino Vulkan ! Nous sommes ravis d&rsquo;accueillir de nouveaux joueurs et sommes pr\u00eats \u00e0 vous aider \u00e0 commencer votre aventure excitante dans le monde du jeu rapidement et facilement. Dans ce guide, nous expliquerons le processus d&rsquo;inscription, comment effectuer votre premier d\u00e9p\u00f4t, ainsi que les m\u00e9thodes disponibles pour l&rsquo;inscription et le financement du [&hellip;]<\/p>\n","protected":false},"author":1,"featured_media":0,"parent":0,"menu_order":0,"comment_status":"closed","ping_status":"closed","template":"full-width-template.php","meta":{"footnotes":""},"class_list":["post-16","page","type-page","status-publish","hentry"],"yoast_head":"<!-- This site is optimized with the Yoast SEO plugin v27.2 - https:\/\/yoast.com\/product\/yoast-seo-wordpress\/ -->\n<title>\u0420\u0435\u0433\u0438\u0441\u0442\u0440\u0430\u0446\u0438\u044f \u0438 \u0432\u043d\u0435\u0441\u0435\u043d\u0438\u0435 \u043f\u0435\u0440\u0432\u043e\u0433\u043e \u0434\u0435\u043f\u043e\u0437\u0438\u0442\u0430 \u0432 \u0412\u0443\u043b\u043a\u0430\u043d\u0435<\/title>\n<meta name=\"description\" content=\"Inscrivez-vous sur le site officiel de Vulkan Casino. Faites un d\u00e9p\u00f4t au Vulkan Casino. Connexion, inscription, faire un d\u00e9p\u00f4t.\" \/>\n<meta name=\"robots\" content=\"index, follow, max-snippet:-1, max-image-preview:large, max-video-preview:-1\" \/>\n<link rel=\"canonical\" href=\"https:\/\/vulkan-russiaigrai.com\/fr\/registration-and-making-the-first-deposit-at-vulkan-casino\/\" \/>\n<meta property=\"og:locale\" content=\"fr_FR\" \/>\n<meta property=\"og:locale:alternate\" content=\"ru_RU\" \/>\n<meta property=\"og:locale:alternate\" content=\"en_US\" \/>\n<meta property=\"og:locale:alternate\" content=\"pt_PT\" \/>\n<meta property=\"og:locale:alternate\" content=\"es_ES\" \/>\n<meta property=\"og:locale:alternate\" content=\"ro_RO\" \/>\n<meta property=\"og:locale:alternate\" content=\"sr_RS\" \/>\n<meta property=\"og:locale:alternate\" content=\"bg_BG\" \/>\n<meta property=\"og:locale:alternate\" content=\"it_IT\" \/>\n<meta property=\"og:type\" content=\"article\" \/>\n<meta property=\"og:title\" content=\"\u0420\u0435\u0433\u0438\u0441\u0442\u0440\u0430\u0446\u0438\u044f \u0438 \u0432\u043d\u0435\u0441\u0435\u043d\u0438\u0435 \u043f\u0435\u0440\u0432\u043e\u0433\u043e \u0434\u0435\u043f\u043e\u0437\u0438\u0442\u0430 \u0432 \u0412\u0443\u043b\u043a\u0430\u043d\u0435\" \/>\n<meta property=\"og:description\" content=\"\u041f\u0440\u043e\u0439\u0442\u0438 \u0440\u0435\u0433\u0438\u0441\u0442\u0440\u0430\u0446\u0438\u044e \u043d\u0430 \u043e\u0444\u0438\u0446\u0438\u0430\u043b\u044c\u043d\u043e\u043c \u0441\u0430\u0439\u0442\u0435 \u043a\u0430\u0437\u0438\u043d\u043e \u0412\u0443\u043b\u043a\u0430\u043d. \u0412\u043d\u0435\u0441\u0442\u0438 \u0434\u0435\u043f\u043e\u0437\u0438\u0442 \u0432 \u043a\u0430\u0437\u0438\u043d\u043e \u0412\u0443\u043b\u043a\u0430\u043d. \u041b\u043e\u0433\u0438\u043d, \u0440\u0435\u0433\u0438\u0441\u0442\u0440\u0430\u0446\u0438\u044f, \u0432\u043d\u0435\u0441\u0442\u0438 \u0434\u0435\u043f\u043e\u0437\u0438\u0442\" \/>\n<meta property=\"og:url\" content=\"https:\/\/vulkan-russiaigrai.com\/fr\/registration-and-making-the-first-deposit-at-vulkan-casino\/\" \/>\n<meta property=\"og:site_name\" content=\"Vulkan\" \/>\n<meta property=\"article:modified_time\" content=\"2024-06-20T21:19:07+00:00\" \/>\n<meta name=\"twitter:card\" content=\"summary_large_image\" \/>\n<meta name=\"twitter:label1\" content=\"Dur\u00e9e de lecture estim\u00e9e\" \/>\n\t<meta name=\"twitter:data1\" content=\"18 minutes\" \/>\n<script type=\"application\/ld+json\" class=\"yoast-schema-graph\">{\"@context\":\"https:\/\/schema.org\",\"@graph\":[{\"@type\":\"WebPage\",\"@id\":\"https:\/\/vulkan-russiaigrai.com\/registration-and-making-the-first-deposit-at-vulkan-casino\/\",\"url\":\"https:\/\/vulkan-russiaigrai.com\/registration-and-making-the-first-deposit-at-vulkan-casino\/\",\"name\":\"\u0420\u0435\u0433\u0438\u0441\u0442\u0440\u0430\u0446\u0438\u044f \u0438 \u0432\u043d\u0435\u0441\u0435\u043d\u0438\u0435 \u043f\u0435\u0440\u0432\u043e\u0433\u043e \u0434\u0435\u043f\u043e\u0437\u0438\u0442\u0430 \u0432 \u0412\u0443\u043b\u043a\u0430\u043d\u0435\",\"isPartOf\":{\"@id\":\"https:\/\/vulkan-russiaigrai.com\/#website\"},\"datePublished\":\"2024-06-17T12:26:25+00:00\",\"dateModified\":\"2024-06-20T21:19:07+00:00\",\"description\":\"\u041f\u0440\u043e\u0439\u0442\u0438 \u0440\u0435\u0433\u0438\u0441\u0442\u0440\u0430\u0446\u0438\u044e \u043d\u0430 \u043e\u0444\u0438\u0446\u0438\u0430\u043b\u044c\u043d\u043e\u043c \u0441\u0430\u0439\u0442\u0435 \u043a\u0430\u0437\u0438\u043d\u043e \u0412\u0443\u043b\u043a\u0430\u043d. \u0412\u043d\u0435\u0441\u0442\u0438 \u0434\u0435\u043f\u043e\u0437\u0438\u0442 \u0432 \u043a\u0430\u0437\u0438\u043d\u043e \u0412\u0443\u043b\u043a\u0430\u043d. \u041b\u043e\u0433\u0438\u043d, \u0440\u0435\u0433\u0438\u0441\u0442\u0440\u0430\u0446\u0438\u044f, \u0432\u043d\u0435\u0441\u0442\u0438 \u0434\u0435\u043f\u043e\u0437\u0438\u0442\",\"breadcrumb\":{\"@id\":\"https:\/\/vulkan-russiaigrai.com\/registration-and-making-the-first-deposit-at-vulkan-casino\/#breadcrumb\"},\"inLanguage\":\"fr-FR\",\"potentialAction\":[{\"@type\":\"ReadAction\",\"target\":[\"https:\/\/vulkan-russiaigrai.com\/registration-and-making-the-first-deposit-at-vulkan-casino\/\"]}]},{\"@type\":\"BreadcrumbList\",\"@id\":\"https:\/\/vulkan-russiaigrai.com\/registration-and-making-the-first-deposit-at-vulkan-casino\/#breadcrumb\",\"itemListElement\":[{\"@type\":\"ListItem\",\"position\":1,\"name\":\"\u0413\u043b\u0430\u0432\u043d\u0430\u044f \u0441\u0442\u0440\u0430\u043d\u0438\u0446\u0430\",\"item\":\"https:\/\/vulkan-russiaigrai.com\/\"},{\"@type\":\"ListItem\",\"position\":2,\"name\":\"\u0420\u0435\u0433\u0438\u0441\u0442\u0440\u0430\u0446\u0438\u044f \u0438 \u0432\u043d\u0435\u0441\u0435\u043d\u0438\u0435 \u043f\u0435\u0440\u0432\u043e\u0433\u043e \u0434\u0435\u043f\u043e\u0437\u0438\u0442\u0430 \u0432 \u043a\u0430\u0437\u0438\u043d\u043e \u0412\u0443\u043b\u043a\u0430\u043d\"}]},{\"@type\":\"WebSite\",\"@id\":\"https:\/\/vulkan-russiaigrai.com\/#website\",\"url\":\"https:\/\/vulkan-russiaigrai.com\/\",\"name\":\"Vulkan\",\"description\":\"\",\"publisher\":{\"@id\":\"https:\/\/vulkan-russiaigrai.com\/#organization\"},\"potentialAction\":[{\"@type\":\"SearchAction\",\"target\":{\"@type\":\"EntryPoint\",\"urlTemplate\":\"https:\/\/vulkan-russiaigrai.com\/?s={search_term_string}\"},\"query-input\":{\"@type\":\"PropertyValueSpecification\",\"valueRequired\":true,\"valueName\":\"search_term_string\"}}],\"inLanguage\":\"fr-FR\"},{\"@type\":\"Organization\",\"@id\":\"https:\/\/vulkan-russiaigrai.com\/#organization\",\"name\":\"Vulkan\",\"url\":\"https:\/\/vulkan-russiaigrai.com\/\",\"logo\":{\"@type\":\"ImageObject\",\"inLanguage\":\"fr-FR\",\"@id\":\"https:\/\/vulkan-russiaigrai.com\/#\/schema\/logo\/image\/\",\"url\":\"https:\/\/vulkan-russiaigrai.com\/wp-content\/uploads\/cropped-wulkan-e1718727462590.png\",\"contentUrl\":\"https:\/\/vulkan-russiaigrai.com\/wp-content\/uploads\/cropped-wulkan-e1718727462590.png\",\"width\":80,\"height\":40,\"caption\":\"Vulkan\"},\"image\":{\"@id\":\"https:\/\/vulkan-russiaigrai.com\/#\/schema\/logo\/image\/\"}}]}<\/script>\n<!-- \/ Yoast SEO plugin. -->","yoast_head_json":{"title":"\u0420\u0435\u0433\u0438\u0441\u0442\u0440\u0430\u0446\u0438\u044f \u0438 \u0432\u043d\u0435\u0441\u0435\u043d\u0438\u0435 \u043f\u0435\u0440\u0432\u043e\u0433\u043e \u0434\u0435\u043f\u043e\u0437\u0438\u0442\u0430 \u0432 \u0412\u0443\u043b\u043a\u0430\u043d\u0435","description":"Inscrivez-vous sur le site officiel de Vulkan Casino. Faites un d\u00e9p\u00f4t au Vulkan Casino. Connexion, inscription, faire un d\u00e9p\u00f4t.","robots":{"index":"index","follow":"follow","max-snippet":"max-snippet:-1","max-image-preview":"max-image-preview:large","max-video-preview":"max-video-preview:-1"},"canonical":"https:\/\/vulkan-russiaigrai.com\/fr\/registration-and-making-the-first-deposit-at-vulkan-casino\/","og_locale":"fr_FR","og_type":"article","og_title":"\u0420\u0435\u0433\u0438\u0441\u0442\u0440\u0430\u0446\u0438\u044f \u0438 \u0432\u043d\u0435\u0441\u0435\u043d\u0438\u0435 \u043f\u0435\u0440\u0432\u043e\u0433\u043e \u0434\u0435\u043f\u043e\u0437\u0438\u0442\u0430 \u0432 \u0412\u0443\u043b\u043a\u0430\u043d\u0435","og_description":"\u041f\u0440\u043e\u0439\u0442\u0438 \u0440\u0435\u0433\u0438\u0441\u0442\u0440\u0430\u0446\u0438\u044e \u043d\u0430 \u043e\u0444\u0438\u0446\u0438\u0430\u043b\u044c\u043d\u043e\u043c \u0441\u0430\u0439\u0442\u0435 \u043a\u0430\u0437\u0438\u043d\u043e \u0412\u0443\u043b\u043a\u0430\u043d. \u0412\u043d\u0435\u0441\u0442\u0438 \u0434\u0435\u043f\u043e\u0437\u0438\u0442 \u0432 \u043a\u0430\u0437\u0438\u043d\u043e \u0412\u0443\u043b\u043a\u0430\u043d. \u041b\u043e\u0433\u0438\u043d, \u0440\u0435\u0433\u0438\u0441\u0442\u0440\u0430\u0446\u0438\u044f, \u0432\u043d\u0435\u0441\u0442\u0438 \u0434\u0435\u043f\u043e\u0437\u0438\u0442","og_url":"https:\/\/vulkan-russiaigrai.com\/fr\/registration-and-making-the-first-deposit-at-vulkan-casino\/","og_site_name":"Vulkan","article_modified_time":"2024-06-20T21:19:07+00:00","twitter_card":"summary_large_image","twitter_misc":{"Dur\u00e9e de lecture estim\u00e9e":"18 minutes"},"schema":{"@context":"https:\/\/schema.org","@graph":[{"@type":"WebPage","@id":"https:\/\/vulkan-russiaigrai.com\/registration-and-making-the-first-deposit-at-vulkan-casino\/","url":"https:\/\/vulkan-russiaigrai.com\/registration-and-making-the-first-deposit-at-vulkan-casino\/","name":"\u0420\u0435\u0433\u0438\u0441\u0442\u0440\u0430\u0446\u0438\u044f \u0438 \u0432\u043d\u0435\u0441\u0435\u043d\u0438\u0435 \u043f\u0435\u0440\u0432\u043e\u0433\u043e \u0434\u0435\u043f\u043e\u0437\u0438\u0442\u0430 \u0432 \u0412\u0443\u043b\u043a\u0430\u043d\u0435","isPartOf":{"@id":"https:\/\/vulkan-russiaigrai.com\/#website"},"datePublished":"2024-06-17T12:26:25+00:00","dateModified":"2024-06-20T21:19:07+00:00","description":"\u041f\u0440\u043e\u0439\u0442\u0438 \u0440\u0435\u0433\u0438\u0441\u0442\u0440\u0430\u0446\u0438\u044e \u043d\u0430 \u043e\u0444\u0438\u0446\u0438\u0430\u043b\u044c\u043d\u043e\u043c \u0441\u0430\u0439\u0442\u0435 \u043a\u0430\u0437\u0438\u043d\u043e \u0412\u0443\u043b\u043a\u0430\u043d. \u0412\u043d\u0435\u0441\u0442\u0438 \u0434\u0435\u043f\u043e\u0437\u0438\u0442 \u0432 \u043a\u0430\u0437\u0438\u043d\u043e \u0412\u0443\u043b\u043a\u0430\u043d. \u041b\u043e\u0433\u0438\u043d, \u0440\u0435\u0433\u0438\u0441\u0442\u0440\u0430\u0446\u0438\u044f, \u0432\u043d\u0435\u0441\u0442\u0438 \u0434\u0435\u043f\u043e\u0437\u0438\u0442","breadcrumb":{"@id":"https:\/\/vulkan-russiaigrai.com\/registration-and-making-the-first-deposit-at-vulkan-casino\/#breadcrumb"},"inLanguage":"fr-FR","potentialAction":[{"@type":"ReadAction","target":["https:\/\/vulkan-russiaigrai.com\/registration-and-making-the-first-deposit-at-vulkan-casino\/"]}]},{"@type":"BreadcrumbList","@id":"https:\/\/vulkan-russiaigrai.com\/registration-and-making-the-first-deposit-at-vulkan-casino\/#breadcrumb","itemListElement":[{"@type":"ListItem","position":1,"name":"\u0413\u043b\u0430\u0432\u043d\u0430\u044f \u0441\u0442\u0440\u0430\u043d\u0438\u0446\u0430","item":"https:\/\/vulkan-russiaigrai.com\/"},{"@type":"ListItem","position":2,"name":"\u0420\u0435\u0433\u0438\u0441\u0442\u0440\u0430\u0446\u0438\u044f \u0438 \u0432\u043d\u0435\u0441\u0435\u043d\u0438\u0435 \u043f\u0435\u0440\u0432\u043e\u0433\u043e \u0434\u0435\u043f\u043e\u0437\u0438\u0442\u0430 \u0432 \u043a\u0430\u0437\u0438\u043d\u043e \u0412\u0443\u043b\u043a\u0430\u043d"}]},{"@type":"WebSite","@id":"https:\/\/vulkan-russiaigrai.com\/#website","url":"https:\/\/vulkan-russiaigrai.com\/","name":"Vulkan","description":"","publisher":{"@id":"https:\/\/vulkan-russiaigrai.com\/#organization"},"potentialAction":[{"@type":"SearchAction","target":{"@type":"EntryPoint","urlTemplate":"https:\/\/vulkan-russiaigrai.com\/?s={search_term_string}"},"query-input":{"@type":"PropertyValueSpecification","valueRequired":true,"valueName":"search_term_string"}}],"inLanguage":"fr-FR"},{"@type":"Organization","@id":"https:\/\/vulkan-russiaigrai.com\/#organization","name":"Vulkan","url":"https:\/\/vulkan-russiaigrai.com\/","logo":{"@type":"ImageObject","inLanguage":"fr-FR","@id":"https:\/\/vulkan-russiaigrai.com\/#\/schema\/logo\/image\/","url":"https:\/\/vulkan-russiaigrai.com\/wp-content\/uploads\/cropped-wulkan-e1718727462590.png","contentUrl":"https:\/\/vulkan-russiaigrai.com\/wp-content\/uploads\/cropped-wulkan-e1718727462590.png","width":80,"height":40,"caption":"Vulkan"},"image":{"@id":"https:\/\/vulkan-russiaigrai.com\/#\/schema\/logo\/image\/"}}]}},"_links":{"self":[{"href":"https:\/\/vulkan-russiaigrai.com\/fr\/wp-json\/wp\/v2\/pages\/16","targetHints":{"allow":["GET"]}}],"collection":[{"href":"https:\/\/vulkan-russiaigrai.com\/fr\/wp-json\/wp\/v2\/pages"}],"about":[{"href":"https:\/\/vulkan-russiaigrai.com\/fr\/wp-json\/wp\/v2\/types\/page"}],"author":[{"embeddable":true,"href":"https:\/\/vulkan-russiaigrai.com\/fr\/wp-json\/wp\/v2\/users\/1"}],"replies":[{"embeddable":true,"href":"https:\/\/vulkan-russiaigrai.com\/fr\/wp-json\/wp\/v2\/comments?post=16"}],"version-history":[{"count":18,"href":"https:\/\/vulkan-russiaigrai.com\/fr\/wp-json\/wp\/v2\/pages\/16\/revisions"}],"predecessor-version":[{"id":104,"href":"https:\/\/vulkan-russiaigrai.com\/fr\/wp-json\/wp\/v2\/pages\/16\/revisions\/104"}],"wp:attachment":[{"href":"https:\/\/vulkan-russiaigrai.com\/fr\/wp-json\/wp\/v2\/media?parent=16"}],"curies":[{"name":"wp","href":"https:\/\/api.w.org\/{rel}","templated":true}]}}