{"id":18,"date":"2024-06-17T15:48:11","date_gmt":"2024-06-17T12:48:11","guid":{"rendered":"https:\/\/vulkan-russiaigrai.com\/?page_id=18"},"modified":"2024-06-21T00:19:12","modified_gmt":"2024-06-20T21:19:12","slug":"slots-at-vulkan-casino","status":"publish","type":"page","link":"https:\/\/vulkan-russiaigrai.com\/fr\/slots-at-vulkan-casino\/","title":{"rendered":"Machines \u00e0 sous au Casino Vulkan"},"content":{"rendered":"<p><span style=\"font-weight: 400;\">Bienvenue dans la section \u00ab\u00a0Machines \u00e0 sous\u00a0\u00bb du casino Vulkan ! Ici, vous trouverez plus de 1000 machines \u00e0 sous vari\u00e9es qui vous apporteront une mer de plaisir et une chance de gros gains. Nos machines \u00e0 sous conviennent aussi bien aux d\u00e9butants qu&rsquo;aux joueurs exp\u00e9riment\u00e9s.<\/span><\/p>\n<h2><b>Comment jouer aux machines \u00e0 sous ?<\/b><\/h2>\n<p><span style=\"font-weight: 400;\">Jouer aux machines \u00e0 sous est tr\u00e8s simple et passionnant. Voici un guide rapide pour commencer :<\/span><\/p>\n<ol>\n<li style=\"font-weight: 400;\" aria-level=\"1\"><b>Choisissez une machine \u00e0 sous<\/b><span style=\"font-weight: 400;\"> : Ouvrez notre catalogue et s\u00e9lectionnez la machine \u00e0 sous qui vous pla\u00eet.<\/span><\/li>\n<li style=\"font-weight: 400;\" aria-level=\"1\"><b>Faites une mise<\/b><span style=\"font-weight: 400;\"> : D\u00e9terminez la taille de la mise, qui d\u00e9pend du nombre de lignes et du niveau de mise.<\/span><\/li>\n<li style=\"font-weight: 400;\" aria-level=\"1\"><b>Commencez le jeu<\/b><span style=\"font-weight: 400;\"> : Cliquez sur le bouton \u00ab\u00a0Spin\u00a0\u00bb (ou \u00ab\u00a0Tourner\u00a0\u00bb) et regardez les rouleaux tourner.<\/span><\/li>\n<li style=\"font-weight: 400;\" aria-level=\"1\"><b>Combinaisons gagnantes<\/b><span style=\"font-weight: 400;\"> : Si une combinaison gagnante de symboles appara\u00eet sur la ligne, vous recevrez un gain. Le montant du gain d\u00e9pend du type de symboles et de leurs combinaisons.<\/span><\/li>\n<li style=\"font-weight: 400;\" aria-level=\"1\"><b>R\u00e9p\u00e9tez<\/b><span style=\"font-weight: 400;\"> : Continuez \u00e0 tourner les rouleaux, changez les mises et profitez du jeu !<\/span><\/li>\n<\/ol>\n<h2><b>Machines \u00e0 sous populaires chez Vulkan<\/b><\/h2>\n<p><span style=\"font-weight: 400;\">Notre casino dispose de nombreuses machines \u00e0 sous, mais certaines sont particuli\u00e8rement appr\u00e9ci\u00e9es de nos joueurs. Voici le top 5 des machines \u00e0 sous les plus populaires chez Vulkan :<\/span><\/p>\n<ol>\n<li style=\"font-weight: 400;\" aria-level=\"1\"><b>Book of Ra<\/b><span style=\"font-weight: 400;\"> \u2014 Une machine \u00e0 sous classique de Novomatic qui vous transporte dans le monde de l&rsquo;\u00c9gypte ancienne. Essayez de trouver le Livre de Ra et gagnez de gros prix !<\/span><\/li>\n<li style=\"font-weight: 400;\" aria-level=\"1\"><b>Gonzo\u2019s Quest<\/b><span style=\"font-weight: 400;\"> \u2014 Une machine \u00e0 sous aventureuse de NetEnt o\u00f9 vous partez avec Gonzo \u00e0 la recherche de la cit\u00e9 d&rsquo;or perdue. Les blocs explosifs et les tours gratuits rendront votre jeu inoubliable.<\/span><\/li>\n<li style=\"font-weight: 400;\" aria-level=\"1\"><b>Starburst<\/b><span style=\"font-weight: 400;\"> \u2014 Une machine \u00e0 sous brillante et color\u00e9e de NetEnt qui captive par sa simplicit\u00e9 et ses graphismes \u00e9poustouflants. Les respins excitants et les jokers extensibles vous offriront de nombreuses combinaisons gagnantes.<\/span><\/li>\n<li style=\"font-weight: 400;\" aria-level=\"1\"><b>Mega Moolah<\/b><span style=\"font-weight: 400;\"> \u2014 Une machine \u00e0 sous l\u00e9gendaire \u00e0 jackpot progressif de Microgaming. Testez votre chance et peut-\u00eatre deviendrez-vous le prochain multimillionnaire !<\/span><\/li>\n<li style=\"font-weight: 400;\" aria-level=\"1\"><b>Dead or Alive<\/b><span style=\"font-weight: 400;\"> \u2014 Une machine \u00e0 sous captivante de NetEnt qui vous transporte dans le Far West. La haute volatilit\u00e9 et les tours bonus rendront votre jeu vraiment intense et passionnant.<\/span><\/li>\n<\/ol>\n<h2><b>Pourquoi choisir les machines \u00e0 sous chez Vulkan ?<\/b><\/h2>\n<ul>\n<li style=\"font-weight: 400;\" aria-level=\"1\"><b>Vari\u00e9t\u00e9<\/b><span style=\"font-weight: 400;\"> : Plus de 1000 machines \u00e0 sous des principaux fournisseurs mondiaux.<\/span><\/li>\n<li style=\"font-weight: 400;\" aria-level=\"1\"><b>Bonus et promotions<\/b><span style=\"font-weight: 400;\"> : Bonus r\u00e9guliers, tours gratuits et promotions pour les amateurs de machines \u00e0 sous.<\/span><\/li>\n<li style=\"font-weight: 400;\" aria-level=\"1\"><b>\u00c9quit\u00e9 et fiabilit\u00e9<\/b><span style=\"font-weight: 400;\"> : Tous les jeux sont soumis \u00e0 des contr\u00f4les stricts d&rsquo;\u00e9quit\u00e9 et respectent les normes internationales.<\/span><\/li>\n<li style=\"font-weight: 400;\" aria-level=\"1\"><b>Commodit\u00e9 de jeu<\/b><span style=\"font-weight: 400;\"> : Jouez \u00e0 vos machines \u00e0 sous pr\u00e9f\u00e9r\u00e9es depuis votre ordinateur, smartphone ou tablette.<\/span><\/li>\n<\/ul>\n<p><span style=\"font-weight: 400;\">Rejoignez des milliers de joueurs qui ont d\u00e9j\u00e0 appr\u00e9ci\u00e9 notre s\u00e9lection de machines \u00e0 sous et gagnez avec le casino Vulkan ! Tournez les rouleaux, attrapez votre chance et que le succ\u00e8s soit avec vous !<\/span><\/p>\n","protected":false},"excerpt":{"rendered":"<p>Bienvenue dans la section \u00ab\u00a0Machines \u00e0 sous\u00a0\u00bb du casino Vulkan ! Ici, vous trouverez plus de 1000 machines \u00e0 sous vari\u00e9es qui vous apporteront une mer de plaisir et une chance de gros gains. Nos machines \u00e0 sous conviennent aussi bien aux d\u00e9butants qu&rsquo;aux joueurs exp\u00e9riment\u00e9s. Comment jouer aux machines \u00e0 sous ? Jouer aux [&hellip;]<\/p>\n","protected":false},"author":1,"featured_media":0,"parent":0,"menu_order":0,"comment_status":"closed","ping_status":"closed","template":"full-width-template.php","meta":{"footnotes":""},"class_list":["post-18","page","type-page","status-publish","hentry"],"yoast_head":"<!-- This site is optimized with the Yoast SEO plugin v27.2 - https:\/\/yoast.com\/product\/yoast-seo-wordpress\/ -->\n<title>\u0421\u043b\u043e\u0442\u044b \u0432 \u043e\u043d\u043b\u0430\u0439\u043d \u043a\u0430\u0437\u0438\u043d\u043e \u0412\u0443\u043b\u043a\u0430\u043d<\/title>\n<meta name=\"description\" content=\"Machines \u00e0 sous au Casino en ligne Vulkan. Jouez aux machines \u00e0 sous pour de l&#039;argent r\u00e9el. Jouez et gagnez.\" \/>\n<meta name=\"robots\" content=\"index, follow, max-snippet:-1, max-image-preview:large, max-video-preview:-1\" \/>\n<link rel=\"canonical\" href=\"https:\/\/vulkan-russiaigrai.com\/fr\/slots-at-vulkan-casino\/\" \/>\n<meta property=\"og:locale\" content=\"fr_FR\" \/>\n<meta property=\"og:locale:alternate\" content=\"ru_RU\" \/>\n<meta property=\"og:locale:alternate\" content=\"en_US\" \/>\n<meta property=\"og:locale:alternate\" content=\"pt_PT\" \/>\n<meta property=\"og:locale:alternate\" content=\"es_ES\" \/>\n<meta property=\"og:locale:alternate\" content=\"ro_RO\" \/>\n<meta property=\"og:locale:alternate\" content=\"sr_RS\" \/>\n<meta property=\"og:locale:alternate\" content=\"bg_BG\" \/>\n<meta property=\"og:locale:alternate\" content=\"it_IT\" \/>\n<meta property=\"og:type\" content=\"article\" \/>\n<meta property=\"og:title\" content=\"\u0421\u043b\u043e\u0442\u044b \u0432 \u043e\u043d\u043b\u0430\u0439\u043d \u043a\u0430\u0437\u0438\u043d\u043e \u0412\u0443\u043b\u043a\u0430\u043d\" \/>\n<meta property=\"og:description\" content=\"\u0421\u043b\u043e\u0442\u044b \u0432 \u043e\u043d\u043b\u0430\u0439\u043d \u043a\u0430\u0437\u0438\u043d\u043e \u0412\u0443\u043b\u043a\u0430\u043d. \u0418\u0433\u0440\u0430\u0442\u044c \u0432 \u0438\u0433\u0440\u043e\u0432\u044b\u0435 \u0430\u0432\u0442\u043e\u043c\u0430\u0442\u044b \u043d\u0430 \u0440\u0435\u0430\u043b\u044c\u043d\u044b\u0435 \u0434\u0435\u043d\u044c\u0433\u0438. \u0418\u0433\u0440\u0430\u0442\u044c \u0438 \u043f\u043e\u0431\u0435\u0436\u0434\u0430\u0442\u044c\" \/>\n<meta property=\"og:url\" content=\"https:\/\/vulkan-russiaigrai.com\/fr\/slots-at-vulkan-casino\/\" \/>\n<meta property=\"og:site_name\" content=\"Vulkan\" \/>\n<meta property=\"article:modified_time\" content=\"2024-06-20T21:19:12+00:00\" \/>\n<meta name=\"twitter:card\" content=\"summary_large_image\" \/>\n<meta name=\"twitter:label1\" content=\"Dur\u00e9e de lecture estim\u00e9e\" \/>\n\t<meta name=\"twitter:data1\" content=\"13 minutes\" \/>\n<script type=\"application\/ld+json\" class=\"yoast-schema-graph\">{\"@context\":\"https:\/\/schema.org\",\"@graph\":[{\"@type\":\"WebPage\",\"@id\":\"https:\/\/vulkan-russiaigrai.com\/slots-at-vulkan-casino\/\",\"url\":\"https:\/\/vulkan-russiaigrai.com\/slots-at-vulkan-casino\/\",\"name\":\"\u0421\u043b\u043e\u0442\u044b \u0432 \u043e\u043d\u043b\u0430\u0439\u043d \u043a\u0430\u0437\u0438\u043d\u043e \u0412\u0443\u043b\u043a\u0430\u043d\",\"isPartOf\":{\"@id\":\"https:\/\/vulkan-russiaigrai.com\/#website\"},\"datePublished\":\"2024-06-17T12:48:11+00:00\",\"dateModified\":\"2024-06-20T21:19:12+00:00\",\"description\":\"\u0421\u043b\u043e\u0442\u044b \u0432 \u043e\u043d\u043b\u0430\u0439\u043d \u043a\u0430\u0437\u0438\u043d\u043e \u0412\u0443\u043b\u043a\u0430\u043d. \u0418\u0433\u0440\u0430\u0442\u044c \u0432 \u0438\u0433\u0440\u043e\u0432\u044b\u0435 \u0430\u0432\u0442\u043e\u043c\u0430\u0442\u044b \u043d\u0430 \u0440\u0435\u0430\u043b\u044c\u043d\u044b\u0435 \u0434\u0435\u043d\u044c\u0433\u0438. \u0418\u0433\u0440\u0430\u0442\u044c \u0438 \u043f\u043e\u0431\u0435\u0436\u0434\u0430\u0442\u044c\",\"breadcrumb\":{\"@id\":\"https:\/\/vulkan-russiaigrai.com\/slots-at-vulkan-casino\/#breadcrumb\"},\"inLanguage\":\"fr-FR\",\"potentialAction\":[{\"@type\":\"ReadAction\",\"target\":[\"https:\/\/vulkan-russiaigrai.com\/slots-at-vulkan-casino\/\"]}]},{\"@type\":\"BreadcrumbList\",\"@id\":\"https:\/\/vulkan-russiaigrai.com\/slots-at-vulkan-casino\/#breadcrumb\",\"itemListElement\":[{\"@type\":\"ListItem\",\"position\":1,\"name\":\"\u0413\u043b\u0430\u0432\u043d\u0430\u044f \u0441\u0442\u0440\u0430\u043d\u0438\u0446\u0430\",\"item\":\"https:\/\/vulkan-russiaigrai.com\/\"},{\"@type\":\"ListItem\",\"position\":2,\"name\":\"\u0421\u043b\u043e\u0442\u044b \u0432 \u043a\u0430\u0437\u0438\u043d\u043e \u0412\u0443\u043b\u043a\u0430\u043d\"}]},{\"@type\":\"WebSite\",\"@id\":\"https:\/\/vulkan-russiaigrai.com\/#website\",\"url\":\"https:\/\/vulkan-russiaigrai.com\/\",\"name\":\"Vulkan\",\"description\":\"\",\"publisher\":{\"@id\":\"https:\/\/vulkan-russiaigrai.com\/#organization\"},\"potentialAction\":[{\"@type\":\"SearchAction\",\"target\":{\"@type\":\"EntryPoint\",\"urlTemplate\":\"https:\/\/vulkan-russiaigrai.com\/?s={search_term_string}\"},\"query-input\":{\"@type\":\"PropertyValueSpecification\",\"valueRequired\":true,\"valueName\":\"search_term_string\"}}],\"inLanguage\":\"fr-FR\"},{\"@type\":\"Organization\",\"@id\":\"https:\/\/vulkan-russiaigrai.com\/#organization\",\"name\":\"Vulkan\",\"url\":\"https:\/\/vulkan-russiaigrai.com\/\",\"logo\":{\"@type\":\"ImageObject\",\"inLanguage\":\"fr-FR\",\"@id\":\"https:\/\/vulkan-russiaigrai.com\/#\/schema\/logo\/image\/\",\"url\":\"https:\/\/vulkan-russiaigrai.com\/wp-content\/uploads\/cropped-wulkan-e1718727462590.png\",\"contentUrl\":\"https:\/\/vulkan-russiaigrai.com\/wp-content\/uploads\/cropped-wulkan-e1718727462590.png\",\"width\":80,\"height\":40,\"caption\":\"Vulkan\"},\"image\":{\"@id\":\"https:\/\/vulkan-russiaigrai.com\/#\/schema\/logo\/image\/\"}}]}<\/script>\n<!-- \/ Yoast SEO plugin. -->","yoast_head_json":{"title":"\u0421\u043b\u043e\u0442\u044b \u0432 \u043e\u043d\u043b\u0430\u0439\u043d \u043a\u0430\u0437\u0438\u043d\u043e \u0412\u0443\u043b\u043a\u0430\u043d","description":"Machines \u00e0 sous au Casino en ligne Vulkan. Jouez aux machines \u00e0 sous pour de l'argent r\u00e9el. Jouez et gagnez.","robots":{"index":"index","follow":"follow","max-snippet":"max-snippet:-1","max-image-preview":"max-image-preview:large","max-video-preview":"max-video-preview:-1"},"canonical":"https:\/\/vulkan-russiaigrai.com\/fr\/slots-at-vulkan-casino\/","og_locale":"fr_FR","og_type":"article","og_title":"\u0421\u043b\u043e\u0442\u044b \u0432 \u043e\u043d\u043b\u0430\u0439\u043d \u043a\u0430\u0437\u0438\u043d\u043e \u0412\u0443\u043b\u043a\u0430\u043d","og_description":"\u0421\u043b\u043e\u0442\u044b \u0432 \u043e\u043d\u043b\u0430\u0439\u043d \u043a\u0430\u0437\u0438\u043d\u043e \u0412\u0443\u043b\u043a\u0430\u043d. \u0418\u0433\u0440\u0430\u0442\u044c \u0432 \u0438\u0433\u0440\u043e\u0432\u044b\u0435 \u0430\u0432\u0442\u043e\u043c\u0430\u0442\u044b \u043d\u0430 \u0440\u0435\u0430\u043b\u044c\u043d\u044b\u0435 \u0434\u0435\u043d\u044c\u0433\u0438. \u0418\u0433\u0440\u0430\u0442\u044c \u0438 \u043f\u043e\u0431\u0435\u0436\u0434\u0430\u0442\u044c","og_url":"https:\/\/vulkan-russiaigrai.com\/fr\/slots-at-vulkan-casino\/","og_site_name":"Vulkan","article_modified_time":"2024-06-20T21:19:12+00:00","twitter_card":"summary_large_image","twitter_misc":{"Dur\u00e9e de lecture estim\u00e9e":"13 minutes"},"schema":{"@context":"https:\/\/schema.org","@graph":[{"@type":"WebPage","@id":"https:\/\/vulkan-russiaigrai.com\/slots-at-vulkan-casino\/","url":"https:\/\/vulkan-russiaigrai.com\/slots-at-vulkan-casino\/","name":"\u0421\u043b\u043e\u0442\u044b \u0432 \u043e\u043d\u043b\u0430\u0439\u043d \u043a\u0430\u0437\u0438\u043d\u043e \u0412\u0443\u043b\u043a\u0430\u043d","isPartOf":{"@id":"https:\/\/vulkan-russiaigrai.com\/#website"},"datePublished":"2024-06-17T12:48:11+00:00","dateModified":"2024-06-20T21:19:12+00:00","description":"\u0421\u043b\u043e\u0442\u044b \u0432 \u043e\u043d\u043b\u0430\u0439\u043d \u043a\u0430\u0437\u0438\u043d\u043e \u0412\u0443\u043b\u043a\u0430\u043d. \u0418\u0433\u0440\u0430\u0442\u044c \u0432 \u0438\u0433\u0440\u043e\u0432\u044b\u0435 \u0430\u0432\u0442\u043e\u043c\u0430\u0442\u044b \u043d\u0430 \u0440\u0435\u0430\u043b\u044c\u043d\u044b\u0435 \u0434\u0435\u043d\u044c\u0433\u0438. \u0418\u0433\u0440\u0430\u0442\u044c \u0438 \u043f\u043e\u0431\u0435\u0436\u0434\u0430\u0442\u044c","breadcrumb":{"@id":"https:\/\/vulkan-russiaigrai.com\/slots-at-vulkan-casino\/#breadcrumb"},"inLanguage":"fr-FR","potentialAction":[{"@type":"ReadAction","target":["https:\/\/vulkan-russiaigrai.com\/slots-at-vulkan-casino\/"]}]},{"@type":"BreadcrumbList","@id":"https:\/\/vulkan-russiaigrai.com\/slots-at-vulkan-casino\/#breadcrumb","itemListElement":[{"@type":"ListItem","position":1,"name":"\u0413\u043b\u0430\u0432\u043d\u0430\u044f \u0441\u0442\u0440\u0430\u043d\u0438\u0446\u0430","item":"https:\/\/vulkan-russiaigrai.com\/"},{"@type":"ListItem","position":2,"name":"\u0421\u043b\u043e\u0442\u044b \u0432 \u043a\u0430\u0437\u0438\u043d\u043e \u0412\u0443\u043b\u043a\u0430\u043d"}]},{"@type":"WebSite","@id":"https:\/\/vulkan-russiaigrai.com\/#website","url":"https:\/\/vulkan-russiaigrai.com\/","name":"Vulkan","description":"","publisher":{"@id":"https:\/\/vulkan-russiaigrai.com\/#organization"},"potentialAction":[{"@type":"SearchAction","target":{"@type":"EntryPoint","urlTemplate":"https:\/\/vulkan-russiaigrai.com\/?s={search_term_string}"},"query-input":{"@type":"PropertyValueSpecification","valueRequired":true,"valueName":"search_term_string"}}],"inLanguage":"fr-FR"},{"@type":"Organization","@id":"https:\/\/vulkan-russiaigrai.com\/#organization","name":"Vulkan","url":"https:\/\/vulkan-russiaigrai.com\/","logo":{"@type":"ImageObject","inLanguage":"fr-FR","@id":"https:\/\/vulkan-russiaigrai.com\/#\/schema\/logo\/image\/","url":"https:\/\/vulkan-russiaigrai.com\/wp-content\/uploads\/cropped-wulkan-e1718727462590.png","contentUrl":"https:\/\/vulkan-russiaigrai.com\/wp-content\/uploads\/cropped-wulkan-e1718727462590.png","width":80,"height":40,"caption":"Vulkan"},"image":{"@id":"https:\/\/vulkan-russiaigrai.com\/#\/schema\/logo\/image\/"}}]}},"_links":{"self":[{"href":"https:\/\/vulkan-russiaigrai.com\/fr\/wp-json\/wp\/v2\/pages\/18","targetHints":{"allow":["GET"]}}],"collection":[{"href":"https:\/\/vulkan-russiaigrai.com\/fr\/wp-json\/wp\/v2\/pages"}],"about":[{"href":"https:\/\/vulkan-russiaigrai.com\/fr\/wp-json\/wp\/v2\/types\/page"}],"author":[{"embeddable":true,"href":"https:\/\/vulkan-russiaigrai.com\/fr\/wp-json\/wp\/v2\/users\/1"}],"replies":[{"embeddable":true,"href":"https:\/\/vulkan-russiaigrai.com\/fr\/wp-json\/wp\/v2\/comments?post=18"}],"version-history":[{"count":18,"href":"https:\/\/vulkan-russiaigrai.com\/fr\/wp-json\/wp\/v2\/pages\/18\/revisions"}],"predecessor-version":[{"id":105,"href":"https:\/\/vulkan-russiaigrai.com\/fr\/wp-json\/wp\/v2\/pages\/18\/revisions\/105"}],"wp:attachment":[{"href":"https:\/\/vulkan-russiaigrai.com\/fr\/wp-json\/wp\/v2\/media?parent=18"}],"curies":[{"name":"wp","href":"https:\/\/api.w.org\/{rel}","templated":true}]}}