{"id":7,"date":"2024-06-17T15:09:28","date_gmt":"2024-06-17T12:09:28","guid":{"rendered":"https:\/\/vulkan-russiaigrai.com\/?page_id=7"},"modified":"2024-06-18T20:50:36","modified_gmt":"2024-06-18T17:50:36","slug":"playing-at-vulkan-casino","status":"publish","type":"page","link":"https:\/\/vulkan-russiaigrai.com\/fr\/","title":{"rendered":"Jouer au Casino Vulkan"},"content":{"rendered":"<h2><b>Pourquoi choisir Vulkan ?<\/b><\/h2>\n<ol>\n<li><b>Large gamme de jeux<\/b><span style=\"font-weight: 400;\"> Dans notre casino, vous trouverez une vaste s\u00e9lection de machines \u00e0 sous, de jeux de table et de jeux de casino en direct avec de vrais croupiers. Nous proposons des machines \u00e0 sous classiques, du vid\u00e9o poker, de la roulette, du blackjack, du baccarat et bien d&rsquo;autres jeux. Vous voulez ressentir l&rsquo;esprit de Las Vegas sans quitter votre maison ? Nos jeux en direct avec des croupiers professionnels vous transporteront dans l&rsquo;atmosph\u00e8re d&rsquo;un vrai casino.<\/span><\/li>\n<li><b>\u00c9quit\u00e9 et s\u00e9curit\u00e9<\/b><span style=\"font-weight: 400;\"> Nous valorisons votre confiance et garantissons des conditions de jeu transparentes. Tous les r\u00e9sultats des jeux sont g\u00e9n\u00e9r\u00e9s de mani\u00e8re al\u00e9atoire en utilisant des g\u00e9n\u00e9rateurs de nombres al\u00e9atoires certifi\u00e9s. Vos donn\u00e9es sont s\u00e9curis\u00e9es gr\u00e2ce aux technologies de cryptage modernes et aux protocoles de s\u00e9curit\u00e9. Chez Vulkan, vous pouvez \u00eatre s\u00fbr de jouer de mani\u00e8re \u00e9quitable et en toute s\u00e9curit\u00e9.<\/span><\/li>\n<li><b>Bonus et promotions<\/b><span style=\"font-weight: 400;\"> Chez Vulkan, il y a toujours quelque chose pour ravir nos joueurs ! Les nouveaux venus sont accueillis avec des bonus de bienvenue g\u00e9n\u00e9reux pour rendre leurs premiers pas dans le monde des jeux de hasard encore plus excitants. Promotions r\u00e9guli\u00e8res, tours gratuits, cashback et offres exclusives pour les joueurs r\u00e9guliers \u2014 votre passion sera bien r\u00e9compens\u00e9e avec nous. Participez \u00e0 des tournois et des loteries pour recevoir des prix et des bonus suppl\u00e9mentaires.<\/span><\/li>\n<li><b>Commodit\u00e9 et accessibilit\u00e9<\/b><span style=\"font-weight: 400;\"> Notre site est con\u00e7u en tenant compte de tous les besoins des joueurs. Une interface conviviale, une inscription rapide, des d\u00e9p\u00f4ts et des retraits instantan\u00e9s rendent le jeu aussi confortable et agr\u00e9able que possible. Nous prenons en charge de nombreux syst\u00e8mes de paiement afin que vous puissiez choisir la m\u00e9thode la plus pratique pour d\u00e9poser et retirer vos gains. Jouez \u00e0 tout moment, n&rsquo;importe o\u00f9 \u2014 notre site est optimis\u00e9 pour les appareils mobiles et les tablettes.<\/span><\/li>\n<li><b>Support 24\/7<\/b><span style=\"font-weight: 400;\"> Vous avez des questions ou des probl\u00e8mes ? Notre \u00e9quipe de support est pr\u00eate \u00e0 vous aider \u00e0 tout moment, de jour comme de nuit. Des op\u00e9rateurs professionnels r\u00e9soudront rapidement tous les probl\u00e8mes et fourniront les informations n\u00e9cessaires. Vous pouvez nous contacter par t\u00e9l\u00e9phone, par e-mail ou via le chat en ligne. Nous faisons tout pour que votre jeu soit confortable et sans souci.<\/span><\/li>\n<\/ol>\n<h2><b>Rejoignez Vulkan et commencez \u00e0 gagner !<\/b><\/h2>\n<p><span style=\"font-weight: 400;\">Ne manquez pas votre chance de devenir membre du casino en ligne le plus populaire. Inscrivez-vous maintenant et recevez votre premier bonus ! Vulkan est un endroit o\u00f9 chacun peut trouver sa chance et vivre des \u00e9motions inoubliables. Nos programmes de fid\u00e9lit\u00e9 et notre club VIP offrent des privil\u00e8ges suppl\u00e9mentaires \u00e0 nos joueurs les plus d\u00e9vou\u00e9s.<\/span><\/p>\n<h3><b>Histoire et r\u00e9putation<\/b><\/h3>\n<p><span style=\"font-weight: 400;\">Le casino Vulkan a une longue histoire et une r\u00e9putation bien m\u00e9rit\u00e9e parmi les joueurs du monde entier. Nous nous effor\u00e7ons de maintenir des normes de service \u00e9lev\u00e9es et d&rsquo;am\u00e9liorer continuellement nos offres. Des milliers de clients satisfaits choisissent Vulkan pour sa fiabilit\u00e9, sa g\u00e9n\u00e9rosit\u00e9 et son atmosph\u00e8re unique.<\/span><\/p>\n<h3><b>Jeu responsable<\/b><\/h3>\n<p><span style=\"font-weight: 400;\">Nous soutenons le concept de jeu responsable et nous nous soucions du bien-\u00eatre de nos joueurs. Chez Vulkan, vous trouverez des outils pour g\u00e9rer votre temps et vos d\u00e9penses, ainsi que des informations sur la fa\u00e7on d&rsquo;\u00e9viter la d\u00e9pendance aux jeux. Nous sommes toujours pr\u00eats \u00e0 fournir un soutien et une aide \u00e0 ceux qui en ont besoin.<\/span><\/p>\n<h3><b>Commencez votre aventure aujourd&rsquo;hui. Vulkan vous attend !<\/b><\/h3>\n<p><span style=\"font-weight: 400;\">Vulkan n&rsquo;est pas seulement un casino ; c&rsquo;est tout un monde d&rsquo;excitation et de divertissement o\u00f9 chacun peut trouver quelque chose pour lui. Devenez membre de notre famille amicale et passionn\u00e9e. L&rsquo;inscription ne prend que quelques minutes, et d\u00e8s aujourd&rsquo;hui, vous pouvez vous plonger dans un monde d&rsquo;\u00e9motions inoubliables et de grands gains.<\/span><\/p>\n<p><span style=\"font-weight: 400;\">Rejoignez-nous et d\u00e9couvrez pourquoi des millions de joueurs choisissent Vulkan !<\/span><\/p>\n","protected":false},"excerpt":{"rendered":"<p>Pourquoi choisir Vulkan ? Large gamme de jeux Dans notre casino, vous trouverez une vaste s\u00e9lection de machines \u00e0 sous, de jeux de table et de jeux de casino en direct avec de vrais croupiers. Nous proposons des machines \u00e0 sous classiques, du vid\u00e9o poker, de la roulette, du blackjack, du baccarat et bien d&rsquo;autres [&hellip;]<\/p>\n","protected":false},"author":1,"featured_media":0,"parent":0,"menu_order":0,"comment_status":"closed","ping_status":"closed","template":"full-width-template.php","meta":{"footnotes":""},"class_list":["post-7","page","type-page","status-publish","hentry"],"yoast_head":"<!-- This site is optimized with the Yoast SEO plugin v27.2 - https:\/\/yoast.com\/product\/yoast-seo-wordpress\/ -->\n<title>\u0418\u0433\u0440\u0430\u0442\u044c \u0432 \u043a\u0430\u0437\u0438\u043d\u043e \u0412\u0443\u043b\u043a\u0430\u043d \u043d\u0430 \u0440\u0435\u0430\u043b\u044c\u043d\u044b\u0435 \u0434\u0435\u043d\u044c\u0433\u0438<\/title>\n<meta name=\"description\" content=\"Jouez et gagnez au Vulkan Casino. Machines \u00e0 sous, roulette, poker, jeux crash au casino en ligne Vulkan. Faites un d\u00e9p\u00f4t et recevez un bonus de bienvenue.\" \/>\n<meta name=\"robots\" content=\"index, follow, max-snippet:-1, max-image-preview:large, max-video-preview:-1\" \/>\n<link rel=\"canonical\" href=\"https:\/\/vulkan-russiaigrai.com\/fr\/\" \/>\n<meta property=\"og:locale\" content=\"fr_FR\" \/>\n<meta property=\"og:locale:alternate\" content=\"ru_RU\" \/>\n<meta property=\"og:locale:alternate\" content=\"en_US\" \/>\n<meta property=\"og:locale:alternate\" content=\"pt_PT\" \/>\n<meta property=\"og:locale:alternate\" content=\"es_ES\" \/>\n<meta property=\"og:locale:alternate\" content=\"ro_RO\" \/>\n<meta property=\"og:locale:alternate\" content=\"sr_RS\" \/>\n<meta property=\"og:locale:alternate\" content=\"bg_BG\" \/>\n<meta property=\"og:locale:alternate\" content=\"it_IT\" \/>\n<meta property=\"og:type\" content=\"article\" \/>\n<meta property=\"og:title\" content=\"\u0418\u0433\u0440\u0430\u0442\u044c \u0432 \u043a\u0430\u0437\u0438\u043d\u043e \u0412\u0443\u043b\u043a\u0430\u043d \u043d\u0430 \u0440\u0435\u0430\u043b\u044c\u043d\u044b\u0435 \u0434\u0435\u043d\u044c\u0433\u0438\" \/>\n<meta property=\"og:description\" content=\"\u0418\u0433\u0440\u0430\u0442\u044c \u0438 \u043f\u043e\u0431\u0435\u0436\u0434\u0430\u0442\u044c \u0432 \u043a\u0430\u0437\u0438\u043d\u043e \u0412\u0443\u043b\u043a\u0430\u043d. \u0421\u043b\u043e\u0442\u044b, \u0440\u0443\u043b\u0435\u0442\u043a\u0438, \u043f\u043e\u043a\u0435\u0440, \u043a\u0440\u0430\u0448 \u0438\u0433\u0440\u044b \u0432 \u043e\u043d\u043b\u0430\u0439\u043d \u043a\u0430\u0437\u0438\u043d\u043e \u0412\u0443\u043b\u043a\u0430\u043d. \u0412\u043d\u0435\u0441\u0442\u0438 \u0434\u0435\u043f\u043e\u0437\u0438\u0442 \u0438 \u043f\u043e\u043b\u0443\u0447\u0438\u0442\u044c \u043f\u0440\u0438\u0432\u0435\u0442\u0441\u0442\u0432\u0435\u043d\u043d\u044b\u0439 \u0431\u043e\u043d\u0443\u0441\" \/>\n<meta property=\"og:url\" content=\"https:\/\/vulkan-russiaigrai.com\/fr\/\" \/>\n<meta property=\"og:site_name\" content=\"Vulkan\" \/>\n<meta property=\"article:modified_time\" content=\"2024-06-18T17:50:36+00:00\" \/>\n<meta name=\"twitter:card\" content=\"summary_large_image\" \/>\n<meta name=\"twitter:label1\" content=\"Dur\u00e9e de lecture estim\u00e9e\" \/>\n\t<meta name=\"twitter:data1\" content=\"18 minutes\" \/>\n<script type=\"application\/ld+json\" class=\"yoast-schema-graph\">{\"@context\":\"https:\/\/schema.org\",\"@graph\":[{\"@type\":\"WebPage\",\"@id\":\"https:\/\/vulkan-russiaigrai.com\/\",\"url\":\"https:\/\/vulkan-russiaigrai.com\/\",\"name\":\"\u0418\u0433\u0440\u0430\u0442\u044c \u0432 \u043a\u0430\u0437\u0438\u043d\u043e \u0412\u0443\u043b\u043a\u0430\u043d \u043d\u0430 \u0440\u0435\u0430\u043b\u044c\u043d\u044b\u0435 \u0434\u0435\u043d\u044c\u0433\u0438\",\"isPartOf\":{\"@id\":\"https:\/\/vulkan-russiaigrai.com\/#website\"},\"datePublished\":\"2024-06-17T12:09:28+00:00\",\"dateModified\":\"2024-06-18T17:50:36+00:00\",\"description\":\"\u0418\u0433\u0440\u0430\u0442\u044c \u0438 \u043f\u043e\u0431\u0435\u0436\u0434\u0430\u0442\u044c \u0432 \u043a\u0430\u0437\u0438\u043d\u043e \u0412\u0443\u043b\u043a\u0430\u043d. \u0421\u043b\u043e\u0442\u044b, \u0440\u0443\u043b\u0435\u0442\u043a\u0438, \u043f\u043e\u043a\u0435\u0440, \u043a\u0440\u0430\u0448 \u0438\u0433\u0440\u044b \u0432 \u043e\u043d\u043b\u0430\u0439\u043d \u043a\u0430\u0437\u0438\u043d\u043e \u0412\u0443\u043b\u043a\u0430\u043d. \u0412\u043d\u0435\u0441\u0442\u0438 \u0434\u0435\u043f\u043e\u0437\u0438\u0442 \u0438 \u043f\u043e\u043b\u0443\u0447\u0438\u0442\u044c \u043f\u0440\u0438\u0432\u0435\u0442\u0441\u0442\u0432\u0435\u043d\u043d\u044b\u0439 \u0431\u043e\u043d\u0443\u0441\",\"breadcrumb\":{\"@id\":\"https:\/\/vulkan-russiaigrai.com\/#breadcrumb\"},\"inLanguage\":\"fr-FR\",\"potentialAction\":[{\"@type\":\"ReadAction\",\"target\":[\"https:\/\/vulkan-russiaigrai.com\/\"]}]},{\"@type\":\"BreadcrumbList\",\"@id\":\"https:\/\/vulkan-russiaigrai.com\/#breadcrumb\",\"itemListElement\":[{\"@type\":\"ListItem\",\"position\":1,\"name\":\"\u0413\u043b\u0430\u0432\u043d\u0430\u044f \u0441\u0442\u0440\u0430\u043d\u0438\u0446\u0430\",\"item\":\"https:\/\/vulkan-russiaigrai.com\/\"},{\"@type\":\"ListItem\",\"position\":2,\"name\":\"\u0418\u0433\u0440\u0430\u0442\u044c \u0432 \u043a\u0430\u0437\u0438\u043d\u043e \u0412\u0443\u043b\u043a\u0430\u043d\"}]},{\"@type\":\"WebSite\",\"@id\":\"https:\/\/vulkan-russiaigrai.com\/#website\",\"url\":\"https:\/\/vulkan-russiaigrai.com\/\",\"name\":\"Vulkan\",\"description\":\"\",\"publisher\":{\"@id\":\"https:\/\/vulkan-russiaigrai.com\/#organization\"},\"potentialAction\":[{\"@type\":\"SearchAction\",\"target\":{\"@type\":\"EntryPoint\",\"urlTemplate\":\"https:\/\/vulkan-russiaigrai.com\/?s={search_term_string}\"},\"query-input\":{\"@type\":\"PropertyValueSpecification\",\"valueRequired\":true,\"valueName\":\"search_term_string\"}}],\"inLanguage\":\"fr-FR\"},{\"@type\":\"Organization\",\"@id\":\"https:\/\/vulkan-russiaigrai.com\/#organization\",\"name\":\"Vulkan\",\"url\":\"https:\/\/vulkan-russiaigrai.com\/\",\"logo\":{\"@type\":\"ImageObject\",\"inLanguage\":\"fr-FR\",\"@id\":\"https:\/\/vulkan-russiaigrai.com\/#\/schema\/logo\/image\/\",\"url\":\"https:\/\/vulkan-russiaigrai.com\/wp-content\/uploads\/cropped-wulkan-e1718727462590.png\",\"contentUrl\":\"https:\/\/vulkan-russiaigrai.com\/wp-content\/uploads\/cropped-wulkan-e1718727462590.png\",\"width\":80,\"height\":40,\"caption\":\"Vulkan\"},\"image\":{\"@id\":\"https:\/\/vulkan-russiaigrai.com\/#\/schema\/logo\/image\/\"}}]}<\/script>\n<!-- \/ Yoast SEO plugin. -->","yoast_head_json":{"title":"\u0418\u0433\u0440\u0430\u0442\u044c \u0432 \u043a\u0430\u0437\u0438\u043d\u043e \u0412\u0443\u043b\u043a\u0430\u043d \u043d\u0430 \u0440\u0435\u0430\u043b\u044c\u043d\u044b\u0435 \u0434\u0435\u043d\u044c\u0433\u0438","description":"Jouez et gagnez au Vulkan Casino. Machines \u00e0 sous, roulette, poker, jeux crash au casino en ligne Vulkan. Faites un d\u00e9p\u00f4t et recevez un bonus de bienvenue.","robots":{"index":"index","follow":"follow","max-snippet":"max-snippet:-1","max-image-preview":"max-image-preview:large","max-video-preview":"max-video-preview:-1"},"canonical":"https:\/\/vulkan-russiaigrai.com\/fr\/","og_locale":"fr_FR","og_type":"article","og_title":"\u0418\u0433\u0440\u0430\u0442\u044c \u0432 \u043a\u0430\u0437\u0438\u043d\u043e \u0412\u0443\u043b\u043a\u0430\u043d \u043d\u0430 \u0440\u0435\u0430\u043b\u044c\u043d\u044b\u0435 \u0434\u0435\u043d\u044c\u0433\u0438","og_description":"\u0418\u0433\u0440\u0430\u0442\u044c \u0438 \u043f\u043e\u0431\u0435\u0436\u0434\u0430\u0442\u044c \u0432 \u043a\u0430\u0437\u0438\u043d\u043e \u0412\u0443\u043b\u043a\u0430\u043d. \u0421\u043b\u043e\u0442\u044b, \u0440\u0443\u043b\u0435\u0442\u043a\u0438, \u043f\u043e\u043a\u0435\u0440, \u043a\u0440\u0430\u0448 \u0438\u0433\u0440\u044b \u0432 \u043e\u043d\u043b\u0430\u0439\u043d \u043a\u0430\u0437\u0438\u043d\u043e \u0412\u0443\u043b\u043a\u0430\u043d. \u0412\u043d\u0435\u0441\u0442\u0438 \u0434\u0435\u043f\u043e\u0437\u0438\u0442 \u0438 \u043f\u043e\u043b\u0443\u0447\u0438\u0442\u044c \u043f\u0440\u0438\u0432\u0435\u0442\u0441\u0442\u0432\u0435\u043d\u043d\u044b\u0439 \u0431\u043e\u043d\u0443\u0441","og_url":"https:\/\/vulkan-russiaigrai.com\/fr\/","og_site_name":"Vulkan","article_modified_time":"2024-06-18T17:50:36+00:00","twitter_card":"summary_large_image","twitter_misc":{"Dur\u00e9e de lecture estim\u00e9e":"18 minutes"},"schema":{"@context":"https:\/\/schema.org","@graph":[{"@type":"WebPage","@id":"https:\/\/vulkan-russiaigrai.com\/","url":"https:\/\/vulkan-russiaigrai.com\/","name":"\u0418\u0433\u0440\u0430\u0442\u044c \u0432 \u043a\u0430\u0437\u0438\u043d\u043e \u0412\u0443\u043b\u043a\u0430\u043d \u043d\u0430 \u0440\u0435\u0430\u043b\u044c\u043d\u044b\u0435 \u0434\u0435\u043d\u044c\u0433\u0438","isPartOf":{"@id":"https:\/\/vulkan-russiaigrai.com\/#website"},"datePublished":"2024-06-17T12:09:28+00:00","dateModified":"2024-06-18T17:50:36+00:00","description":"\u0418\u0433\u0440\u0430\u0442\u044c \u0438 \u043f\u043e\u0431\u0435\u0436\u0434\u0430\u0442\u044c \u0432 \u043a\u0430\u0437\u0438\u043d\u043e \u0412\u0443\u043b\u043a\u0430\u043d. \u0421\u043b\u043e\u0442\u044b, \u0440\u0443\u043b\u0435\u0442\u043a\u0438, \u043f\u043e\u043a\u0435\u0440, \u043a\u0440\u0430\u0448 \u0438\u0433\u0440\u044b \u0432 \u043e\u043d\u043b\u0430\u0439\u043d \u043a\u0430\u0437\u0438\u043d\u043e \u0412\u0443\u043b\u043a\u0430\u043d. \u0412\u043d\u0435\u0441\u0442\u0438 \u0434\u0435\u043f\u043e\u0437\u0438\u0442 \u0438 \u043f\u043e\u043b\u0443\u0447\u0438\u0442\u044c \u043f\u0440\u0438\u0432\u0435\u0442\u0441\u0442\u0432\u0435\u043d\u043d\u044b\u0439 \u0431\u043e\u043d\u0443\u0441","breadcrumb":{"@id":"https:\/\/vulkan-russiaigrai.com\/#breadcrumb"},"inLanguage":"fr-FR","potentialAction":[{"@type":"ReadAction","target":["https:\/\/vulkan-russiaigrai.com\/"]}]},{"@type":"BreadcrumbList","@id":"https:\/\/vulkan-russiaigrai.com\/#breadcrumb","itemListElement":[{"@type":"ListItem","position":1,"name":"\u0413\u043b\u0430\u0432\u043d\u0430\u044f \u0441\u0442\u0440\u0430\u043d\u0438\u0446\u0430","item":"https:\/\/vulkan-russiaigrai.com\/"},{"@type":"ListItem","position":2,"name":"\u0418\u0433\u0440\u0430\u0442\u044c \u0432 \u043a\u0430\u0437\u0438\u043d\u043e \u0412\u0443\u043b\u043a\u0430\u043d"}]},{"@type":"WebSite","@id":"https:\/\/vulkan-russiaigrai.com\/#website","url":"https:\/\/vulkan-russiaigrai.com\/","name":"Vulkan","description":"","publisher":{"@id":"https:\/\/vulkan-russiaigrai.com\/#organization"},"potentialAction":[{"@type":"SearchAction","target":{"@type":"EntryPoint","urlTemplate":"https:\/\/vulkan-russiaigrai.com\/?s={search_term_string}"},"query-input":{"@type":"PropertyValueSpecification","valueRequired":true,"valueName":"search_term_string"}}],"inLanguage":"fr-FR"},{"@type":"Organization","@id":"https:\/\/vulkan-russiaigrai.com\/#organization","name":"Vulkan","url":"https:\/\/vulkan-russiaigrai.com\/","logo":{"@type":"ImageObject","inLanguage":"fr-FR","@id":"https:\/\/vulkan-russiaigrai.com\/#\/schema\/logo\/image\/","url":"https:\/\/vulkan-russiaigrai.com\/wp-content\/uploads\/cropped-wulkan-e1718727462590.png","contentUrl":"https:\/\/vulkan-russiaigrai.com\/wp-content\/uploads\/cropped-wulkan-e1718727462590.png","width":80,"height":40,"caption":"Vulkan"},"image":{"@id":"https:\/\/vulkan-russiaigrai.com\/#\/schema\/logo\/image\/"}}]}},"_links":{"self":[{"href":"https:\/\/vulkan-russiaigrai.com\/fr\/wp-json\/wp\/v2\/pages\/7","targetHints":{"allow":["GET"]}}],"collection":[{"href":"https:\/\/vulkan-russiaigrai.com\/fr\/wp-json\/wp\/v2\/pages"}],"about":[{"href":"https:\/\/vulkan-russiaigrai.com\/fr\/wp-json\/wp\/v2\/types\/page"}],"author":[{"embeddable":true,"href":"https:\/\/vulkan-russiaigrai.com\/fr\/wp-json\/wp\/v2\/users\/1"}],"replies":[{"embeddable":true,"href":"https:\/\/vulkan-russiaigrai.com\/fr\/wp-json\/wp\/v2\/comments?post=7"}],"version-history":[{"count":18,"href":"https:\/\/vulkan-russiaigrai.com\/fr\/wp-json\/wp\/v2\/pages\/7\/revisions"}],"predecessor-version":[{"id":102,"href":"https:\/\/vulkan-russiaigrai.com\/fr\/wp-json\/wp\/v2\/pages\/7\/revisions\/102"}],"wp:attachment":[{"href":"https:\/\/vulkan-russiaigrai.com\/fr\/wp-json\/wp\/v2\/media?parent=7"}],"curies":[{"name":"wp","href":"https:\/\/api.w.org\/{rel}","templated":true}]}}