{"id":14,"date":"2024-06-17T15:20:00","date_gmt":"2024-06-17T12:20:00","guid":{"rendered":"https:\/\/vulkan-russiaigrai.com\/?page_id=14"},"modified":"2024-06-21T00:19:03","modified_gmt":"2024-06-20T21:19:03","slug":"player-reviews-of-vulkan-casino","status":"publish","type":"page","link":"https:\/\/vulkan-russiaigrai.com\/it\/player-reviews-of-vulkan-casino\/","title":{"rendered":"Recensioni dei Giocatori sul Casin\u00f2 Vulkan"},"content":{"rendered":"<p><b>Aleksei K.<\/b><span style=\"font-weight: 400;\"> &#8220;Gioco al Vulkan Casino da diversi mesi. Mi piace molto la variet\u00e0 di slot e le promozioni regolari. Il bonus di benvenuto mi ha particolarmente soddisfatto, poich\u00e9 mi ha aiutato ad aumentare il mio capitale iniziale. Il supporto risponde sempre rapidamente e aiuta a risolvere eventuali problemi.&#8221;<\/span><\/p>\n<p><b>Marina P.<\/b><span style=\"font-weight: 400;\"> &#8220;Vulkan \u00e8 una vera scoperta per me! Una vasta selezione di giochi e un ottimo interfaccia. Partecipo spesso ai tornei e a volte vinco. I bonus cashback sono fantastici quando la fortuna non \u00e8 dalla tua parte. Lo consiglio a chiunque cerchi un casin\u00f2 affidabile.&#8221;<\/span><\/p>\n<p><b>Sergei L.<\/b><span style=\"font-weight: 400;\"> &#8220;Mi sono registrato a Vulkan per curiosit\u00e0 e ora \u00e8 il mio casin\u00f2 principale. I bonus regolari e i modi convenienti per ricaricare il conto rendono il gioco confortevole. In un paio di mesi ho vinto una somma decente, che ho prelevato sulla mia carta senza problemi. Sono molto soddisfatto!&#8221;<\/span><\/p>\n<p><b>Elena M.<\/b><span style=\"font-weight: 400;\"> &#8220;Vulkan Casino \u00e8 il posto migliore per gli appassionati di gioco d&#8217;azzardo. Mi \u00e8 piaciuta l&#8217;interfaccia del sito web e i tanti slot interessanti. Il programma fedelt\u00e0, che offre bonus aggiuntivi, mi ha piacevolmente sorpreso. Gioco con piacere!&#8221;<\/span><\/p>\n<p><b>Igor S.<\/b><span style=\"font-weight: 400;\"> &#8220;Gioco a Vulkan da quasi un anno. La affidabilit\u00e0 e l&#8217;onest\u00e0 del casin\u00f2 mi rendono felice. Tutte le vincite vengono pagate puntualmente e non ci sono problemi con i prelievi. Apprezzo particolarmente l&#8217;ottimo servizio di supporto, sempre cortese e competente.&#8221;<\/span><\/p>\n<p><b>Natalia V.<\/b><span style=\"font-weight: 400;\"> &#8220;Vulkan \u00e8 un ottimo casin\u00f2! Un sacco di bonus, promozioni interessanti e tornei. Il bonus di benvenuto \u00e8 veramente generoso, aiutando a fare i primi passi nel gioco. Il supporto funziona al massimo livello, sempre pronto ad aiutare. Gioco qui con piacere!&#8221;<\/span><\/p>\n<p><b>Dmitry Zh.<\/b><span style=\"font-weight: 400;\"> &#8220;Amo Vulkan per la vasta selezione di slot e i bonus regolari. Mi piace soprattutto la funzione cashback, che permette di recuperare parte del denaro perso. I prelievi sono sempre veloci e senza problemi. Lo consiglio a tutti i miei amici!&#8221;<\/span><\/p>\n<p><b>Anna K.<\/b><span style=\"font-weight: 400;\"> &#8220;Mi sono registrata recentemente a Vulkan e sono riuscita gi\u00e0 a vincere! Il bonus di benvenuto e i giri gratuiti hanno reso il gioco molto interessante. Buona selezione di giochi e un&#8217;interfaccia piacevole del sito web. Ho intenzione di continuare a giocare qui!&#8221;<\/span><\/p>\n<p><b>Maksim T.<\/b><span style=\"font-weight: 400;\"> &#8220;Vulkan \u00e8 un casin\u00f2 in cui puoi fidarti. Gioco qui da diversi mesi e sono sempre soddisfatto della qualit\u00e0 del servizio. I bonus sono regolari e vantaggiosi, e mi piace soprattutto il sistema di fedelt\u00e0. Il supporto \u00e8 rapido e sempre pronto ad aiutare.&#8221;<\/span><\/p>\n<p><b>Olga R.<\/b><span style=\"font-weight: 400;\"> &#8220;Gioco con piacere a Vulkan. Mi piace la vasta selezione di giochi e i generosi bonus. Partecipo spesso a promozioni e tornei dove \u00e8 possibile vincere premi aggiuntivi. I prelievi sono sempre veloci e senza ritardi. Ottimo casin\u00f2!&#8221;<\/span><\/p>\n","protected":false},"excerpt":{"rendered":"<p>Aleksei K. &#8220;Gioco al Vulkan Casino da diversi mesi. Mi piace molto la variet\u00e0 di slot e le promozioni regolari. Il bonus di benvenuto mi ha particolarmente soddisfatto, poich\u00e9 mi ha aiutato ad aumentare il mio capitale iniziale. Il supporto risponde sempre rapidamente e aiuta a risolvere eventuali problemi.&#8221; Marina P. &#8220;Vulkan \u00e8 una vera [&hellip;]<\/p>\n","protected":false},"author":1,"featured_media":0,"parent":0,"menu_order":0,"comment_status":"closed","ping_status":"closed","template":"full-width-template.php","meta":{"footnotes":""},"class_list":["post-14","page","type-page","status-publish","hentry"],"yoast_head":"<!-- This site is optimized with the Yoast SEO plugin v27.2 - https:\/\/yoast.com\/product\/yoast-seo-wordpress\/ -->\n<title>\u041e\u0442\u0437\u044b\u0432\u044b \u0438\u0433\u0440\u043e\u043a\u043e\u0432 \u043e \u043a\u0430\u0437\u0438\u043d\u043e \u0412\u0443\u043b\u043a\u0430\u043d<\/title>\n<meta name=\"description\" content=\"Recensioni di giocatori reali sulla loro esperienza di gioco al Vulkan Casino. Recensioni, opinioni e feedback dei giocatori.\" \/>\n<meta name=\"robots\" content=\"index, follow, max-snippet:-1, max-image-preview:large, max-video-preview:-1\" \/>\n<link rel=\"canonical\" href=\"https:\/\/vulkan-russiaigrai.com\/it\/player-reviews-of-vulkan-casino\/\" \/>\n<meta property=\"og:locale\" content=\"it_IT\" \/>\n<meta property=\"og:locale:alternate\" content=\"ru_RU\" \/>\n<meta property=\"og:locale:alternate\" content=\"en_US\" \/>\n<meta property=\"og:locale:alternate\" content=\"pt_PT\" \/>\n<meta property=\"og:locale:alternate\" content=\"es_ES\" \/>\n<meta property=\"og:locale:alternate\" content=\"fr_FR\" \/>\n<meta property=\"og:locale:alternate\" content=\"ro_RO\" \/>\n<meta property=\"og:locale:alternate\" content=\"sr_RS\" \/>\n<meta property=\"og:locale:alternate\" content=\"bg_BG\" \/>\n<meta property=\"og:type\" content=\"article\" \/>\n<meta property=\"og:title\" content=\"\u041e\u0442\u0437\u044b\u0432\u044b \u0438\u0433\u0440\u043e\u043a\u043e\u0432 \u043e \u043a\u0430\u0437\u0438\u043d\u043e \u0412\u0443\u043b\u043a\u0430\u043d\" \/>\n<meta property=\"og:description\" content=\"\u041e\u0442\u0437\u044b\u0432\u044b \u0440\u0435\u0430\u043b\u044c\u043d\u044b\u0445 \u0438\u0433\u0440\u043e\u043a\u043e\u0432 \u043e\u0431 \u043e\u043f\u044b\u0442\u0435 \u0438\u0433\u0440\u044b \u0432 \u043a\u0430\u0437\u0438\u043d\u043e \u0412\u0443\u043b\u043a\u0430\u043d. \u041e\u0431\u0437\u043e\u0440\u044b, \u043c\u043d\u0435\u043d\u0438\u044f \u0438 \u043e\u0442\u0437\u044b\u0432\u044b \u0438\u0433\u0440\u043e\u043a\u043e\u0432\" \/>\n<meta property=\"og:url\" content=\"https:\/\/vulkan-russiaigrai.com\/it\/player-reviews-of-vulkan-casino\/\" \/>\n<meta property=\"og:site_name\" content=\"Vulkan\" \/>\n<meta property=\"article:modified_time\" content=\"2024-06-20T21:19:03+00:00\" \/>\n<meta name=\"twitter:card\" content=\"summary_large_image\" \/>\n<meta name=\"twitter:label1\" content=\"Tempo di lettura stimato\" \/>\n\t<meta name=\"twitter:data1\" content=\"14 minuti\" \/>\n<script type=\"application\/ld+json\" class=\"yoast-schema-graph\">{\"@context\":\"https:\/\/schema.org\",\"@graph\":[{\"@type\":\"WebPage\",\"@id\":\"https:\/\/vulkan-russiaigrai.com\/player-reviews-of-vulkan-casino\/\",\"url\":\"https:\/\/vulkan-russiaigrai.com\/player-reviews-of-vulkan-casino\/\",\"name\":\"\u041e\u0442\u0437\u044b\u0432\u044b \u0438\u0433\u0440\u043e\u043a\u043e\u0432 \u043e \u043a\u0430\u0437\u0438\u043d\u043e \u0412\u0443\u043b\u043a\u0430\u043d\",\"isPartOf\":{\"@id\":\"https:\/\/vulkan-russiaigrai.com\/#website\"},\"datePublished\":\"2024-06-17T12:20:00+00:00\",\"dateModified\":\"2024-06-20T21:19:03+00:00\",\"description\":\"\u041e\u0442\u0437\u044b\u0432\u044b \u0440\u0435\u0430\u043b\u044c\u043d\u044b\u0445 \u0438\u0433\u0440\u043e\u043a\u043e\u0432 \u043e\u0431 \u043e\u043f\u044b\u0442\u0435 \u0438\u0433\u0440\u044b \u0432 \u043a\u0430\u0437\u0438\u043d\u043e \u0412\u0443\u043b\u043a\u0430\u043d. \u041e\u0431\u0437\u043e\u0440\u044b, \u043c\u043d\u0435\u043d\u0438\u044f \u0438 \u043e\u0442\u0437\u044b\u0432\u044b \u0438\u0433\u0440\u043e\u043a\u043e\u0432\",\"breadcrumb\":{\"@id\":\"https:\/\/vulkan-russiaigrai.com\/player-reviews-of-vulkan-casino\/#breadcrumb\"},\"inLanguage\":\"it-IT\",\"potentialAction\":[{\"@type\":\"ReadAction\",\"target\":[\"https:\/\/vulkan-russiaigrai.com\/player-reviews-of-vulkan-casino\/\"]}]},{\"@type\":\"BreadcrumbList\",\"@id\":\"https:\/\/vulkan-russiaigrai.com\/player-reviews-of-vulkan-casino\/#breadcrumb\",\"itemListElement\":[{\"@type\":\"ListItem\",\"position\":1,\"name\":\"\u0413\u043b\u0430\u0432\u043d\u0430\u044f \u0441\u0442\u0440\u0430\u043d\u0438\u0446\u0430\",\"item\":\"https:\/\/vulkan-russiaigrai.com\/\"},{\"@type\":\"ListItem\",\"position\":2,\"name\":\"\u041e\u0442\u0437\u044b\u0432\u044b \u0438\u0433\u0440\u043e\u043a\u043e\u0432 \u043e \u043a\u0430\u0437\u0438\u043d\u043e \u0412\u0443\u043b\u043a\u0430\u043d\"}]},{\"@type\":\"WebSite\",\"@id\":\"https:\/\/vulkan-russiaigrai.com\/#website\",\"url\":\"https:\/\/vulkan-russiaigrai.com\/\",\"name\":\"Vulkan\",\"description\":\"\",\"publisher\":{\"@id\":\"https:\/\/vulkan-russiaigrai.com\/#organization\"},\"potentialAction\":[{\"@type\":\"SearchAction\",\"target\":{\"@type\":\"EntryPoint\",\"urlTemplate\":\"https:\/\/vulkan-russiaigrai.com\/?s={search_term_string}\"},\"query-input\":{\"@type\":\"PropertyValueSpecification\",\"valueRequired\":true,\"valueName\":\"search_term_string\"}}],\"inLanguage\":\"it-IT\"},{\"@type\":\"Organization\",\"@id\":\"https:\/\/vulkan-russiaigrai.com\/#organization\",\"name\":\"Vulkan\",\"url\":\"https:\/\/vulkan-russiaigrai.com\/\",\"logo\":{\"@type\":\"ImageObject\",\"inLanguage\":\"it-IT\",\"@id\":\"https:\/\/vulkan-russiaigrai.com\/#\/schema\/logo\/image\/\",\"url\":\"https:\/\/vulkan-russiaigrai.com\/wp-content\/uploads\/cropped-wulkan-e1718727462590.png\",\"contentUrl\":\"https:\/\/vulkan-russiaigrai.com\/wp-content\/uploads\/cropped-wulkan-e1718727462590.png\",\"width\":80,\"height\":40,\"caption\":\"Vulkan\"},\"image\":{\"@id\":\"https:\/\/vulkan-russiaigrai.com\/#\/schema\/logo\/image\/\"}}]}<\/script>\n<!-- \/ Yoast SEO plugin. -->","yoast_head_json":{"title":"\u041e\u0442\u0437\u044b\u0432\u044b \u0438\u0433\u0440\u043e\u043a\u043e\u0432 \u043e \u043a\u0430\u0437\u0438\u043d\u043e \u0412\u0443\u043b\u043a\u0430\u043d","description":"Recensioni di giocatori reali sulla loro esperienza di gioco al Vulkan Casino. Recensioni, opinioni e feedback dei giocatori.","robots":{"index":"index","follow":"follow","max-snippet":"max-snippet:-1","max-image-preview":"max-image-preview:large","max-video-preview":"max-video-preview:-1"},"canonical":"https:\/\/vulkan-russiaigrai.com\/it\/player-reviews-of-vulkan-casino\/","og_locale":"it_IT","og_type":"article","og_title":"\u041e\u0442\u0437\u044b\u0432\u044b \u0438\u0433\u0440\u043e\u043a\u043e\u0432 \u043e \u043a\u0430\u0437\u0438\u043d\u043e \u0412\u0443\u043b\u043a\u0430\u043d","og_description":"\u041e\u0442\u0437\u044b\u0432\u044b \u0440\u0435\u0430\u043b\u044c\u043d\u044b\u0445 \u0438\u0433\u0440\u043e\u043a\u043e\u0432 \u043e\u0431 \u043e\u043f\u044b\u0442\u0435 \u0438\u0433\u0440\u044b \u0432 \u043a\u0430\u0437\u0438\u043d\u043e \u0412\u0443\u043b\u043a\u0430\u043d. \u041e\u0431\u0437\u043e\u0440\u044b, \u043c\u043d\u0435\u043d\u0438\u044f \u0438 \u043e\u0442\u0437\u044b\u0432\u044b \u0438\u0433\u0440\u043e\u043a\u043e\u0432","og_url":"https:\/\/vulkan-russiaigrai.com\/it\/player-reviews-of-vulkan-casino\/","og_site_name":"Vulkan","article_modified_time":"2024-06-20T21:19:03+00:00","twitter_card":"summary_large_image","twitter_misc":{"Tempo di lettura stimato":"14 minuti"},"schema":{"@context":"https:\/\/schema.org","@graph":[{"@type":"WebPage","@id":"https:\/\/vulkan-russiaigrai.com\/player-reviews-of-vulkan-casino\/","url":"https:\/\/vulkan-russiaigrai.com\/player-reviews-of-vulkan-casino\/","name":"\u041e\u0442\u0437\u044b\u0432\u044b \u0438\u0433\u0440\u043e\u043a\u043e\u0432 \u043e \u043a\u0430\u0437\u0438\u043d\u043e \u0412\u0443\u043b\u043a\u0430\u043d","isPartOf":{"@id":"https:\/\/vulkan-russiaigrai.com\/#website"},"datePublished":"2024-06-17T12:20:00+00:00","dateModified":"2024-06-20T21:19:03+00:00","description":"\u041e\u0442\u0437\u044b\u0432\u044b \u0440\u0435\u0430\u043b\u044c\u043d\u044b\u0445 \u0438\u0433\u0440\u043e\u043a\u043e\u0432 \u043e\u0431 \u043e\u043f\u044b\u0442\u0435 \u0438\u0433\u0440\u044b \u0432 \u043a\u0430\u0437\u0438\u043d\u043e \u0412\u0443\u043b\u043a\u0430\u043d. \u041e\u0431\u0437\u043e\u0440\u044b, \u043c\u043d\u0435\u043d\u0438\u044f \u0438 \u043e\u0442\u0437\u044b\u0432\u044b \u0438\u0433\u0440\u043e\u043a\u043e\u0432","breadcrumb":{"@id":"https:\/\/vulkan-russiaigrai.com\/player-reviews-of-vulkan-casino\/#breadcrumb"},"inLanguage":"it-IT","potentialAction":[{"@type":"ReadAction","target":["https:\/\/vulkan-russiaigrai.com\/player-reviews-of-vulkan-casino\/"]}]},{"@type":"BreadcrumbList","@id":"https:\/\/vulkan-russiaigrai.com\/player-reviews-of-vulkan-casino\/#breadcrumb","itemListElement":[{"@type":"ListItem","position":1,"name":"\u0413\u043b\u0430\u0432\u043d\u0430\u044f \u0441\u0442\u0440\u0430\u043d\u0438\u0446\u0430","item":"https:\/\/vulkan-russiaigrai.com\/"},{"@type":"ListItem","position":2,"name":"\u041e\u0442\u0437\u044b\u0432\u044b \u0438\u0433\u0440\u043e\u043a\u043e\u0432 \u043e \u043a\u0430\u0437\u0438\u043d\u043e \u0412\u0443\u043b\u043a\u0430\u043d"}]},{"@type":"WebSite","@id":"https:\/\/vulkan-russiaigrai.com\/#website","url":"https:\/\/vulkan-russiaigrai.com\/","name":"Vulkan","description":"","publisher":{"@id":"https:\/\/vulkan-russiaigrai.com\/#organization"},"potentialAction":[{"@type":"SearchAction","target":{"@type":"EntryPoint","urlTemplate":"https:\/\/vulkan-russiaigrai.com\/?s={search_term_string}"},"query-input":{"@type":"PropertyValueSpecification","valueRequired":true,"valueName":"search_term_string"}}],"inLanguage":"it-IT"},{"@type":"Organization","@id":"https:\/\/vulkan-russiaigrai.com\/#organization","name":"Vulkan","url":"https:\/\/vulkan-russiaigrai.com\/","logo":{"@type":"ImageObject","inLanguage":"it-IT","@id":"https:\/\/vulkan-russiaigrai.com\/#\/schema\/logo\/image\/","url":"https:\/\/vulkan-russiaigrai.com\/wp-content\/uploads\/cropped-wulkan-e1718727462590.png","contentUrl":"https:\/\/vulkan-russiaigrai.com\/wp-content\/uploads\/cropped-wulkan-e1718727462590.png","width":80,"height":40,"caption":"Vulkan"},"image":{"@id":"https:\/\/vulkan-russiaigrai.com\/#\/schema\/logo\/image\/"}}]}},"_links":{"self":[{"href":"https:\/\/vulkan-russiaigrai.com\/it\/wp-json\/wp\/v2\/pages\/14","targetHints":{"allow":["GET"]}}],"collection":[{"href":"https:\/\/vulkan-russiaigrai.com\/it\/wp-json\/wp\/v2\/pages"}],"about":[{"href":"https:\/\/vulkan-russiaigrai.com\/it\/wp-json\/wp\/v2\/types\/page"}],"author":[{"embeddable":true,"href":"https:\/\/vulkan-russiaigrai.com\/it\/wp-json\/wp\/v2\/users\/1"}],"replies":[{"embeddable":true,"href":"https:\/\/vulkan-russiaigrai.com\/it\/wp-json\/wp\/v2\/comments?post=14"}],"version-history":[{"count":18,"href":"https:\/\/vulkan-russiaigrai.com\/it\/wp-json\/wp\/v2\/pages\/14\/revisions"}],"predecessor-version":[{"id":103,"href":"https:\/\/vulkan-russiaigrai.com\/it\/wp-json\/wp\/v2\/pages\/14\/revisions\/103"}],"wp:attachment":[{"href":"https:\/\/vulkan-russiaigrai.com\/it\/wp-json\/wp\/v2\/media?parent=14"}],"curies":[{"name":"wp","href":"https:\/\/api.w.org\/{rel}","templated":true}]}}