{"id":16,"date":"2024-06-17T15:26:25","date_gmt":"2024-06-17T12:26:25","guid":{"rendered":"https:\/\/vulkan-russiaigrai.com\/?page_id=16"},"modified":"2024-06-21T00:19:07","modified_gmt":"2024-06-20T21:19:07","slug":"registration-and-making-the-first-deposit-at-vulkan-casino","status":"publish","type":"page","link":"https:\/\/vulkan-russiaigrai.com\/pt\/registration-and-making-the-first-deposit-at-vulkan-casino\/","title":{"rendered":"Registro e Primeiro Dep\u00f3sito no Cassino Vulkan"},"content":{"rendered":"<p><span style=\"font-weight: 400;\">Bem-vindo ao Vulkan Casino! Estamos felizes em receber novos jogadores e prontos para ajud\u00e1-lo a come\u00e7ar sua emocionante aventura no mundo dos jogos de azar de forma r\u00e1pida e f\u00e1cil. Neste guia, vamos explicar o processo de registro, como fazer seu primeiro dep\u00f3sito e os m\u00e9todos dispon\u00edveis para registro e financiamento da conta.<\/span><\/p>\n<h2><b>Como se Registrar no Vulkan Casino?<\/b><\/h2>\n<p><span style=\"font-weight: 400;\">Registrar-se no Vulkan Casino \u00e9 um processo simples e r\u00e1pido que levar\u00e1 apenas alguns minutos. Siga estes passos para criar uma conta:<\/span><\/p>\n<ol>\n<li style=\"font-weight: 400;\" aria-level=\"1\"><b>Visite o site do Vulkan Casino<\/b><span style=\"font-weight: 400;\">: Abra nosso site oficial usando um navegador em seu computador ou dispositivo m\u00f3vel.<\/span><\/li>\n<li style=\"font-weight: 400;\" aria-level=\"1\"><b>Encontre o bot\u00e3o &#8220;Registro&#8221;<\/b><span style=\"font-weight: 400;\">: Geralmente localizado no canto superior direito da p\u00e1gina principal.<\/span><\/li>\n<li style=\"font-weight: 400;\" aria-level=\"1\"><b>Preencha o formul\u00e1rio de registro<\/b><span style=\"font-weight: 400;\">: Voc\u00ea precisar\u00e1 inserir informa\u00e7\u00f5es b\u00e1sicas como seu nome, endere\u00e7o de e-mail, n\u00famero de telefone e criar uma senha. Certifique-se de que as informa\u00e7\u00f5es fornecidas sejam precisas e atuais.<\/span><\/li>\n<li style=\"font-weight: 400;\" aria-level=\"1\"><b>Confirme seu registro<\/b><span style=\"font-weight: 400;\">: Leia e concorde com os termos e condi\u00e7\u00f5es do cassino, depois clique no bot\u00e3o &#8220;Registrar&#8221;. Um e-mail de confirma\u00e7\u00e3o ser\u00e1 enviado para o seu endere\u00e7o de e-mail.<\/span><\/li>\n<li style=\"font-weight: 400;\" aria-level=\"1\"><b>Ative sua conta<\/b><span style=\"font-weight: 400;\">: Abra o e-mail e siga as instru\u00e7\u00f5es para ativar sua conta. Geralmente, voc\u00ea s\u00f3 precisa clicar no link fornecido no e-mail.<\/span><\/li>\n<\/ol>\n<h2><b>M\u00e9todos de Registro<\/b><\/h2>\n<p><span style=\"font-weight: 400;\">O Vulkan Casino oferece v\u00e1rios m\u00e9todos de registro:<\/span><\/p>\n<ul>\n<li style=\"font-weight: 400;\" aria-level=\"1\"><b>Registro por e-mail<\/b><span style=\"font-weight: 400;\">: Este \u00e9 o m\u00e9todo mais padr\u00e3o e popular. Insira seu e-mail e outras informa\u00e7\u00f5es no formul\u00e1rio de registro.<\/span><\/li>\n<li style=\"font-weight: 400;\" aria-level=\"1\"><b>Registro por n\u00famero de telefone<\/b><span style=\"font-weight: 400;\">: Voc\u00ea pode se registrar fornecendo seu n\u00famero de telefone. Um SMS com um c\u00f3digo de confirma\u00e7\u00e3o ser\u00e1 enviado para voc\u00ea.<\/span><\/li>\n<li style=\"font-weight: 400;\" aria-level=\"1\"><b>Registro atrav\u00e9s de redes sociais<\/b><span style=\"font-weight: 400;\">: Conveniente para aqueles que preferem n\u00e3o preencher um formul\u00e1rio. Basta escolher sua rede social (por exemplo, Facebook ou Google) e fazer login atrav\u00e9s dela.<\/span><\/li>\n<\/ul>\n<h2><b>Como Fazer seu Primeiro Dep\u00f3sito?<\/b><\/h2>\n<p><span style=\"font-weight: 400;\">Ap\u00f3s o registro bem-sucedido, voc\u00ea precisar\u00e1 financiar sua conta para come\u00e7ar a jogar com dinheiro real. O Vulkan Casino oferece v\u00e1rios m\u00e9todos de dep\u00f3sito:<\/span><\/p>\n<ol>\n<li style=\"font-weight: 400;\" aria-level=\"1\"><b>Cart\u00f5es banc\u00e1rios<\/b><span style=\"font-weight: 400;\">: Visa, MasterCard. Este \u00e9 um dos m\u00e9todos mais populares e convenientes. Os fundos s\u00e3o creditados instantaneamente na sua conta.<\/span><\/li>\n<li style=\"font-weight: 400;\" aria-level=\"1\"><b>Carteiras eletr\u00f4nicas<\/b><span style=\"font-weight: 400;\">: WebMoney, Qiwi, Yandex.Money e outros. Uma forma r\u00e1pida e segura de depositar fundos.<\/span><\/li>\n<li style=\"font-weight: 400;\" aria-level=\"1\"><b>Criptomoedas<\/b><span style=\"font-weight: 400;\">: Bitcoin, Ethereum e outros. Se voc\u00ea preferir usar criptomoedas, esta tamb\u00e9m \u00e9 uma op\u00e7\u00e3o dispon\u00edvel.<\/span><\/li>\n<li style=\"font-weight: 400;\" aria-level=\"1\"><b>Pagamentos m\u00f3veis<\/b><span style=\"font-weight: 400;\">: Dep\u00f3sito atrav\u00e9s de operadoras m\u00f3veis. Conveniente para aqueles que usam frequentemente internet m\u00f3vel.<\/span><\/li>\n<\/ol>\n<h2><b>Instru\u00e7\u00f5es para Fazer um Dep\u00f3sito<\/b><\/h2>\n<ol>\n<li style=\"font-weight: 400;\" aria-level=\"1\"><b>Acesse sua conta<\/b><span style=\"font-weight: 400;\">: Use o login e a senha que voc\u00ea forneceu durante o registro.<\/span><\/li>\n<li style=\"font-weight: 400;\" aria-level=\"1\"><b>V\u00e1 para a se\u00e7\u00e3o &#8220;Caixa&#8221;<\/b><span style=\"font-weight: 400;\">: Geralmente encontrada no menu principal do site.<\/span><\/li>\n<li style=\"font-weight: 400;\" aria-level=\"1\"><b>Selecione &#8220;Dep\u00f3sito&#8221;<\/b><span style=\"font-weight: 400;\">: Uma lista de m\u00e9todos de dep\u00f3sito dispon\u00edveis ser\u00e1 exibida.<\/span><\/li>\n<li style=\"font-weight: 400;\" aria-level=\"1\"><b>Escolha o m\u00e9todo de sua prefer\u00eancia<\/b><span style=\"font-weight: 400;\">: Clique no m\u00e9todo escolhido e siga as instru\u00e7\u00f5es.<\/span><\/li>\n<li style=\"font-weight: 400;\" aria-level=\"1\"><b>Insira o valor do dep\u00f3sito<\/b><span style=\"font-weight: 400;\">: Especifique o valor que deseja depositar na sua conta.<\/span><\/li>\n<li style=\"font-weight: 400;\" aria-level=\"1\"><b>Confirme o pagamento<\/b><span style=\"font-weight: 400;\">: Siga as instru\u00e7\u00f5es do sistema para concluir a transa\u00e7\u00e3o.<\/span><\/li>\n<\/ol>\n<h2><b>Vantagens do Primeiro Dep\u00f3sito<\/b><\/h2>\n<ul>\n<li style=\"font-weight: 400;\" aria-level=\"1\"><b>B\u00f4nus de boas-vindas<\/b><span style=\"font-weight: 400;\">: Fa\u00e7a seu primeiro dep\u00f3sito e receba um generoso b\u00f4nus para come\u00e7ar a jogar com um saldo aumentado.<\/span><\/li>\n<li style=\"font-weight: 400;\" aria-level=\"1\"><b>Giros gr\u00e1tis<\/b><span style=\"font-weight: 400;\">: Como parte do pacote de boas-vindas, voc\u00ea pode obter giros gr\u00e1tis em slots populares.<\/span><\/li>\n<li style=\"font-weight: 400;\" aria-level=\"1\"><b>Participa\u00e7\u00e3o em promo\u00e7\u00f5es<\/b><span style=\"font-weight: 400;\">: O primeiro dep\u00f3sito d\u00e1 acesso a v\u00e1rias ofertas promocionais e torneios.<\/span><\/li>\n<\/ul>\n<p><span style=\"font-weight: 400;\">Agora voc\u00ea est\u00e1 pronto para come\u00e7ar sua aventura no Vulkan Casino! Registre-se, fa\u00e7a seu primeiro dep\u00f3sito e aproveite o jogo. Boa sorte e que voc\u00ea tenha grandes ganhos!<\/span><\/p>\n","protected":false},"excerpt":{"rendered":"<p>Bem-vindo ao Vulkan Casino! Estamos felizes em receber novos jogadores e prontos para ajud\u00e1-lo a come\u00e7ar sua emocionante aventura no mundo dos jogos de azar de forma r\u00e1pida e f\u00e1cil. Neste guia, vamos explicar o processo de registro, como fazer seu primeiro dep\u00f3sito e os m\u00e9todos dispon\u00edveis para registro e financiamento da conta. Como se [&hellip;]<\/p>\n","protected":false},"author":1,"featured_media":0,"parent":0,"menu_order":0,"comment_status":"closed","ping_status":"closed","template":"full-width-template.php","meta":{"footnotes":""},"class_list":["post-16","page","type-page","status-publish","hentry"],"yoast_head":"<!-- This site is optimized with the Yoast SEO plugin v27.2 - https:\/\/yoast.com\/product\/yoast-seo-wordpress\/ -->\n<title>\u0420\u0435\u0433\u0438\u0441\u0442\u0440\u0430\u0446\u0438\u044f \u0438 \u0432\u043d\u0435\u0441\u0435\u043d\u0438\u0435 \u043f\u0435\u0440\u0432\u043e\u0433\u043e \u0434\u0435\u043f\u043e\u0437\u0438\u0442\u0430 \u0432 \u0412\u0443\u043b\u043a\u0430\u043d\u0435<\/title>\n<meta name=\"description\" content=\"Registre-se no site oficial do Vulkan Casino. Fa\u00e7a um dep\u00f3sito no Vulkan Casino. Login, registro, fa\u00e7a um dep\u00f3sito.\" \/>\n<meta name=\"robots\" content=\"index, follow, max-snippet:-1, max-image-preview:large, max-video-preview:-1\" \/>\n<link rel=\"canonical\" href=\"https:\/\/vulkan-russiaigrai.com\/pt\/registration-and-making-the-first-deposit-at-vulkan-casino\/\" \/>\n<meta property=\"og:locale\" content=\"pt_PT\" \/>\n<meta property=\"og:locale:alternate\" content=\"ru_RU\" \/>\n<meta property=\"og:locale:alternate\" content=\"en_US\" \/>\n<meta property=\"og:locale:alternate\" content=\"es_ES\" \/>\n<meta property=\"og:locale:alternate\" content=\"fr_FR\" \/>\n<meta property=\"og:locale:alternate\" content=\"ro_RO\" \/>\n<meta property=\"og:locale:alternate\" content=\"sr_RS\" \/>\n<meta property=\"og:locale:alternate\" content=\"bg_BG\" \/>\n<meta property=\"og:locale:alternate\" content=\"it_IT\" \/>\n<meta property=\"og:type\" content=\"article\" \/>\n<meta property=\"og:title\" content=\"\u0420\u0435\u0433\u0438\u0441\u0442\u0440\u0430\u0446\u0438\u044f \u0438 \u0432\u043d\u0435\u0441\u0435\u043d\u0438\u0435 \u043f\u0435\u0440\u0432\u043e\u0433\u043e \u0434\u0435\u043f\u043e\u0437\u0438\u0442\u0430 \u0432 \u0412\u0443\u043b\u043a\u0430\u043d\u0435\" \/>\n<meta property=\"og:description\" content=\"\u041f\u0440\u043e\u0439\u0442\u0438 \u0440\u0435\u0433\u0438\u0441\u0442\u0440\u0430\u0446\u0438\u044e \u043d\u0430 \u043e\u0444\u0438\u0446\u0438\u0430\u043b\u044c\u043d\u043e\u043c \u0441\u0430\u0439\u0442\u0435 \u043a\u0430\u0437\u0438\u043d\u043e \u0412\u0443\u043b\u043a\u0430\u043d. \u0412\u043d\u0435\u0441\u0442\u0438 \u0434\u0435\u043f\u043e\u0437\u0438\u0442 \u0432 \u043a\u0430\u0437\u0438\u043d\u043e \u0412\u0443\u043b\u043a\u0430\u043d. \u041b\u043e\u0433\u0438\u043d, \u0440\u0435\u0433\u0438\u0441\u0442\u0440\u0430\u0446\u0438\u044f, \u0432\u043d\u0435\u0441\u0442\u0438 \u0434\u0435\u043f\u043e\u0437\u0438\u0442\" \/>\n<meta property=\"og:url\" content=\"https:\/\/vulkan-russiaigrai.com\/pt\/registration-and-making-the-first-deposit-at-vulkan-casino\/\" \/>\n<meta property=\"og:site_name\" content=\"Vulkan\" \/>\n<meta property=\"article:modified_time\" content=\"2024-06-20T21:19:07+00:00\" \/>\n<meta name=\"twitter:card\" content=\"summary_large_image\" \/>\n<meta name=\"twitter:label1\" content=\"Tempo estimado de leitura\" \/>\n\t<meta name=\"twitter:data1\" content=\"18 minutos\" \/>\n<script type=\"application\/ld+json\" class=\"yoast-schema-graph\">{\"@context\":\"https:\/\/schema.org\",\"@graph\":[{\"@type\":\"WebPage\",\"@id\":\"https:\/\/vulkan-russiaigrai.com\/registration-and-making-the-first-deposit-at-vulkan-casino\/\",\"url\":\"https:\/\/vulkan-russiaigrai.com\/registration-and-making-the-first-deposit-at-vulkan-casino\/\",\"name\":\"\u0420\u0435\u0433\u0438\u0441\u0442\u0440\u0430\u0446\u0438\u044f \u0438 \u0432\u043d\u0435\u0441\u0435\u043d\u0438\u0435 \u043f\u0435\u0440\u0432\u043e\u0433\u043e \u0434\u0435\u043f\u043e\u0437\u0438\u0442\u0430 \u0432 \u0412\u0443\u043b\u043a\u0430\u043d\u0435\",\"isPartOf\":{\"@id\":\"https:\/\/vulkan-russiaigrai.com\/#website\"},\"datePublished\":\"2024-06-17T12:26:25+00:00\",\"dateModified\":\"2024-06-20T21:19:07+00:00\",\"description\":\"\u041f\u0440\u043e\u0439\u0442\u0438 \u0440\u0435\u0433\u0438\u0441\u0442\u0440\u0430\u0446\u0438\u044e \u043d\u0430 \u043e\u0444\u0438\u0446\u0438\u0430\u043b\u044c\u043d\u043e\u043c \u0441\u0430\u0439\u0442\u0435 \u043a\u0430\u0437\u0438\u043d\u043e \u0412\u0443\u043b\u043a\u0430\u043d. \u0412\u043d\u0435\u0441\u0442\u0438 \u0434\u0435\u043f\u043e\u0437\u0438\u0442 \u0432 \u043a\u0430\u0437\u0438\u043d\u043e \u0412\u0443\u043b\u043a\u0430\u043d. \u041b\u043e\u0433\u0438\u043d, \u0440\u0435\u0433\u0438\u0441\u0442\u0440\u0430\u0446\u0438\u044f, \u0432\u043d\u0435\u0441\u0442\u0438 \u0434\u0435\u043f\u043e\u0437\u0438\u0442\",\"breadcrumb\":{\"@id\":\"https:\/\/vulkan-russiaigrai.com\/registration-and-making-the-first-deposit-at-vulkan-casino\/#breadcrumb\"},\"inLanguage\":\"pt-PT\",\"potentialAction\":[{\"@type\":\"ReadAction\",\"target\":[\"https:\/\/vulkan-russiaigrai.com\/registration-and-making-the-first-deposit-at-vulkan-casino\/\"]}]},{\"@type\":\"BreadcrumbList\",\"@id\":\"https:\/\/vulkan-russiaigrai.com\/registration-and-making-the-first-deposit-at-vulkan-casino\/#breadcrumb\",\"itemListElement\":[{\"@type\":\"ListItem\",\"position\":1,\"name\":\"\u0413\u043b\u0430\u0432\u043d\u0430\u044f \u0441\u0442\u0440\u0430\u043d\u0438\u0446\u0430\",\"item\":\"https:\/\/vulkan-russiaigrai.com\/\"},{\"@type\":\"ListItem\",\"position\":2,\"name\":\"\u0420\u0435\u0433\u0438\u0441\u0442\u0440\u0430\u0446\u0438\u044f \u0438 \u0432\u043d\u0435\u0441\u0435\u043d\u0438\u0435 \u043f\u0435\u0440\u0432\u043e\u0433\u043e \u0434\u0435\u043f\u043e\u0437\u0438\u0442\u0430 \u0432 \u043a\u0430\u0437\u0438\u043d\u043e \u0412\u0443\u043b\u043a\u0430\u043d\"}]},{\"@type\":\"WebSite\",\"@id\":\"https:\/\/vulkan-russiaigrai.com\/#website\",\"url\":\"https:\/\/vulkan-russiaigrai.com\/\",\"name\":\"Vulkan\",\"description\":\"\",\"publisher\":{\"@id\":\"https:\/\/vulkan-russiaigrai.com\/#organization\"},\"potentialAction\":[{\"@type\":\"SearchAction\",\"target\":{\"@type\":\"EntryPoint\",\"urlTemplate\":\"https:\/\/vulkan-russiaigrai.com\/?s={search_term_string}\"},\"query-input\":{\"@type\":\"PropertyValueSpecification\",\"valueRequired\":true,\"valueName\":\"search_term_string\"}}],\"inLanguage\":\"pt-PT\"},{\"@type\":\"Organization\",\"@id\":\"https:\/\/vulkan-russiaigrai.com\/#organization\",\"name\":\"Vulkan\",\"url\":\"https:\/\/vulkan-russiaigrai.com\/\",\"logo\":{\"@type\":\"ImageObject\",\"inLanguage\":\"pt-PT\",\"@id\":\"https:\/\/vulkan-russiaigrai.com\/#\/schema\/logo\/image\/\",\"url\":\"https:\/\/vulkan-russiaigrai.com\/wp-content\/uploads\/cropped-wulkan-e1718727462590.png\",\"contentUrl\":\"https:\/\/vulkan-russiaigrai.com\/wp-content\/uploads\/cropped-wulkan-e1718727462590.png\",\"width\":80,\"height\":40,\"caption\":\"Vulkan\"},\"image\":{\"@id\":\"https:\/\/vulkan-russiaigrai.com\/#\/schema\/logo\/image\/\"}}]}<\/script>\n<!-- \/ Yoast SEO plugin. -->","yoast_head_json":{"title":"\u0420\u0435\u0433\u0438\u0441\u0442\u0440\u0430\u0446\u0438\u044f \u0438 \u0432\u043d\u0435\u0441\u0435\u043d\u0438\u0435 \u043f\u0435\u0440\u0432\u043e\u0433\u043e \u0434\u0435\u043f\u043e\u0437\u0438\u0442\u0430 \u0432 \u0412\u0443\u043b\u043a\u0430\u043d\u0435","description":"Registre-se no site oficial do Vulkan Casino. Fa\u00e7a um dep\u00f3sito no Vulkan Casino. Login, registro, fa\u00e7a um dep\u00f3sito.","robots":{"index":"index","follow":"follow","max-snippet":"max-snippet:-1","max-image-preview":"max-image-preview:large","max-video-preview":"max-video-preview:-1"},"canonical":"https:\/\/vulkan-russiaigrai.com\/pt\/registration-and-making-the-first-deposit-at-vulkan-casino\/","og_locale":"pt_PT","og_type":"article","og_title":"\u0420\u0435\u0433\u0438\u0441\u0442\u0440\u0430\u0446\u0438\u044f \u0438 \u0432\u043d\u0435\u0441\u0435\u043d\u0438\u0435 \u043f\u0435\u0440\u0432\u043e\u0433\u043e \u0434\u0435\u043f\u043e\u0437\u0438\u0442\u0430 \u0432 \u0412\u0443\u043b\u043a\u0430\u043d\u0435","og_description":"\u041f\u0440\u043e\u0439\u0442\u0438 \u0440\u0435\u0433\u0438\u0441\u0442\u0440\u0430\u0446\u0438\u044e \u043d\u0430 \u043e\u0444\u0438\u0446\u0438\u0430\u043b\u044c\u043d\u043e\u043c \u0441\u0430\u0439\u0442\u0435 \u043a\u0430\u0437\u0438\u043d\u043e \u0412\u0443\u043b\u043a\u0430\u043d. \u0412\u043d\u0435\u0441\u0442\u0438 \u0434\u0435\u043f\u043e\u0437\u0438\u0442 \u0432 \u043a\u0430\u0437\u0438\u043d\u043e \u0412\u0443\u043b\u043a\u0430\u043d. \u041b\u043e\u0433\u0438\u043d, \u0440\u0435\u0433\u0438\u0441\u0442\u0440\u0430\u0446\u0438\u044f, \u0432\u043d\u0435\u0441\u0442\u0438 \u0434\u0435\u043f\u043e\u0437\u0438\u0442","og_url":"https:\/\/vulkan-russiaigrai.com\/pt\/registration-and-making-the-first-deposit-at-vulkan-casino\/","og_site_name":"Vulkan","article_modified_time":"2024-06-20T21:19:07+00:00","twitter_card":"summary_large_image","twitter_misc":{"Tempo estimado de leitura":"18 minutos"},"schema":{"@context":"https:\/\/schema.org","@graph":[{"@type":"WebPage","@id":"https:\/\/vulkan-russiaigrai.com\/registration-and-making-the-first-deposit-at-vulkan-casino\/","url":"https:\/\/vulkan-russiaigrai.com\/registration-and-making-the-first-deposit-at-vulkan-casino\/","name":"\u0420\u0435\u0433\u0438\u0441\u0442\u0440\u0430\u0446\u0438\u044f \u0438 \u0432\u043d\u0435\u0441\u0435\u043d\u0438\u0435 \u043f\u0435\u0440\u0432\u043e\u0433\u043e \u0434\u0435\u043f\u043e\u0437\u0438\u0442\u0430 \u0432 \u0412\u0443\u043b\u043a\u0430\u043d\u0435","isPartOf":{"@id":"https:\/\/vulkan-russiaigrai.com\/#website"},"datePublished":"2024-06-17T12:26:25+00:00","dateModified":"2024-06-20T21:19:07+00:00","description":"\u041f\u0440\u043e\u0439\u0442\u0438 \u0440\u0435\u0433\u0438\u0441\u0442\u0440\u0430\u0446\u0438\u044e \u043d\u0430 \u043e\u0444\u0438\u0446\u0438\u0430\u043b\u044c\u043d\u043e\u043c \u0441\u0430\u0439\u0442\u0435 \u043a\u0430\u0437\u0438\u043d\u043e \u0412\u0443\u043b\u043a\u0430\u043d. \u0412\u043d\u0435\u0441\u0442\u0438 \u0434\u0435\u043f\u043e\u0437\u0438\u0442 \u0432 \u043a\u0430\u0437\u0438\u043d\u043e \u0412\u0443\u043b\u043a\u0430\u043d. \u041b\u043e\u0433\u0438\u043d, \u0440\u0435\u0433\u0438\u0441\u0442\u0440\u0430\u0446\u0438\u044f, \u0432\u043d\u0435\u0441\u0442\u0438 \u0434\u0435\u043f\u043e\u0437\u0438\u0442","breadcrumb":{"@id":"https:\/\/vulkan-russiaigrai.com\/registration-and-making-the-first-deposit-at-vulkan-casino\/#breadcrumb"},"inLanguage":"pt-PT","potentialAction":[{"@type":"ReadAction","target":["https:\/\/vulkan-russiaigrai.com\/registration-and-making-the-first-deposit-at-vulkan-casino\/"]}]},{"@type":"BreadcrumbList","@id":"https:\/\/vulkan-russiaigrai.com\/registration-and-making-the-first-deposit-at-vulkan-casino\/#breadcrumb","itemListElement":[{"@type":"ListItem","position":1,"name":"\u0413\u043b\u0430\u0432\u043d\u0430\u044f \u0441\u0442\u0440\u0430\u043d\u0438\u0446\u0430","item":"https:\/\/vulkan-russiaigrai.com\/"},{"@type":"ListItem","position":2,"name":"\u0420\u0435\u0433\u0438\u0441\u0442\u0440\u0430\u0446\u0438\u044f \u0438 \u0432\u043d\u0435\u0441\u0435\u043d\u0438\u0435 \u043f\u0435\u0440\u0432\u043e\u0433\u043e \u0434\u0435\u043f\u043e\u0437\u0438\u0442\u0430 \u0432 \u043a\u0430\u0437\u0438\u043d\u043e \u0412\u0443\u043b\u043a\u0430\u043d"}]},{"@type":"WebSite","@id":"https:\/\/vulkan-russiaigrai.com\/#website","url":"https:\/\/vulkan-russiaigrai.com\/","name":"Vulkan","description":"","publisher":{"@id":"https:\/\/vulkan-russiaigrai.com\/#organization"},"potentialAction":[{"@type":"SearchAction","target":{"@type":"EntryPoint","urlTemplate":"https:\/\/vulkan-russiaigrai.com\/?s={search_term_string}"},"query-input":{"@type":"PropertyValueSpecification","valueRequired":true,"valueName":"search_term_string"}}],"inLanguage":"pt-PT"},{"@type":"Organization","@id":"https:\/\/vulkan-russiaigrai.com\/#organization","name":"Vulkan","url":"https:\/\/vulkan-russiaigrai.com\/","logo":{"@type":"ImageObject","inLanguage":"pt-PT","@id":"https:\/\/vulkan-russiaigrai.com\/#\/schema\/logo\/image\/","url":"https:\/\/vulkan-russiaigrai.com\/wp-content\/uploads\/cropped-wulkan-e1718727462590.png","contentUrl":"https:\/\/vulkan-russiaigrai.com\/wp-content\/uploads\/cropped-wulkan-e1718727462590.png","width":80,"height":40,"caption":"Vulkan"},"image":{"@id":"https:\/\/vulkan-russiaigrai.com\/#\/schema\/logo\/image\/"}}]}},"_links":{"self":[{"href":"https:\/\/vulkan-russiaigrai.com\/pt\/wp-json\/wp\/v2\/pages\/16","targetHints":{"allow":["GET"]}}],"collection":[{"href":"https:\/\/vulkan-russiaigrai.com\/pt\/wp-json\/wp\/v2\/pages"}],"about":[{"href":"https:\/\/vulkan-russiaigrai.com\/pt\/wp-json\/wp\/v2\/types\/page"}],"author":[{"embeddable":true,"href":"https:\/\/vulkan-russiaigrai.com\/pt\/wp-json\/wp\/v2\/users\/1"}],"replies":[{"embeddable":true,"href":"https:\/\/vulkan-russiaigrai.com\/pt\/wp-json\/wp\/v2\/comments?post=16"}],"version-history":[{"count":18,"href":"https:\/\/vulkan-russiaigrai.com\/pt\/wp-json\/wp\/v2\/pages\/16\/revisions"}],"predecessor-version":[{"id":104,"href":"https:\/\/vulkan-russiaigrai.com\/pt\/wp-json\/wp\/v2\/pages\/16\/revisions\/104"}],"wp:attachment":[{"href":"https:\/\/vulkan-russiaigrai.com\/pt\/wp-json\/wp\/v2\/media?parent=16"}],"curies":[{"name":"wp","href":"https:\/\/api.w.org\/{rel}","templated":true}]}}