{"id":18,"date":"2024-06-17T15:48:11","date_gmt":"2024-06-17T12:48:11","guid":{"rendered":"https:\/\/vulkan-russiaigrai.com\/?page_id=18"},"modified":"2024-06-21T00:19:12","modified_gmt":"2024-06-20T21:19:12","slug":"slots-at-vulkan-casino","status":"publish","type":"page","link":"https:\/\/vulkan-russiaigrai.com\/pt\/slots-at-vulkan-casino\/","title":{"rendered":"Ca\u00e7a-n\u00edqueis no Cassino Vulkan"},"content":{"rendered":"<p><span style=\"font-weight: 400;\">Bem-vindo \u00e0 se\u00e7\u00e3o &#8220;Slots&#8221; do Vulkan Casino! Aqui voc\u00ea encontrar\u00e1 mais de 1000 m\u00e1quinas ca\u00e7a-n\u00edqueis variadas que proporcionar\u00e3o muito prazer e uma chance de grande vit\u00f3ria. Nossos slots s\u00e3o adequados tanto para iniciantes quanto para jogadores experientes.<\/span><\/p>\n<h2><b>Como Jogar Slots?<\/b><\/h2>\n<p><span style=\"font-weight: 400;\">Jogar slots \u00e9 muito simples e emocionante. Aqui est\u00e1 um breve guia para come\u00e7ar:<\/span><\/p>\n<ol>\n<li style=\"font-weight: 400;\" aria-level=\"1\"><b>Escolha um slot<\/b><span style=\"font-weight: 400;\">: Abra nosso cat\u00e1logo e selecione a m\u00e1quina ca\u00e7a-n\u00edqueis que voc\u00ea gosta.<\/span><\/li>\n<li style=\"font-weight: 400;\" aria-level=\"1\"><b>Fa\u00e7a uma aposta<\/b><span style=\"font-weight: 400;\">: Determine o valor da aposta, que depende do n\u00famero de linhas e do n\u00edvel da aposta.<\/span><\/li>\n<li style=\"font-weight: 400;\" aria-level=\"1\"><b>Comece o jogo<\/b><span style=\"font-weight: 400;\">: Clique no bot\u00e3o &#8220;Girar&#8221; e observe os rolos girarem.<\/span><\/li>\n<li style=\"font-weight: 400;\" aria-level=\"1\"><b>Combina\u00e7\u00f5es vencedoras<\/b><span style=\"font-weight: 400;\">: Se uma combina\u00e7\u00e3o vencedora de s\u00edmbolos aparecer na linha, voc\u00ea receber\u00e1 um pr\u00eamio. O valor do pr\u00eamio depende do tipo de s\u00edmbolos e suas combina\u00e7\u00f5es.<\/span><\/li>\n<li style=\"font-weight: 400;\" aria-level=\"1\"><b>Repita<\/b><span style=\"font-weight: 400;\">: Continue girando os rolos, mudando as apostas e aproveitando o jogo!<\/span><\/li>\n<\/ol>\n<h2><b>Slots Populares no Vulkan<\/b><\/h2>\n<p><span style=\"font-weight: 400;\">Nosso cassino possui muitos slots, mas h\u00e1 alguns que s\u00e3o especialmente amados pelos nossos jogadores. Aqui est\u00e3o os 5 slots mais populares no Vulkan:<\/span><\/p>\n<ol>\n<li style=\"font-weight: 400;\" aria-level=\"1\"><b>Book of Ra<\/b><span style=\"font-weight: 400;\"> \u2014 Um slot cl\u00e1ssico da Novomatic que o leva ao mundo do Antigo Egito. Tente encontrar o Livro de Ra e ganhar grandes pr\u00eamios!<\/span><\/li>\n<li style=\"font-weight: 400;\" aria-level=\"1\"><b>Gonzo\u2019s Quest<\/b><span style=\"font-weight: 400;\"> \u2014 Um slot aventureiro da NetEnt, onde voc\u00ea e Gonzo v\u00e3o em busca da cidade perdida de ouro. Blocos explosivos e rodadas gr\u00e1tis tornar\u00e3o seu jogo inesquec\u00edvel.<\/span><\/li>\n<li style=\"font-weight: 400;\" aria-level=\"1\"><b>Starburst<\/b><span style=\"font-weight: 400;\"> \u2014 Um slot brilhante e colorido da NetEnt que cativa pela sua simplicidade e gr\u00e1ficos impressionantes. Respins emocionantes e wilds expansivos lhe dar\u00e3o muitas combina\u00e7\u00f5es vencedoras.<\/span><\/li>\n<li style=\"font-weight: 400;\" aria-level=\"1\"><b>Mega Moolah<\/b><span style=\"font-weight: 400;\"> \u2014 Um lend\u00e1rio slot de jackpot progressivo da Microgaming. Teste sua sorte e talvez voc\u00ea se torne o pr\u00f3ximo multimilion\u00e1rio!<\/span><\/li>\n<li style=\"font-weight: 400;\" aria-level=\"1\"><b>Dead or Alive<\/b><span style=\"font-weight: 400;\"> \u2014 Um slot emocionante da NetEnt que o leva ao Velho Oeste. Alta volatilidade e rodadas de b\u00f4nus tornar\u00e3o seu jogo realmente intenso e emocionante.<\/span><\/li>\n<\/ol>\n<h2><b>Por Que Escolher Slots no Vulkan?<\/b><\/h2>\n<ul>\n<li style=\"font-weight: 400;\" aria-level=\"1\"><b>Variedade<\/b><span style=\"font-weight: 400;\">: Mais de 1000 slots dos principais provedores mundiais.<\/span><\/li>\n<li style=\"font-weight: 400;\" aria-level=\"1\"><b>B\u00f4nus e promo\u00e7\u00f5es<\/b><span style=\"font-weight: 400;\">: B\u00f4nus regulares, rodadas gr\u00e1tis e promo\u00e7\u00f5es para os amantes de slots.<\/span><\/li>\n<li style=\"font-weight: 400;\" aria-level=\"1\"><b>Justi\u00e7a e confiabilidade<\/b><span style=\"font-weight: 400;\">: Todos os jogos passam por rigorosos testes de justi\u00e7a e atendem aos padr\u00f5es internacionais.<\/span><\/li>\n<li style=\"font-weight: 400;\" aria-level=\"1\"><b>Conveni\u00eancia para jogar<\/b><span style=\"font-weight: 400;\">: Jogue seus slots favoritos do computador, smartphone ou tablet.<\/span><\/li>\n<\/ul>\n<p><span style=\"font-weight: 400;\">Junte-se a milhares de jogadores que j\u00e1 apreciaram nossa sele\u00e7\u00e3o de slots e ganhe com o Vulkan Casino! Gire os rolos, capture sua sorte e que o sucesso esteja com voc\u00ea!<\/span><\/p>\n","protected":false},"excerpt":{"rendered":"<p>Bem-vindo \u00e0 se\u00e7\u00e3o &#8220;Slots&#8221; do Vulkan Casino! Aqui voc\u00ea encontrar\u00e1 mais de 1000 m\u00e1quinas ca\u00e7a-n\u00edqueis variadas que proporcionar\u00e3o muito prazer e uma chance de grande vit\u00f3ria. Nossos slots s\u00e3o adequados tanto para iniciantes quanto para jogadores experientes. Como Jogar Slots? Jogar slots \u00e9 muito simples e emocionante. Aqui est\u00e1 um breve guia para come\u00e7ar: Escolha [&hellip;]<\/p>\n","protected":false},"author":1,"featured_media":0,"parent":0,"menu_order":0,"comment_status":"closed","ping_status":"closed","template":"full-width-template.php","meta":{"footnotes":""},"class_list":["post-18","page","type-page","status-publish","hentry"],"yoast_head":"<!-- This site is optimized with the Yoast SEO plugin v27.2 - https:\/\/yoast.com\/product\/yoast-seo-wordpress\/ -->\n<title>\u0421\u043b\u043e\u0442\u044b \u0432 \u043e\u043d\u043b\u0430\u0439\u043d \u043a\u0430\u0437\u0438\u043d\u043e \u0412\u0443\u043b\u043a\u0430\u043d<\/title>\n<meta name=\"description\" content=\"Slots no Cassino Online Vulkan. Jogue em m\u00e1quinas ca\u00e7a-n\u00edqueis por dinheiro real. Jogue e ganhe.\" \/>\n<meta name=\"robots\" content=\"index, follow, max-snippet:-1, max-image-preview:large, max-video-preview:-1\" \/>\n<link rel=\"canonical\" href=\"https:\/\/vulkan-russiaigrai.com\/pt\/slots-at-vulkan-casino\/\" \/>\n<meta property=\"og:locale\" content=\"pt_PT\" \/>\n<meta property=\"og:locale:alternate\" content=\"ru_RU\" \/>\n<meta property=\"og:locale:alternate\" content=\"en_US\" \/>\n<meta property=\"og:locale:alternate\" content=\"es_ES\" \/>\n<meta property=\"og:locale:alternate\" content=\"fr_FR\" \/>\n<meta property=\"og:locale:alternate\" content=\"ro_RO\" \/>\n<meta property=\"og:locale:alternate\" content=\"sr_RS\" \/>\n<meta property=\"og:locale:alternate\" content=\"bg_BG\" \/>\n<meta property=\"og:locale:alternate\" content=\"it_IT\" \/>\n<meta property=\"og:type\" content=\"article\" \/>\n<meta property=\"og:title\" content=\"\u0421\u043b\u043e\u0442\u044b \u0432 \u043e\u043d\u043b\u0430\u0439\u043d \u043a\u0430\u0437\u0438\u043d\u043e \u0412\u0443\u043b\u043a\u0430\u043d\" \/>\n<meta property=\"og:description\" content=\"\u0421\u043b\u043e\u0442\u044b \u0432 \u043e\u043d\u043b\u0430\u0439\u043d \u043a\u0430\u0437\u0438\u043d\u043e \u0412\u0443\u043b\u043a\u0430\u043d. \u0418\u0433\u0440\u0430\u0442\u044c \u0432 \u0438\u0433\u0440\u043e\u0432\u044b\u0435 \u0430\u0432\u0442\u043e\u043c\u0430\u0442\u044b \u043d\u0430 \u0440\u0435\u0430\u043b\u044c\u043d\u044b\u0435 \u0434\u0435\u043d\u044c\u0433\u0438. \u0418\u0433\u0440\u0430\u0442\u044c \u0438 \u043f\u043e\u0431\u0435\u0436\u0434\u0430\u0442\u044c\" \/>\n<meta property=\"og:url\" content=\"https:\/\/vulkan-russiaigrai.com\/pt\/slots-at-vulkan-casino\/\" \/>\n<meta property=\"og:site_name\" content=\"Vulkan\" \/>\n<meta property=\"article:modified_time\" content=\"2024-06-20T21:19:12+00:00\" \/>\n<meta name=\"twitter:card\" content=\"summary_large_image\" \/>\n<meta name=\"twitter:label1\" content=\"Tempo estimado de leitura\" \/>\n\t<meta name=\"twitter:data1\" content=\"13 minutos\" \/>\n<script type=\"application\/ld+json\" class=\"yoast-schema-graph\">{\"@context\":\"https:\/\/schema.org\",\"@graph\":[{\"@type\":\"WebPage\",\"@id\":\"https:\/\/vulkan-russiaigrai.com\/slots-at-vulkan-casino\/\",\"url\":\"https:\/\/vulkan-russiaigrai.com\/slots-at-vulkan-casino\/\",\"name\":\"\u0421\u043b\u043e\u0442\u044b \u0432 \u043e\u043d\u043b\u0430\u0439\u043d \u043a\u0430\u0437\u0438\u043d\u043e \u0412\u0443\u043b\u043a\u0430\u043d\",\"isPartOf\":{\"@id\":\"https:\/\/vulkan-russiaigrai.com\/#website\"},\"datePublished\":\"2024-06-17T12:48:11+00:00\",\"dateModified\":\"2024-06-20T21:19:12+00:00\",\"description\":\"\u0421\u043b\u043e\u0442\u044b \u0432 \u043e\u043d\u043b\u0430\u0439\u043d \u043a\u0430\u0437\u0438\u043d\u043e \u0412\u0443\u043b\u043a\u0430\u043d. \u0418\u0433\u0440\u0430\u0442\u044c \u0432 \u0438\u0433\u0440\u043e\u0432\u044b\u0435 \u0430\u0432\u0442\u043e\u043c\u0430\u0442\u044b \u043d\u0430 \u0440\u0435\u0430\u043b\u044c\u043d\u044b\u0435 \u0434\u0435\u043d\u044c\u0433\u0438. \u0418\u0433\u0440\u0430\u0442\u044c \u0438 \u043f\u043e\u0431\u0435\u0436\u0434\u0430\u0442\u044c\",\"breadcrumb\":{\"@id\":\"https:\/\/vulkan-russiaigrai.com\/slots-at-vulkan-casino\/#breadcrumb\"},\"inLanguage\":\"pt-PT\",\"potentialAction\":[{\"@type\":\"ReadAction\",\"target\":[\"https:\/\/vulkan-russiaigrai.com\/slots-at-vulkan-casino\/\"]}]},{\"@type\":\"BreadcrumbList\",\"@id\":\"https:\/\/vulkan-russiaigrai.com\/slots-at-vulkan-casino\/#breadcrumb\",\"itemListElement\":[{\"@type\":\"ListItem\",\"position\":1,\"name\":\"\u0413\u043b\u0430\u0432\u043d\u0430\u044f \u0441\u0442\u0440\u0430\u043d\u0438\u0446\u0430\",\"item\":\"https:\/\/vulkan-russiaigrai.com\/\"},{\"@type\":\"ListItem\",\"position\":2,\"name\":\"\u0421\u043b\u043e\u0442\u044b \u0432 \u043a\u0430\u0437\u0438\u043d\u043e \u0412\u0443\u043b\u043a\u0430\u043d\"}]},{\"@type\":\"WebSite\",\"@id\":\"https:\/\/vulkan-russiaigrai.com\/#website\",\"url\":\"https:\/\/vulkan-russiaigrai.com\/\",\"name\":\"Vulkan\",\"description\":\"\",\"publisher\":{\"@id\":\"https:\/\/vulkan-russiaigrai.com\/#organization\"},\"potentialAction\":[{\"@type\":\"SearchAction\",\"target\":{\"@type\":\"EntryPoint\",\"urlTemplate\":\"https:\/\/vulkan-russiaigrai.com\/?s={search_term_string}\"},\"query-input\":{\"@type\":\"PropertyValueSpecification\",\"valueRequired\":true,\"valueName\":\"search_term_string\"}}],\"inLanguage\":\"pt-PT\"},{\"@type\":\"Organization\",\"@id\":\"https:\/\/vulkan-russiaigrai.com\/#organization\",\"name\":\"Vulkan\",\"url\":\"https:\/\/vulkan-russiaigrai.com\/\",\"logo\":{\"@type\":\"ImageObject\",\"inLanguage\":\"pt-PT\",\"@id\":\"https:\/\/vulkan-russiaigrai.com\/#\/schema\/logo\/image\/\",\"url\":\"https:\/\/vulkan-russiaigrai.com\/wp-content\/uploads\/cropped-wulkan-e1718727462590.png\",\"contentUrl\":\"https:\/\/vulkan-russiaigrai.com\/wp-content\/uploads\/cropped-wulkan-e1718727462590.png\",\"width\":80,\"height\":40,\"caption\":\"Vulkan\"},\"image\":{\"@id\":\"https:\/\/vulkan-russiaigrai.com\/#\/schema\/logo\/image\/\"}}]}<\/script>\n<!-- \/ Yoast SEO plugin. -->","yoast_head_json":{"title":"\u0421\u043b\u043e\u0442\u044b \u0432 \u043e\u043d\u043b\u0430\u0439\u043d \u043a\u0430\u0437\u0438\u043d\u043e \u0412\u0443\u043b\u043a\u0430\u043d","description":"Slots no Cassino Online Vulkan. Jogue em m\u00e1quinas ca\u00e7a-n\u00edqueis por dinheiro real. Jogue e ganhe.","robots":{"index":"index","follow":"follow","max-snippet":"max-snippet:-1","max-image-preview":"max-image-preview:large","max-video-preview":"max-video-preview:-1"},"canonical":"https:\/\/vulkan-russiaigrai.com\/pt\/slots-at-vulkan-casino\/","og_locale":"pt_PT","og_type":"article","og_title":"\u0421\u043b\u043e\u0442\u044b \u0432 \u043e\u043d\u043b\u0430\u0439\u043d \u043a\u0430\u0437\u0438\u043d\u043e \u0412\u0443\u043b\u043a\u0430\u043d","og_description":"\u0421\u043b\u043e\u0442\u044b \u0432 \u043e\u043d\u043b\u0430\u0439\u043d \u043a\u0430\u0437\u0438\u043d\u043e \u0412\u0443\u043b\u043a\u0430\u043d. \u0418\u0433\u0440\u0430\u0442\u044c \u0432 \u0438\u0433\u0440\u043e\u0432\u044b\u0435 \u0430\u0432\u0442\u043e\u043c\u0430\u0442\u044b \u043d\u0430 \u0440\u0435\u0430\u043b\u044c\u043d\u044b\u0435 \u0434\u0435\u043d\u044c\u0433\u0438. \u0418\u0433\u0440\u0430\u0442\u044c \u0438 \u043f\u043e\u0431\u0435\u0436\u0434\u0430\u0442\u044c","og_url":"https:\/\/vulkan-russiaigrai.com\/pt\/slots-at-vulkan-casino\/","og_site_name":"Vulkan","article_modified_time":"2024-06-20T21:19:12+00:00","twitter_card":"summary_large_image","twitter_misc":{"Tempo estimado de leitura":"13 minutos"},"schema":{"@context":"https:\/\/schema.org","@graph":[{"@type":"WebPage","@id":"https:\/\/vulkan-russiaigrai.com\/slots-at-vulkan-casino\/","url":"https:\/\/vulkan-russiaigrai.com\/slots-at-vulkan-casino\/","name":"\u0421\u043b\u043e\u0442\u044b \u0432 \u043e\u043d\u043b\u0430\u0439\u043d \u043a\u0430\u0437\u0438\u043d\u043e \u0412\u0443\u043b\u043a\u0430\u043d","isPartOf":{"@id":"https:\/\/vulkan-russiaigrai.com\/#website"},"datePublished":"2024-06-17T12:48:11+00:00","dateModified":"2024-06-20T21:19:12+00:00","description":"\u0421\u043b\u043e\u0442\u044b \u0432 \u043e\u043d\u043b\u0430\u0439\u043d \u043a\u0430\u0437\u0438\u043d\u043e \u0412\u0443\u043b\u043a\u0430\u043d. \u0418\u0433\u0440\u0430\u0442\u044c \u0432 \u0438\u0433\u0440\u043e\u0432\u044b\u0435 \u0430\u0432\u0442\u043e\u043c\u0430\u0442\u044b \u043d\u0430 \u0440\u0435\u0430\u043b\u044c\u043d\u044b\u0435 \u0434\u0435\u043d\u044c\u0433\u0438. \u0418\u0433\u0440\u0430\u0442\u044c \u0438 \u043f\u043e\u0431\u0435\u0436\u0434\u0430\u0442\u044c","breadcrumb":{"@id":"https:\/\/vulkan-russiaigrai.com\/slots-at-vulkan-casino\/#breadcrumb"},"inLanguage":"pt-PT","potentialAction":[{"@type":"ReadAction","target":["https:\/\/vulkan-russiaigrai.com\/slots-at-vulkan-casino\/"]}]},{"@type":"BreadcrumbList","@id":"https:\/\/vulkan-russiaigrai.com\/slots-at-vulkan-casino\/#breadcrumb","itemListElement":[{"@type":"ListItem","position":1,"name":"\u0413\u043b\u0430\u0432\u043d\u0430\u044f \u0441\u0442\u0440\u0430\u043d\u0438\u0446\u0430","item":"https:\/\/vulkan-russiaigrai.com\/"},{"@type":"ListItem","position":2,"name":"\u0421\u043b\u043e\u0442\u044b \u0432 \u043a\u0430\u0437\u0438\u043d\u043e \u0412\u0443\u043b\u043a\u0430\u043d"}]},{"@type":"WebSite","@id":"https:\/\/vulkan-russiaigrai.com\/#website","url":"https:\/\/vulkan-russiaigrai.com\/","name":"Vulkan","description":"","publisher":{"@id":"https:\/\/vulkan-russiaigrai.com\/#organization"},"potentialAction":[{"@type":"SearchAction","target":{"@type":"EntryPoint","urlTemplate":"https:\/\/vulkan-russiaigrai.com\/?s={search_term_string}"},"query-input":{"@type":"PropertyValueSpecification","valueRequired":true,"valueName":"search_term_string"}}],"inLanguage":"pt-PT"},{"@type":"Organization","@id":"https:\/\/vulkan-russiaigrai.com\/#organization","name":"Vulkan","url":"https:\/\/vulkan-russiaigrai.com\/","logo":{"@type":"ImageObject","inLanguage":"pt-PT","@id":"https:\/\/vulkan-russiaigrai.com\/#\/schema\/logo\/image\/","url":"https:\/\/vulkan-russiaigrai.com\/wp-content\/uploads\/cropped-wulkan-e1718727462590.png","contentUrl":"https:\/\/vulkan-russiaigrai.com\/wp-content\/uploads\/cropped-wulkan-e1718727462590.png","width":80,"height":40,"caption":"Vulkan"},"image":{"@id":"https:\/\/vulkan-russiaigrai.com\/#\/schema\/logo\/image\/"}}]}},"_links":{"self":[{"href":"https:\/\/vulkan-russiaigrai.com\/pt\/wp-json\/wp\/v2\/pages\/18","targetHints":{"allow":["GET"]}}],"collection":[{"href":"https:\/\/vulkan-russiaigrai.com\/pt\/wp-json\/wp\/v2\/pages"}],"about":[{"href":"https:\/\/vulkan-russiaigrai.com\/pt\/wp-json\/wp\/v2\/types\/page"}],"author":[{"embeddable":true,"href":"https:\/\/vulkan-russiaigrai.com\/pt\/wp-json\/wp\/v2\/users\/1"}],"replies":[{"embeddable":true,"href":"https:\/\/vulkan-russiaigrai.com\/pt\/wp-json\/wp\/v2\/comments?post=18"}],"version-history":[{"count":18,"href":"https:\/\/vulkan-russiaigrai.com\/pt\/wp-json\/wp\/v2\/pages\/18\/revisions"}],"predecessor-version":[{"id":105,"href":"https:\/\/vulkan-russiaigrai.com\/pt\/wp-json\/wp\/v2\/pages\/18\/revisions\/105"}],"wp:attachment":[{"href":"https:\/\/vulkan-russiaigrai.com\/pt\/wp-json\/wp\/v2\/media?parent=18"}],"curies":[{"name":"wp","href":"https:\/\/api.w.org\/{rel}","templated":true}]}}