{"id":14,"date":"2024-06-17T15:20:00","date_gmt":"2024-06-17T12:20:00","guid":{"rendered":"https:\/\/vulkan-russiaigrai.com\/?page_id=14"},"modified":"2024-06-21T00:19:03","modified_gmt":"2024-06-20T21:19:03","slug":"player-reviews-of-vulkan-casino","status":"publish","type":"page","link":"https:\/\/vulkan-russiaigrai.com\/ro\/player-reviews-of-vulkan-casino\/","title":{"rendered":"Recenzii ale Juc\u0103torilor despre Casino Vulkan"},"content":{"rendered":"<p><b>Aleksei K.<\/b><span style=\"font-weight: 400;\"> &#8222;Joc la Casino Vulkan de c\u00e2teva luni. \u00cemi place foarte mult varietatea de sloturi \u0219i promo\u021biile regulate. Bonusul de bun venit m-a bucurat \u00een mod special, deoarece m-a ajutat s\u0103-mi m\u0103resc capitalul ini\u021bial. Suportul r\u0103spunde \u00eentotdeauna rapid \u0219i ajut\u0103 la rezolvarea oric\u0103ror probleme.&#8221;<\/span><\/p>\n<p><b>Marina P.<\/b><span style=\"font-weight: 400;\"> &#8222;Vulkan este o descoperire adev\u0103rat\u0103 pentru mine! O selec\u021bie larg\u0103 de jocuri \u0219i o interfa\u021b\u0103 grozav\u0103. Particip des la turnee \u0219i c\u00e2teodat\u0103 c\u00e2\u0219tig. Bonusurile cashback sunt grozave atunci c\u00e2nd norocul nu este de partea ta. \u00cel recomand oricui caut\u0103 un cazino de \u00eencredere.&#8221;<\/span><\/p>\n<p><b>Sergei L.<\/b><span style=\"font-weight: 400;\"> &#8222;M-am \u00eenregistrat la Vulkan din curiozitate \u0219i acum este cazinoul meu principal. Bonusurile regulate \u0219i modalit\u0103\u021bile convenabile de alimentare a contului fac jocul confortabil. \u00cen c\u00e2teva luni, am c\u00e2\u0219tigat o sum\u0103 decent\u0103, pe care am retras-o f\u0103r\u0103 probleme pe card. Foarte mul\u021bumit!&#8221;<\/span><\/p>\n<p><b>Elena M.<\/b><span style=\"font-weight: 400;\"> &#8222;Casino Vulkan este cel mai bun loc pentru pasiona\u021bii de jocuri de noroc. Mi-a pl\u0103cut interfa\u021ba site-ului \u0219i numeroasele sloturi interesante. Programul de loialitate, care ofer\u0103 bonusuri suplimentare, m-a surprins pl\u0103cut. Joc cu pl\u0103cere!&#8221;<\/span><\/p>\n<p><b>Igor S.<\/b><span style=\"font-weight: 400;\"> &#8222;Joc la Vulkan de aproape un an. Fiabilitatea \u0219i onestitatea cazinoului m\u0103 bucur\u0103. Toate c\u00e2\u0219tigurile sunt pl\u0103tite la timp \u0219i nu exist\u0103 probleme cu retragerile. Apreciez \u00een special serviciul excelent de suport &#8211; operatorii sunt \u00eentotdeauna politico\u0219i \u0219i competen\u021bi.&#8221;<\/span><\/p>\n<p><b>Natalia V.<\/b><span style=\"font-weight: 400;\"> &#8222;Vulkan este un cazino grozav! Multe bonusuri, promo\u021bii interesante \u0219i turnee. Bonusul de bun venit este cu adev\u0103rat generos, ajut\u00e2ndu-m\u0103 s\u0103 fac primii pa\u0219i \u00een joc. Suportul func\u021bioneaz\u0103 la cel mai \u00eenalt nivel, \u00eentotdeauna gata s\u0103 ajute. Joc aici cu pl\u0103cere!&#8221;<\/span><\/p>\n<p><b>Dmitry Zh.<\/b><span style=\"font-weight: 400;\"> &#8222;\u00cemi place Vulkan pentru selec\u021bia uria\u0219\u0103 de sloturi \u0219i bonusurile regulate. \u00cemi place \u00een special func\u021bia de cashback, care \u00ee\u021bi permite s\u0103 recuperezi o parte din banii pierdu\u021bi. Retragerile sunt \u00eentotdeauna rapide \u0219i f\u0103r\u0103 probleme. \u00cel recomand tuturor prietenilor mei!&#8221;<\/span><\/p>\n<p><b>Anna K.<\/b><span style=\"font-weight: 400;\"> &#8222;M-am \u00eenregistrat recent la Vulkan \u0219i deja am reu\u0219it s\u0103 c\u00e2\u0219tig! Bonusul de bun venit \u0219i rotirile gratuite au f\u0103cut jocul foarte interesant. O bun\u0103 selec\u021bie de jocuri \u0219i o interfa\u021b\u0103 pl\u0103cut\u0103 a site-ului. Pl\u0103nuiesc s\u0103 continui s\u0103 joc aici!&#8221;<\/span><\/p>\n<p><b>Maksim T.<\/b><span style=\"font-weight: 400;\"> &#8222;Vulkan este un cazino de \u00eencredere. Joc aici de c\u00e2teva luni \u0219i sunt \u00eentotdeauna mul\u021bumit de calitatea serviciilor. Bonusurile sunt regulate \u0219i avantajoase, iar sistemul de loialitate \u00eemi place \u00een mod special. Suportul este prompt \u0219i \u00eentotdeauna gata s\u0103 ajute.&#8221;<\/span><\/p>\n<p><b>Olga R.<\/b><span style=\"font-weight: 400;\"> &#8222;Joc la Vulkan cu pl\u0103cere. \u00cemi place selec\u021bia larg\u0103 de jocuri \u0219i bonusurile generoase. Particip des la promo\u021bii \u0219i turnee, unde po\u021bi c\u00e2\u0219tiga premii suplimentare. Retragerile sunt \u00eentotdeauna rapide \u0219i f\u0103r\u0103 \u00eent\u00e2rzieri. Un cazino grozav!&#8221;<\/span><\/p>\n","protected":false},"excerpt":{"rendered":"<p>Aleksei K. &#8222;Joc la Casino Vulkan de c\u00e2teva luni. \u00cemi place foarte mult varietatea de sloturi \u0219i promo\u021biile regulate. Bonusul de bun venit m-a bucurat \u00een mod special, deoarece m-a ajutat s\u0103-mi m\u0103resc capitalul ini\u021bial. Suportul r\u0103spunde \u00eentotdeauna rapid \u0219i ajut\u0103 la rezolvarea oric\u0103ror probleme.&#8221; Marina P. &#8222;Vulkan este o descoperire adev\u0103rat\u0103 pentru mine! O [&hellip;]<\/p>\n","protected":false},"author":1,"featured_media":0,"parent":0,"menu_order":0,"comment_status":"closed","ping_status":"closed","template":"full-width-template.php","meta":{"footnotes":""},"class_list":["post-14","page","type-page","status-publish","hentry"],"yoast_head":"<!-- This site is optimized with the Yoast SEO plugin v27.2 - https:\/\/yoast.com\/product\/yoast-seo-wordpress\/ -->\n<title>\u041e\u0442\u0437\u044b\u0432\u044b \u0438\u0433\u0440\u043e\u043a\u043e\u0432 \u043e \u043a\u0430\u0437\u0438\u043d\u043e \u0412\u0443\u043b\u043a\u0430\u043d<\/title>\n<meta name=\"description\" content=\"Recenzii de la juc\u0103tori reali despre experien\u021ba lor de joc la Vulkan Casino. Recenzii, opinii \u0219i feedback de la juc\u0103tori.\" \/>\n<meta name=\"robots\" content=\"index, follow, max-snippet:-1, max-image-preview:large, max-video-preview:-1\" \/>\n<link rel=\"canonical\" href=\"https:\/\/vulkan-russiaigrai.com\/ro\/player-reviews-of-vulkan-casino\/\" \/>\n<meta property=\"og:locale\" content=\"ro_RO\" \/>\n<meta property=\"og:locale:alternate\" content=\"ru_RU\" \/>\n<meta property=\"og:locale:alternate\" content=\"en_US\" \/>\n<meta property=\"og:locale:alternate\" content=\"pt_PT\" \/>\n<meta property=\"og:locale:alternate\" content=\"es_ES\" \/>\n<meta property=\"og:locale:alternate\" content=\"fr_FR\" \/>\n<meta property=\"og:locale:alternate\" content=\"sr_RS\" \/>\n<meta property=\"og:locale:alternate\" content=\"bg_BG\" \/>\n<meta property=\"og:locale:alternate\" content=\"it_IT\" \/>\n<meta property=\"og:type\" content=\"article\" \/>\n<meta property=\"og:title\" content=\"\u041e\u0442\u0437\u044b\u0432\u044b \u0438\u0433\u0440\u043e\u043a\u043e\u0432 \u043e \u043a\u0430\u0437\u0438\u043d\u043e \u0412\u0443\u043b\u043a\u0430\u043d\" \/>\n<meta property=\"og:description\" content=\"\u041e\u0442\u0437\u044b\u0432\u044b \u0440\u0435\u0430\u043b\u044c\u043d\u044b\u0445 \u0438\u0433\u0440\u043e\u043a\u043e\u0432 \u043e\u0431 \u043e\u043f\u044b\u0442\u0435 \u0438\u0433\u0440\u044b \u0432 \u043a\u0430\u0437\u0438\u043d\u043e \u0412\u0443\u043b\u043a\u0430\u043d. \u041e\u0431\u0437\u043e\u0440\u044b, \u043c\u043d\u0435\u043d\u0438\u044f \u0438 \u043e\u0442\u0437\u044b\u0432\u044b \u0438\u0433\u0440\u043e\u043a\u043e\u0432\" \/>\n<meta property=\"og:url\" content=\"https:\/\/vulkan-russiaigrai.com\/ro\/player-reviews-of-vulkan-casino\/\" \/>\n<meta property=\"og:site_name\" content=\"Vulkan\" \/>\n<meta property=\"article:modified_time\" content=\"2024-06-20T21:19:03+00:00\" \/>\n<meta name=\"twitter:card\" content=\"summary_large_image\" \/>\n<meta name=\"twitter:label1\" content=\"Timp estimat pentru citire\" \/>\n\t<meta name=\"twitter:data1\" content=\"14 minute\" \/>\n<script type=\"application\/ld+json\" class=\"yoast-schema-graph\">{\"@context\":\"https:\/\/schema.org\",\"@graph\":[{\"@type\":\"WebPage\",\"@id\":\"https:\/\/vulkan-russiaigrai.com\/player-reviews-of-vulkan-casino\/\",\"url\":\"https:\/\/vulkan-russiaigrai.com\/player-reviews-of-vulkan-casino\/\",\"name\":\"\u041e\u0442\u0437\u044b\u0432\u044b \u0438\u0433\u0440\u043e\u043a\u043e\u0432 \u043e \u043a\u0430\u0437\u0438\u043d\u043e \u0412\u0443\u043b\u043a\u0430\u043d\",\"isPartOf\":{\"@id\":\"https:\/\/vulkan-russiaigrai.com\/#website\"},\"datePublished\":\"2024-06-17T12:20:00+00:00\",\"dateModified\":\"2024-06-20T21:19:03+00:00\",\"description\":\"\u041e\u0442\u0437\u044b\u0432\u044b \u0440\u0435\u0430\u043b\u044c\u043d\u044b\u0445 \u0438\u0433\u0440\u043e\u043a\u043e\u0432 \u043e\u0431 \u043e\u043f\u044b\u0442\u0435 \u0438\u0433\u0440\u044b \u0432 \u043a\u0430\u0437\u0438\u043d\u043e \u0412\u0443\u043b\u043a\u0430\u043d. \u041e\u0431\u0437\u043e\u0440\u044b, \u043c\u043d\u0435\u043d\u0438\u044f \u0438 \u043e\u0442\u0437\u044b\u0432\u044b \u0438\u0433\u0440\u043e\u043a\u043e\u0432\",\"breadcrumb\":{\"@id\":\"https:\/\/vulkan-russiaigrai.com\/player-reviews-of-vulkan-casino\/#breadcrumb\"},\"inLanguage\":\"ro-RO\",\"potentialAction\":[{\"@type\":\"ReadAction\",\"target\":[\"https:\/\/vulkan-russiaigrai.com\/player-reviews-of-vulkan-casino\/\"]}]},{\"@type\":\"BreadcrumbList\",\"@id\":\"https:\/\/vulkan-russiaigrai.com\/player-reviews-of-vulkan-casino\/#breadcrumb\",\"itemListElement\":[{\"@type\":\"ListItem\",\"position\":1,\"name\":\"\u0413\u043b\u0430\u0432\u043d\u0430\u044f \u0441\u0442\u0440\u0430\u043d\u0438\u0446\u0430\",\"item\":\"https:\/\/vulkan-russiaigrai.com\/\"},{\"@type\":\"ListItem\",\"position\":2,\"name\":\"\u041e\u0442\u0437\u044b\u0432\u044b \u0438\u0433\u0440\u043e\u043a\u043e\u0432 \u043e \u043a\u0430\u0437\u0438\u043d\u043e \u0412\u0443\u043b\u043a\u0430\u043d\"}]},{\"@type\":\"WebSite\",\"@id\":\"https:\/\/vulkan-russiaigrai.com\/#website\",\"url\":\"https:\/\/vulkan-russiaigrai.com\/\",\"name\":\"Vulkan\",\"description\":\"\",\"publisher\":{\"@id\":\"https:\/\/vulkan-russiaigrai.com\/#organization\"},\"potentialAction\":[{\"@type\":\"SearchAction\",\"target\":{\"@type\":\"EntryPoint\",\"urlTemplate\":\"https:\/\/vulkan-russiaigrai.com\/?s={search_term_string}\"},\"query-input\":{\"@type\":\"PropertyValueSpecification\",\"valueRequired\":true,\"valueName\":\"search_term_string\"}}],\"inLanguage\":\"ro-RO\"},{\"@type\":\"Organization\",\"@id\":\"https:\/\/vulkan-russiaigrai.com\/#organization\",\"name\":\"Vulkan\",\"url\":\"https:\/\/vulkan-russiaigrai.com\/\",\"logo\":{\"@type\":\"ImageObject\",\"inLanguage\":\"ro-RO\",\"@id\":\"https:\/\/vulkan-russiaigrai.com\/#\/schema\/logo\/image\/\",\"url\":\"https:\/\/vulkan-russiaigrai.com\/wp-content\/uploads\/cropped-wulkan-e1718727462590.png\",\"contentUrl\":\"https:\/\/vulkan-russiaigrai.com\/wp-content\/uploads\/cropped-wulkan-e1718727462590.png\",\"width\":80,\"height\":40,\"caption\":\"Vulkan\"},\"image\":{\"@id\":\"https:\/\/vulkan-russiaigrai.com\/#\/schema\/logo\/image\/\"}}]}<\/script>\n<!-- \/ Yoast SEO plugin. -->","yoast_head_json":{"title":"\u041e\u0442\u0437\u044b\u0432\u044b \u0438\u0433\u0440\u043e\u043a\u043e\u0432 \u043e \u043a\u0430\u0437\u0438\u043d\u043e \u0412\u0443\u043b\u043a\u0430\u043d","description":"Recenzii de la juc\u0103tori reali despre experien\u021ba lor de joc la Vulkan Casino. Recenzii, opinii \u0219i feedback de la juc\u0103tori.","robots":{"index":"index","follow":"follow","max-snippet":"max-snippet:-1","max-image-preview":"max-image-preview:large","max-video-preview":"max-video-preview:-1"},"canonical":"https:\/\/vulkan-russiaigrai.com\/ro\/player-reviews-of-vulkan-casino\/","og_locale":"ro_RO","og_type":"article","og_title":"\u041e\u0442\u0437\u044b\u0432\u044b \u0438\u0433\u0440\u043e\u043a\u043e\u0432 \u043e \u043a\u0430\u0437\u0438\u043d\u043e \u0412\u0443\u043b\u043a\u0430\u043d","og_description":"\u041e\u0442\u0437\u044b\u0432\u044b \u0440\u0435\u0430\u043b\u044c\u043d\u044b\u0445 \u0438\u0433\u0440\u043e\u043a\u043e\u0432 \u043e\u0431 \u043e\u043f\u044b\u0442\u0435 \u0438\u0433\u0440\u044b \u0432 \u043a\u0430\u0437\u0438\u043d\u043e \u0412\u0443\u043b\u043a\u0430\u043d. \u041e\u0431\u0437\u043e\u0440\u044b, \u043c\u043d\u0435\u043d\u0438\u044f \u0438 \u043e\u0442\u0437\u044b\u0432\u044b \u0438\u0433\u0440\u043e\u043a\u043e\u0432","og_url":"https:\/\/vulkan-russiaigrai.com\/ro\/player-reviews-of-vulkan-casino\/","og_site_name":"Vulkan","article_modified_time":"2024-06-20T21:19:03+00:00","twitter_card":"summary_large_image","twitter_misc":{"Timp estimat pentru citire":"14 minute"},"schema":{"@context":"https:\/\/schema.org","@graph":[{"@type":"WebPage","@id":"https:\/\/vulkan-russiaigrai.com\/player-reviews-of-vulkan-casino\/","url":"https:\/\/vulkan-russiaigrai.com\/player-reviews-of-vulkan-casino\/","name":"\u041e\u0442\u0437\u044b\u0432\u044b \u0438\u0433\u0440\u043e\u043a\u043e\u0432 \u043e \u043a\u0430\u0437\u0438\u043d\u043e \u0412\u0443\u043b\u043a\u0430\u043d","isPartOf":{"@id":"https:\/\/vulkan-russiaigrai.com\/#website"},"datePublished":"2024-06-17T12:20:00+00:00","dateModified":"2024-06-20T21:19:03+00:00","description":"\u041e\u0442\u0437\u044b\u0432\u044b \u0440\u0435\u0430\u043b\u044c\u043d\u044b\u0445 \u0438\u0433\u0440\u043e\u043a\u043e\u0432 \u043e\u0431 \u043e\u043f\u044b\u0442\u0435 \u0438\u0433\u0440\u044b \u0432 \u043a\u0430\u0437\u0438\u043d\u043e \u0412\u0443\u043b\u043a\u0430\u043d. \u041e\u0431\u0437\u043e\u0440\u044b, \u043c\u043d\u0435\u043d\u0438\u044f \u0438 \u043e\u0442\u0437\u044b\u0432\u044b \u0438\u0433\u0440\u043e\u043a\u043e\u0432","breadcrumb":{"@id":"https:\/\/vulkan-russiaigrai.com\/player-reviews-of-vulkan-casino\/#breadcrumb"},"inLanguage":"ro-RO","potentialAction":[{"@type":"ReadAction","target":["https:\/\/vulkan-russiaigrai.com\/player-reviews-of-vulkan-casino\/"]}]},{"@type":"BreadcrumbList","@id":"https:\/\/vulkan-russiaigrai.com\/player-reviews-of-vulkan-casino\/#breadcrumb","itemListElement":[{"@type":"ListItem","position":1,"name":"\u0413\u043b\u0430\u0432\u043d\u0430\u044f \u0441\u0442\u0440\u0430\u043d\u0438\u0446\u0430","item":"https:\/\/vulkan-russiaigrai.com\/"},{"@type":"ListItem","position":2,"name":"\u041e\u0442\u0437\u044b\u0432\u044b \u0438\u0433\u0440\u043e\u043a\u043e\u0432 \u043e \u043a\u0430\u0437\u0438\u043d\u043e \u0412\u0443\u043b\u043a\u0430\u043d"}]},{"@type":"WebSite","@id":"https:\/\/vulkan-russiaigrai.com\/#website","url":"https:\/\/vulkan-russiaigrai.com\/","name":"Vulkan","description":"","publisher":{"@id":"https:\/\/vulkan-russiaigrai.com\/#organization"},"potentialAction":[{"@type":"SearchAction","target":{"@type":"EntryPoint","urlTemplate":"https:\/\/vulkan-russiaigrai.com\/?s={search_term_string}"},"query-input":{"@type":"PropertyValueSpecification","valueRequired":true,"valueName":"search_term_string"}}],"inLanguage":"ro-RO"},{"@type":"Organization","@id":"https:\/\/vulkan-russiaigrai.com\/#organization","name":"Vulkan","url":"https:\/\/vulkan-russiaigrai.com\/","logo":{"@type":"ImageObject","inLanguage":"ro-RO","@id":"https:\/\/vulkan-russiaigrai.com\/#\/schema\/logo\/image\/","url":"https:\/\/vulkan-russiaigrai.com\/wp-content\/uploads\/cropped-wulkan-e1718727462590.png","contentUrl":"https:\/\/vulkan-russiaigrai.com\/wp-content\/uploads\/cropped-wulkan-e1718727462590.png","width":80,"height":40,"caption":"Vulkan"},"image":{"@id":"https:\/\/vulkan-russiaigrai.com\/#\/schema\/logo\/image\/"}}]}},"_links":{"self":[{"href":"https:\/\/vulkan-russiaigrai.com\/ro\/wp-json\/wp\/v2\/pages\/14","targetHints":{"allow":["GET"]}}],"collection":[{"href":"https:\/\/vulkan-russiaigrai.com\/ro\/wp-json\/wp\/v2\/pages"}],"about":[{"href":"https:\/\/vulkan-russiaigrai.com\/ro\/wp-json\/wp\/v2\/types\/page"}],"author":[{"embeddable":true,"href":"https:\/\/vulkan-russiaigrai.com\/ro\/wp-json\/wp\/v2\/users\/1"}],"replies":[{"embeddable":true,"href":"https:\/\/vulkan-russiaigrai.com\/ro\/wp-json\/wp\/v2\/comments?post=14"}],"version-history":[{"count":18,"href":"https:\/\/vulkan-russiaigrai.com\/ro\/wp-json\/wp\/v2\/pages\/14\/revisions"}],"predecessor-version":[{"id":103,"href":"https:\/\/vulkan-russiaigrai.com\/ro\/wp-json\/wp\/v2\/pages\/14\/revisions\/103"}],"wp:attachment":[{"href":"https:\/\/vulkan-russiaigrai.com\/ro\/wp-json\/wp\/v2\/media?parent=14"}],"curies":[{"name":"wp","href":"https:\/\/api.w.org\/{rel}","templated":true}]}}