{"id":16,"date":"2024-06-17T15:26:25","date_gmt":"2024-06-17T12:26:25","guid":{"rendered":"https:\/\/vulkan-russiaigrai.com\/?page_id=16"},"modified":"2024-06-21T00:19:07","modified_gmt":"2024-06-20T21:19:07","slug":"registration-and-making-the-first-deposit-at-vulkan-casino","status":"publish","type":"page","link":"https:\/\/vulkan-russiaigrai.com\/ro\/registration-and-making-the-first-deposit-at-vulkan-casino\/","title":{"rendered":"\u00cenregistrare \u0219i Efectuarea Primului Depozit la Casino Vulkan"},"content":{"rendered":"<p><span style=\"font-weight: 400;\">Bun venit la Casino Vulkan! Suntem \u00eenc\u00e2nta\u021bi s\u0103 \u00eent\u00e2mpin\u0103m noi juc\u0103tori \u0219i suntem gata s\u0103 v\u0103 ajut\u0103m s\u0103 \u00eencepe\u021bi rapid \u0219i u\u0219or aventura voastr\u0103 palpitant\u0103 \u00een lumea jocurilor de noroc. \u00cen acest ghid, v\u0103 vom explica procesul de \u00eenregistrare, realizarea primului depozit \u0219i metodele disponibile pentru \u00eenregistrare \u0219i finan\u021barea contului.<\/span><\/p>\n<h2><b>Cum s\u0103 v\u0103 \u00eenregistra\u021bi la Casino Vulkan?<\/b><\/h2>\n<p><span style=\"font-weight: 400;\">\u00cenregistrarea la Casino Vulkan este un proces simplu \u0219i rapid care dureaz\u0103 doar c\u00e2teva minute. Urma\u021bi ace\u0219ti pa\u0219i pentru a crea un cont:<\/span><\/p>\n<ol>\n<li style=\"font-weight: 400;\" aria-level=\"1\"><b>Vizita\u021bi site-ul Casino Vulkan<\/b><span style=\"font-weight: 400;\">: Deschide\u021bi site-ul nostru oficial folosind un browser pe computerul sau dispozitivul dumneavoastr\u0103 mobil.<\/span><\/li>\n<li style=\"font-weight: 400;\" aria-level=\"1\"><b>G\u0103si\u021bi butonul &#8222;\u00cenregistrare&#8221;<\/b><span style=\"font-weight: 400;\">: Acesta se afl\u0103 de obicei \u00een col\u021bul din dreapta sus al paginii principale.<\/span><\/li>\n<li style=\"font-weight: 400;\" aria-level=\"1\"><b>Completa\u021bi formularul de \u00eenregistrare<\/b><span style=\"font-weight: 400;\">: Va trebui s\u0103 introduce\u021bi informa\u021bii de baz\u0103, cum ar fi numele, adresa de email, num\u0103rul de telefon \u0219i s\u0103 crea\u021bi o parol\u0103. Asigura\u021bi-v\u0103 c\u0103 informa\u021biile furnizate sunt exacte \u0219i actuale.<\/span><\/li>\n<li style=\"font-weight: 400;\" aria-level=\"1\"><b>Confirma\u021bi \u00eenregistrarea<\/b><span style=\"font-weight: 400;\">: Citi\u021bi \u0219i accepta\u021bi termenii \u0219i condi\u021biile cazinoului, apoi face\u021bi clic pe butonul &#8222;\u00cenregistrare&#8221;. Un email de confirmare va fi trimis la adresa dumneavoastr\u0103 de email.<\/span><\/li>\n<li style=\"font-weight: 400;\" aria-level=\"1\"><b>Activa\u021bi contul<\/b><span style=\"font-weight: 400;\">: Deschide\u021bi emailul \u0219i urma\u021bi instruc\u021biunile pentru a activa contul. De obicei, trebuie doar s\u0103 face\u021bi clic pe linkul furnizat \u00een email.<\/span><\/li>\n<\/ol>\n<h2><b>Metode de \u00eenregistrare<\/b><\/h2>\n<p><span style=\"font-weight: 400;\">Casino Vulkan ofer\u0103 mai multe metode de \u00eenregistrare:<\/span><\/p>\n<ul>\n<li style=\"font-weight: 400;\" aria-level=\"1\"><b>\u00cenregistrare prin email<\/b><span style=\"font-weight: 400;\">: Aceasta este metoda cea mai standard \u0219i popular\u0103. Introduce\u021bi emailul \u0219i alte detalii \u00een formularul de \u00eenregistrare.<\/span><\/li>\n<li style=\"font-weight: 400;\" aria-level=\"1\"><b>\u00cenregistrare prin num\u0103rul de telefon<\/b><span style=\"font-weight: 400;\">: V\u0103 pute\u021bi \u00eenregistra furniz\u00e2nd num\u0103rul de telefon. Un SMS cu un cod de confirmare v\u0103 va fi trimis.<\/span><\/li>\n<li style=\"font-weight: 400;\" aria-level=\"1\"><b>\u00cenregistrare prin re\u021bele sociale<\/b><span style=\"font-weight: 400;\">: Convenabil pentru cei care nu doresc s\u0103 piard\u0103 timp complet\u00e2nd un formular. Pur \u0219i simplu alege\u021bi re\u021beaua social\u0103 (de exemplu, Facebook sau Google) \u0219i autentifica\u021bi-v\u0103 prin intermediul acesteia.<\/span><\/li>\n<\/ul>\n<h2><b>Cum s\u0103 face\u021bi primul depozit?<\/b><\/h2>\n<p><span style=\"font-weight: 400;\">Dup\u0103 \u00eenregistrarea cu succes, trebuie s\u0103 v\u0103 alimenta\u021bi contul pentru a \u00eencepe s\u0103 juca\u021bi pe bani reali. Casino Vulkan ofer\u0103 mai multe metode de depunere:<\/span><\/p>\n<ol>\n<li style=\"font-weight: 400;\" aria-level=\"1\"><b>Carduri bancare<\/b><span style=\"font-weight: 400;\">: Visa, MasterCard. Aceasta este una dintre cele mai populare \u0219i convenabile metode. Fondurile sunt creditate instantaneu \u00een contul dumneavoastr\u0103.<\/span><\/li>\n<li style=\"font-weight: 400;\" aria-level=\"1\"><b>Portofele electronice<\/b><span style=\"font-weight: 400;\">: WebMoney, Qiwi, Yandex.Money \u0219i altele. O metod\u0103 rapid\u0103 \u0219i sigur\u0103 de a depune fonduri.<\/span><\/li>\n<li style=\"font-weight: 400;\" aria-level=\"1\"><b>Cryptomonede<\/b><span style=\"font-weight: 400;\">: Bitcoin, Ethereum \u0219i altele. Dac\u0103 prefera\u021bi utilizarea criptomonedelor, aceasta este, de asemenea, o op\u021biune disponibil\u0103.<\/span><\/li>\n<li style=\"font-weight: 400;\" aria-level=\"1\"><b>Pl\u0103\u021bi mobile<\/b><span style=\"font-weight: 400;\">: Depuneri prin intermediul operatorilor de telefonie mobil\u0103. Convenabil pentru cei care folosesc frecvent internetul mobil.<\/span><\/li>\n<\/ol>\n<h2><b>Instruc\u021biuni pentru realizarea unui depozit<\/b><\/h2>\n<ol>\n<li style=\"font-weight: 400;\" aria-level=\"1\"><b>Autentifica\u021bi-v\u0103 \u00een contul dumneavoastr\u0103<\/b><span style=\"font-weight: 400;\">: Utiliza\u021bi numele de utilizator \u0219i parola pe care le-a\u021bi furnizat \u00een timpul \u00eenregistr\u0103rii.<\/span><\/li>\n<li style=\"font-weight: 400;\" aria-level=\"1\"><b>Accesa\u021bi sec\u021biunea &#8222;Cashier&#8221;<\/b><span style=\"font-weight: 400;\">: Aceasta se afl\u0103 de obicei \u00een meniul principal al site-ului.<\/span><\/li>\n<li style=\"font-weight: 400;\" aria-level=\"1\"><b>Selecta\u021bi &#8222;Depunere&#8221;<\/b><span style=\"font-weight: 400;\">: Va ap\u0103rea o list\u0103 cu metodele de depunere disponibile.<\/span><\/li>\n<li style=\"font-weight: 400;\" aria-level=\"1\"><b>Alege\u021bi metoda preferat\u0103<\/b><span style=\"font-weight: 400;\">: Face\u021bi clic pe metoda aleas\u0103 \u0219i urma\u021bi instruc\u021biunile.<\/span><\/li>\n<li style=\"font-weight: 400;\" aria-level=\"1\"><b>Introduce\u021bi suma depozitului<\/b><span style=\"font-weight: 400;\">: Specifica\u021bi suma pe care dori\u021bi s\u0103 o depune\u021bi \u00een contul dumneavoastr\u0103.<\/span><\/li>\n<li style=\"font-weight: 400;\" aria-level=\"1\"><b>Confirma\u021bi plata<\/b><span style=\"font-weight: 400;\">: Urma\u021bi instruc\u021biunile sistemului pentru a finaliza tranzac\u021bia.<\/span><\/li>\n<\/ol>\n<h2><b>Avantajele primului depozit<\/b><\/h2>\n<ul>\n<li style=\"font-weight: 400;\" aria-level=\"1\"><b>Bonusuri de bun venit<\/b><span style=\"font-weight: 400;\">: Face\u021bi primul depozit \u0219i primi\u021bi un bonus generos pentru a \u00eencepe s\u0103 juca\u021bi cu un sold mai mare.<\/span><\/li>\n<li style=\"font-weight: 400;\" aria-level=\"1\"><b>Rotiri gratuite<\/b><span style=\"font-weight: 400;\">: Ca parte a pachetului de bun venit, pute\u021bi ob\u021bine rotiri gratuite la sloturile populare.<\/span><\/li>\n<li style=\"font-weight: 400;\" aria-level=\"1\"><b>Participare la promo\u021bii<\/b><span style=\"font-weight: 400;\">: Primul depozit v\u0103 ofer\u0103 acces la diverse oferte promo\u021bionale \u0219i turnee.<\/span><\/li>\n<\/ul>\n<p><span style=\"font-weight: 400;\">Acum sunte\u021bi gata s\u0103 \u00eencepe\u021bi aventura la Casino Vulkan! \u00cenregistra\u021bi-v\u0103, face\u021bi primul depozit \u0219i bucura\u021bi-v\u0103 de joc. Noroc \u0219i c\u00e2\u0219tiguri mari!<\/span><\/p>\n","protected":false},"excerpt":{"rendered":"<p>Bun venit la Casino Vulkan! Suntem \u00eenc\u00e2nta\u021bi s\u0103 \u00eent\u00e2mpin\u0103m noi juc\u0103tori \u0219i suntem gata s\u0103 v\u0103 ajut\u0103m s\u0103 \u00eencepe\u021bi rapid \u0219i u\u0219or aventura voastr\u0103 palpitant\u0103 \u00een lumea jocurilor de noroc. \u00cen acest ghid, v\u0103 vom explica procesul de \u00eenregistrare, realizarea primului depozit \u0219i metodele disponibile pentru \u00eenregistrare \u0219i finan\u021barea contului. Cum s\u0103 v\u0103 \u00eenregistra\u021bi la [&hellip;]<\/p>\n","protected":false},"author":1,"featured_media":0,"parent":0,"menu_order":0,"comment_status":"closed","ping_status":"closed","template":"full-width-template.php","meta":{"footnotes":""},"class_list":["post-16","page","type-page","status-publish","hentry"],"yoast_head":"<!-- This site is optimized with the Yoast SEO plugin v27.2 - https:\/\/yoast.com\/product\/yoast-seo-wordpress\/ -->\n<title>\u0420\u0435\u0433\u0438\u0441\u0442\u0440\u0430\u0446\u0438\u044f \u0438 \u0432\u043d\u0435\u0441\u0435\u043d\u0438\u0435 \u043f\u0435\u0440\u0432\u043e\u0433\u043e \u0434\u0435\u043f\u043e\u0437\u0438\u0442\u0430 \u0432 \u0412\u0443\u043b\u043a\u0430\u043d\u0435<\/title>\n<meta name=\"description\" content=\"\u00cenregistra\u021bi-v\u0103 pe site-ul oficial al Vulkan Casino. Face\u021bi un depozit la Vulkan Casino. Autentificare, \u00eenregistrare, face\u021bi un depozit.\" \/>\n<meta name=\"robots\" content=\"index, follow, max-snippet:-1, max-image-preview:large, max-video-preview:-1\" \/>\n<link rel=\"canonical\" href=\"https:\/\/vulkan-russiaigrai.com\/ro\/registration-and-making-the-first-deposit-at-vulkan-casino\/\" \/>\n<meta property=\"og:locale\" content=\"ro_RO\" \/>\n<meta property=\"og:locale:alternate\" content=\"ru_RU\" \/>\n<meta property=\"og:locale:alternate\" content=\"en_US\" \/>\n<meta property=\"og:locale:alternate\" content=\"pt_PT\" \/>\n<meta property=\"og:locale:alternate\" content=\"es_ES\" \/>\n<meta property=\"og:locale:alternate\" content=\"fr_FR\" \/>\n<meta property=\"og:locale:alternate\" content=\"sr_RS\" \/>\n<meta property=\"og:locale:alternate\" content=\"bg_BG\" \/>\n<meta property=\"og:locale:alternate\" content=\"it_IT\" \/>\n<meta property=\"og:type\" content=\"article\" \/>\n<meta property=\"og:title\" content=\"\u0420\u0435\u0433\u0438\u0441\u0442\u0440\u0430\u0446\u0438\u044f \u0438 \u0432\u043d\u0435\u0441\u0435\u043d\u0438\u0435 \u043f\u0435\u0440\u0432\u043e\u0433\u043e \u0434\u0435\u043f\u043e\u0437\u0438\u0442\u0430 \u0432 \u0412\u0443\u043b\u043a\u0430\u043d\u0435\" \/>\n<meta property=\"og:description\" content=\"\u041f\u0440\u043e\u0439\u0442\u0438 \u0440\u0435\u0433\u0438\u0441\u0442\u0440\u0430\u0446\u0438\u044e \u043d\u0430 \u043e\u0444\u0438\u0446\u0438\u0430\u043b\u044c\u043d\u043e\u043c \u0441\u0430\u0439\u0442\u0435 \u043a\u0430\u0437\u0438\u043d\u043e \u0412\u0443\u043b\u043a\u0430\u043d. \u0412\u043d\u0435\u0441\u0442\u0438 \u0434\u0435\u043f\u043e\u0437\u0438\u0442 \u0432 \u043a\u0430\u0437\u0438\u043d\u043e \u0412\u0443\u043b\u043a\u0430\u043d. \u041b\u043e\u0433\u0438\u043d, \u0440\u0435\u0433\u0438\u0441\u0442\u0440\u0430\u0446\u0438\u044f, \u0432\u043d\u0435\u0441\u0442\u0438 \u0434\u0435\u043f\u043e\u0437\u0438\u0442\" \/>\n<meta property=\"og:url\" content=\"https:\/\/vulkan-russiaigrai.com\/ro\/registration-and-making-the-first-deposit-at-vulkan-casino\/\" \/>\n<meta property=\"og:site_name\" content=\"Vulkan\" \/>\n<meta property=\"article:modified_time\" content=\"2024-06-20T21:19:07+00:00\" \/>\n<meta name=\"twitter:card\" content=\"summary_large_image\" \/>\n<meta name=\"twitter:label1\" content=\"Timp estimat pentru citire\" \/>\n\t<meta name=\"twitter:data1\" content=\"18 minute\" \/>\n<script type=\"application\/ld+json\" class=\"yoast-schema-graph\">{\"@context\":\"https:\/\/schema.org\",\"@graph\":[{\"@type\":\"WebPage\",\"@id\":\"https:\/\/vulkan-russiaigrai.com\/registration-and-making-the-first-deposit-at-vulkan-casino\/\",\"url\":\"https:\/\/vulkan-russiaigrai.com\/registration-and-making-the-first-deposit-at-vulkan-casino\/\",\"name\":\"\u0420\u0435\u0433\u0438\u0441\u0442\u0440\u0430\u0446\u0438\u044f \u0438 \u0432\u043d\u0435\u0441\u0435\u043d\u0438\u0435 \u043f\u0435\u0440\u0432\u043e\u0433\u043e \u0434\u0435\u043f\u043e\u0437\u0438\u0442\u0430 \u0432 \u0412\u0443\u043b\u043a\u0430\u043d\u0435\",\"isPartOf\":{\"@id\":\"https:\/\/vulkan-russiaigrai.com\/#website\"},\"datePublished\":\"2024-06-17T12:26:25+00:00\",\"dateModified\":\"2024-06-20T21:19:07+00:00\",\"description\":\"\u041f\u0440\u043e\u0439\u0442\u0438 \u0440\u0435\u0433\u0438\u0441\u0442\u0440\u0430\u0446\u0438\u044e \u043d\u0430 \u043e\u0444\u0438\u0446\u0438\u0430\u043b\u044c\u043d\u043e\u043c \u0441\u0430\u0439\u0442\u0435 \u043a\u0430\u0437\u0438\u043d\u043e \u0412\u0443\u043b\u043a\u0430\u043d. \u0412\u043d\u0435\u0441\u0442\u0438 \u0434\u0435\u043f\u043e\u0437\u0438\u0442 \u0432 \u043a\u0430\u0437\u0438\u043d\u043e \u0412\u0443\u043b\u043a\u0430\u043d. \u041b\u043e\u0433\u0438\u043d, \u0440\u0435\u0433\u0438\u0441\u0442\u0440\u0430\u0446\u0438\u044f, \u0432\u043d\u0435\u0441\u0442\u0438 \u0434\u0435\u043f\u043e\u0437\u0438\u0442\",\"breadcrumb\":{\"@id\":\"https:\/\/vulkan-russiaigrai.com\/registration-and-making-the-first-deposit-at-vulkan-casino\/#breadcrumb\"},\"inLanguage\":\"ro-RO\",\"potentialAction\":[{\"@type\":\"ReadAction\",\"target\":[\"https:\/\/vulkan-russiaigrai.com\/registration-and-making-the-first-deposit-at-vulkan-casino\/\"]}]},{\"@type\":\"BreadcrumbList\",\"@id\":\"https:\/\/vulkan-russiaigrai.com\/registration-and-making-the-first-deposit-at-vulkan-casino\/#breadcrumb\",\"itemListElement\":[{\"@type\":\"ListItem\",\"position\":1,\"name\":\"\u0413\u043b\u0430\u0432\u043d\u0430\u044f \u0441\u0442\u0440\u0430\u043d\u0438\u0446\u0430\",\"item\":\"https:\/\/vulkan-russiaigrai.com\/\"},{\"@type\":\"ListItem\",\"position\":2,\"name\":\"\u0420\u0435\u0433\u0438\u0441\u0442\u0440\u0430\u0446\u0438\u044f \u0438 \u0432\u043d\u0435\u0441\u0435\u043d\u0438\u0435 \u043f\u0435\u0440\u0432\u043e\u0433\u043e \u0434\u0435\u043f\u043e\u0437\u0438\u0442\u0430 \u0432 \u043a\u0430\u0437\u0438\u043d\u043e \u0412\u0443\u043b\u043a\u0430\u043d\"}]},{\"@type\":\"WebSite\",\"@id\":\"https:\/\/vulkan-russiaigrai.com\/#website\",\"url\":\"https:\/\/vulkan-russiaigrai.com\/\",\"name\":\"Vulkan\",\"description\":\"\",\"publisher\":{\"@id\":\"https:\/\/vulkan-russiaigrai.com\/#organization\"},\"potentialAction\":[{\"@type\":\"SearchAction\",\"target\":{\"@type\":\"EntryPoint\",\"urlTemplate\":\"https:\/\/vulkan-russiaigrai.com\/?s={search_term_string}\"},\"query-input\":{\"@type\":\"PropertyValueSpecification\",\"valueRequired\":true,\"valueName\":\"search_term_string\"}}],\"inLanguage\":\"ro-RO\"},{\"@type\":\"Organization\",\"@id\":\"https:\/\/vulkan-russiaigrai.com\/#organization\",\"name\":\"Vulkan\",\"url\":\"https:\/\/vulkan-russiaigrai.com\/\",\"logo\":{\"@type\":\"ImageObject\",\"inLanguage\":\"ro-RO\",\"@id\":\"https:\/\/vulkan-russiaigrai.com\/#\/schema\/logo\/image\/\",\"url\":\"https:\/\/vulkan-russiaigrai.com\/wp-content\/uploads\/cropped-wulkan-e1718727462590.png\",\"contentUrl\":\"https:\/\/vulkan-russiaigrai.com\/wp-content\/uploads\/cropped-wulkan-e1718727462590.png\",\"width\":80,\"height\":40,\"caption\":\"Vulkan\"},\"image\":{\"@id\":\"https:\/\/vulkan-russiaigrai.com\/#\/schema\/logo\/image\/\"}}]}<\/script>\n<!-- \/ Yoast SEO plugin. -->","yoast_head_json":{"title":"\u0420\u0435\u0433\u0438\u0441\u0442\u0440\u0430\u0446\u0438\u044f \u0438 \u0432\u043d\u0435\u0441\u0435\u043d\u0438\u0435 \u043f\u0435\u0440\u0432\u043e\u0433\u043e \u0434\u0435\u043f\u043e\u0437\u0438\u0442\u0430 \u0432 \u0412\u0443\u043b\u043a\u0430\u043d\u0435","description":"\u00cenregistra\u021bi-v\u0103 pe site-ul oficial al Vulkan Casino. Face\u021bi un depozit la Vulkan Casino. Autentificare, \u00eenregistrare, face\u021bi un depozit.","robots":{"index":"index","follow":"follow","max-snippet":"max-snippet:-1","max-image-preview":"max-image-preview:large","max-video-preview":"max-video-preview:-1"},"canonical":"https:\/\/vulkan-russiaigrai.com\/ro\/registration-and-making-the-first-deposit-at-vulkan-casino\/","og_locale":"ro_RO","og_type":"article","og_title":"\u0420\u0435\u0433\u0438\u0441\u0442\u0440\u0430\u0446\u0438\u044f \u0438 \u0432\u043d\u0435\u0441\u0435\u043d\u0438\u0435 \u043f\u0435\u0440\u0432\u043e\u0433\u043e \u0434\u0435\u043f\u043e\u0437\u0438\u0442\u0430 \u0432 \u0412\u0443\u043b\u043a\u0430\u043d\u0435","og_description":"\u041f\u0440\u043e\u0439\u0442\u0438 \u0440\u0435\u0433\u0438\u0441\u0442\u0440\u0430\u0446\u0438\u044e \u043d\u0430 \u043e\u0444\u0438\u0446\u0438\u0430\u043b\u044c\u043d\u043e\u043c \u0441\u0430\u0439\u0442\u0435 \u043a\u0430\u0437\u0438\u043d\u043e \u0412\u0443\u043b\u043a\u0430\u043d. \u0412\u043d\u0435\u0441\u0442\u0438 \u0434\u0435\u043f\u043e\u0437\u0438\u0442 \u0432 \u043a\u0430\u0437\u0438\u043d\u043e \u0412\u0443\u043b\u043a\u0430\u043d. \u041b\u043e\u0433\u0438\u043d, \u0440\u0435\u0433\u0438\u0441\u0442\u0440\u0430\u0446\u0438\u044f, \u0432\u043d\u0435\u0441\u0442\u0438 \u0434\u0435\u043f\u043e\u0437\u0438\u0442","og_url":"https:\/\/vulkan-russiaigrai.com\/ro\/registration-and-making-the-first-deposit-at-vulkan-casino\/","og_site_name":"Vulkan","article_modified_time":"2024-06-20T21:19:07+00:00","twitter_card":"summary_large_image","twitter_misc":{"Timp estimat pentru citire":"18 minute"},"schema":{"@context":"https:\/\/schema.org","@graph":[{"@type":"WebPage","@id":"https:\/\/vulkan-russiaigrai.com\/registration-and-making-the-first-deposit-at-vulkan-casino\/","url":"https:\/\/vulkan-russiaigrai.com\/registration-and-making-the-first-deposit-at-vulkan-casino\/","name":"\u0420\u0435\u0433\u0438\u0441\u0442\u0440\u0430\u0446\u0438\u044f \u0438 \u0432\u043d\u0435\u0441\u0435\u043d\u0438\u0435 \u043f\u0435\u0440\u0432\u043e\u0433\u043e \u0434\u0435\u043f\u043e\u0437\u0438\u0442\u0430 \u0432 \u0412\u0443\u043b\u043a\u0430\u043d\u0435","isPartOf":{"@id":"https:\/\/vulkan-russiaigrai.com\/#website"},"datePublished":"2024-06-17T12:26:25+00:00","dateModified":"2024-06-20T21:19:07+00:00","description":"\u041f\u0440\u043e\u0439\u0442\u0438 \u0440\u0435\u0433\u0438\u0441\u0442\u0440\u0430\u0446\u0438\u044e \u043d\u0430 \u043e\u0444\u0438\u0446\u0438\u0430\u043b\u044c\u043d\u043e\u043c \u0441\u0430\u0439\u0442\u0435 \u043a\u0430\u0437\u0438\u043d\u043e \u0412\u0443\u043b\u043a\u0430\u043d. \u0412\u043d\u0435\u0441\u0442\u0438 \u0434\u0435\u043f\u043e\u0437\u0438\u0442 \u0432 \u043a\u0430\u0437\u0438\u043d\u043e \u0412\u0443\u043b\u043a\u0430\u043d. \u041b\u043e\u0433\u0438\u043d, \u0440\u0435\u0433\u0438\u0441\u0442\u0440\u0430\u0446\u0438\u044f, \u0432\u043d\u0435\u0441\u0442\u0438 \u0434\u0435\u043f\u043e\u0437\u0438\u0442","breadcrumb":{"@id":"https:\/\/vulkan-russiaigrai.com\/registration-and-making-the-first-deposit-at-vulkan-casino\/#breadcrumb"},"inLanguage":"ro-RO","potentialAction":[{"@type":"ReadAction","target":["https:\/\/vulkan-russiaigrai.com\/registration-and-making-the-first-deposit-at-vulkan-casino\/"]}]},{"@type":"BreadcrumbList","@id":"https:\/\/vulkan-russiaigrai.com\/registration-and-making-the-first-deposit-at-vulkan-casino\/#breadcrumb","itemListElement":[{"@type":"ListItem","position":1,"name":"\u0413\u043b\u0430\u0432\u043d\u0430\u044f \u0441\u0442\u0440\u0430\u043d\u0438\u0446\u0430","item":"https:\/\/vulkan-russiaigrai.com\/"},{"@type":"ListItem","position":2,"name":"\u0420\u0435\u0433\u0438\u0441\u0442\u0440\u0430\u0446\u0438\u044f \u0438 \u0432\u043d\u0435\u0441\u0435\u043d\u0438\u0435 \u043f\u0435\u0440\u0432\u043e\u0433\u043e \u0434\u0435\u043f\u043e\u0437\u0438\u0442\u0430 \u0432 \u043a\u0430\u0437\u0438\u043d\u043e \u0412\u0443\u043b\u043a\u0430\u043d"}]},{"@type":"WebSite","@id":"https:\/\/vulkan-russiaigrai.com\/#website","url":"https:\/\/vulkan-russiaigrai.com\/","name":"Vulkan","description":"","publisher":{"@id":"https:\/\/vulkan-russiaigrai.com\/#organization"},"potentialAction":[{"@type":"SearchAction","target":{"@type":"EntryPoint","urlTemplate":"https:\/\/vulkan-russiaigrai.com\/?s={search_term_string}"},"query-input":{"@type":"PropertyValueSpecification","valueRequired":true,"valueName":"search_term_string"}}],"inLanguage":"ro-RO"},{"@type":"Organization","@id":"https:\/\/vulkan-russiaigrai.com\/#organization","name":"Vulkan","url":"https:\/\/vulkan-russiaigrai.com\/","logo":{"@type":"ImageObject","inLanguage":"ro-RO","@id":"https:\/\/vulkan-russiaigrai.com\/#\/schema\/logo\/image\/","url":"https:\/\/vulkan-russiaigrai.com\/wp-content\/uploads\/cropped-wulkan-e1718727462590.png","contentUrl":"https:\/\/vulkan-russiaigrai.com\/wp-content\/uploads\/cropped-wulkan-e1718727462590.png","width":80,"height":40,"caption":"Vulkan"},"image":{"@id":"https:\/\/vulkan-russiaigrai.com\/#\/schema\/logo\/image\/"}}]}},"_links":{"self":[{"href":"https:\/\/vulkan-russiaigrai.com\/ro\/wp-json\/wp\/v2\/pages\/16","targetHints":{"allow":["GET"]}}],"collection":[{"href":"https:\/\/vulkan-russiaigrai.com\/ro\/wp-json\/wp\/v2\/pages"}],"about":[{"href":"https:\/\/vulkan-russiaigrai.com\/ro\/wp-json\/wp\/v2\/types\/page"}],"author":[{"embeddable":true,"href":"https:\/\/vulkan-russiaigrai.com\/ro\/wp-json\/wp\/v2\/users\/1"}],"replies":[{"embeddable":true,"href":"https:\/\/vulkan-russiaigrai.com\/ro\/wp-json\/wp\/v2\/comments?post=16"}],"version-history":[{"count":18,"href":"https:\/\/vulkan-russiaigrai.com\/ro\/wp-json\/wp\/v2\/pages\/16\/revisions"}],"predecessor-version":[{"id":104,"href":"https:\/\/vulkan-russiaigrai.com\/ro\/wp-json\/wp\/v2\/pages\/16\/revisions\/104"}],"wp:attachment":[{"href":"https:\/\/vulkan-russiaigrai.com\/ro\/wp-json\/wp\/v2\/media?parent=16"}],"curies":[{"name":"wp","href":"https:\/\/api.w.org\/{rel}","templated":true}]}}