{"id":18,"date":"2024-06-17T15:48:11","date_gmt":"2024-06-17T12:48:11","guid":{"rendered":"https:\/\/vulkan-russiaigrai.com\/?page_id=18"},"modified":"2024-06-21T00:19:12","modified_gmt":"2024-06-20T21:19:12","slug":"slots-at-vulkan-casino","status":"publish","type":"page","link":"https:\/\/vulkan-russiaigrai.com\/ro\/slots-at-vulkan-casino\/","title":{"rendered":"Sloturi la Casino Vulkan"},"content":{"rendered":"<p><span style=\"font-weight: 400;\">Bine a\u021bi venit \u00een sec\u021biunea &#8222;Slots&#8221; a cazinoului Vulkan! Aici ve\u021bi g\u0103si peste 1000 de sloturi diverse care v\u0103 vor aduce o mare de distrac\u021bie \u0219i \u0219ansa de a c\u00e2\u0219tiga mare. Sloturile noastre sunt potrivite at\u00e2t pentru \u00eencep\u0103tori, c\u00e2t \u0219i pentru juc\u0103tori experimenta\u021bi.<\/span><\/p>\n<h2><b>Cum s\u0103 joci la sloturi?<\/b><\/h2>\n<p><span style=\"font-weight: 400;\">Jocul la sloturi este foarte simplu \u0219i captivant. Iat\u0103 un ghid scurt pentru a \u00eencepe:<\/span><\/p>\n<ol>\n<li style=\"font-weight: 400;\" aria-level=\"1\"><b>Alege un slot<\/b><span style=\"font-weight: 400;\">: Deschide\u021bi catalogul nostru \u0219i selecta\u021bi slotul care v\u0103 place.<\/span><\/li>\n<li style=\"font-weight: 400;\" aria-level=\"1\"><b>Plasa\u021bi un pariu<\/b><span style=\"font-weight: 400;\">: Determina\u021bi m\u0103rimea pariului, care depinde de num\u0103rul de linii \u0219i de nivelul pariului.<\/span><\/li>\n<li style=\"font-weight: 400;\" aria-level=\"1\"><b>Porni\u021bi jocul<\/b><span style=\"font-weight: 400;\">: Ap\u0103sa\u021bi butonul &#8222;Spin&#8221; \u0219i urm\u0103ri\u021bi rota\u021bia rolelor.<\/span><\/li>\n<li style=\"font-weight: 400;\" aria-level=\"1\"><b>Combina\u021bii c\u00e2\u0219tig\u0103toare<\/b><span style=\"font-weight: 400;\">: Dac\u0103 apare o combina\u021bie c\u00e2\u0219tig\u0103toare de simboluri pe linie, ve\u021bi primi un c\u00e2\u0219tig. Suma c\u00e2\u0219tigului depinde de tipul simbolurilor \u0219i de combina\u021biile lor.<\/span><\/li>\n<li style=\"font-weight: 400;\" aria-level=\"1\"><b>Repeta\u021bi<\/b><span style=\"font-weight: 400;\">: Continua\u021bi s\u0103 roti\u021bi rolele, schimba\u021bi pariurile \u0219i bucura\u021bi-v\u0103 de joc!<\/span><\/li>\n<\/ol>\n<h2><b>Sloturi populare la Vulkan<\/b><\/h2>\n<p><span style=\"font-weight: 400;\">Cazinoul nostru are multe sloturi, dar sunt unele care sunt deosebit de \u00eendr\u0103gite de juc\u0103torii no\u0219tri. Iat\u0103 top 5 cele mai populare sloturi la Vulkan:<\/span><\/p>\n<ol>\n<li style=\"font-weight: 400;\" aria-level=\"1\"><b>Book of Ra<\/b><span style=\"font-weight: 400;\"> \u2014 Un slot clasic de la Novomatic care v\u0103 duce \u00een lumea Egiptului Antic. \u00cencerca\u021bi s\u0103 g\u0103si\u021bi Cartea lui Ra \u0219i c\u00e2\u0219tiga\u021bi premii mari!<\/span><\/li>\n<li style=\"font-weight: 400;\" aria-level=\"1\"><b>Gonzo\u2019s Quest<\/b><span style=\"font-weight: 400;\"> \u2014 Un slot aventuros de la NetEnt unde voi \u0219i Gonzo merge\u021bi \u00een c\u0103utarea ora\u0219ului pierdut de aur. Blocurile explozive \u0219i rotirile gratuite vor face jocul vostru de neuitat.<\/span><\/li>\n<li style=\"font-weight: 400;\" aria-level=\"1\"><b>Starburst<\/b><span style=\"font-weight: 400;\"> \u2014 Un slot luminos \u0219i colorat de la NetEnt care captiveaz\u0103 prin simplitatea \u0219i grafica sa uimitoare. Rotirile palpitante \u0219i simbolurile wild extinse v\u0103 vor aduce multe combina\u021bii c\u00e2\u0219tig\u0103toare.<\/span><\/li>\n<li style=\"font-weight: 400;\" aria-level=\"1\"><b>Mega Moolah<\/b><span style=\"font-weight: 400;\"> \u2014 Un slot legendar cu jackpot progresiv de la Microgaming. Testa\u021bi-v\u0103 norocul \u0219i poate ve\u021bi deveni urm\u0103torul multimilionar!<\/span><\/li>\n<li style=\"font-weight: 400;\" aria-level=\"1\"><b>Dead or Alive<\/b><span style=\"font-weight: 400;\"> \u2014 Un slot captivant de la NetEnt care v\u0103 duce \u00een Vestul S\u0103lbatic. Volatilitatea ridicat\u0103 \u0219i rundele bonus vor face jocul vostru cu adev\u0103rat intens \u0219i interesant.<\/span><\/li>\n<\/ol>\n<h2><b>De ce s\u0103 alege\u021bi sloturile la Vulkan?<\/b><\/h2>\n<ul>\n<li style=\"font-weight: 400;\" aria-level=\"1\"><b>Diversitate<\/b><span style=\"font-weight: 400;\">: Peste 1000 de sloturi de la cei mai buni furnizori din lume.<\/span><\/li>\n<li style=\"font-weight: 400;\" aria-level=\"1\"><b>Bonusuri \u0219i promo\u021bii<\/b><span style=\"font-weight: 400;\">: Bonusuri regulate, rotiri gratuite \u0219i promo\u021bii pentru iubitorii de sloturi.<\/span><\/li>\n<li style=\"font-weight: 400;\" aria-level=\"1\"><b>Corectitudine \u0219i fiabilitate<\/b><span style=\"font-weight: 400;\">: Toate jocurile sunt supuse unor controale stricte de corectitudine \u0219i \u00eendeplinesc standardele interna\u021bionale.<\/span><\/li>\n<li style=\"font-weight: 400;\" aria-level=\"1\"><b>Convenien\u021ba jocului<\/b><span style=\"font-weight: 400;\">: Juca\u021bi sloturile preferate de pe computer, smartphone sau tablet\u0103.<\/span><\/li>\n<\/ul>\n<p><span style=\"font-weight: 400;\">Al\u0103tura\u021bi-v\u0103 miilor de juc\u0103tori care au apreciat deja selec\u021bia noastr\u0103 de sloturi \u0219i c\u00e2\u0219tiga\u021bi cu cazinoul Vulkan! Roti\u021bi rolele, prinde\u021bi norocul \u0219i s\u0103 ave\u021bi succes!<\/span><\/p>\n","protected":false},"excerpt":{"rendered":"<p>Bine a\u021bi venit \u00een sec\u021biunea &#8222;Slots&#8221; a cazinoului Vulkan! Aici ve\u021bi g\u0103si peste 1000 de sloturi diverse care v\u0103 vor aduce o mare de distrac\u021bie \u0219i \u0219ansa de a c\u00e2\u0219tiga mare. Sloturile noastre sunt potrivite at\u00e2t pentru \u00eencep\u0103tori, c\u00e2t \u0219i pentru juc\u0103tori experimenta\u021bi. Cum s\u0103 joci la sloturi? Jocul la sloturi este foarte simplu \u0219i [&hellip;]<\/p>\n","protected":false},"author":1,"featured_media":0,"parent":0,"menu_order":0,"comment_status":"closed","ping_status":"closed","template":"full-width-template.php","meta":{"footnotes":""},"class_list":["post-18","page","type-page","status-publish","hentry"],"yoast_head":"<!-- This site is optimized with the Yoast SEO plugin v27.2 - https:\/\/yoast.com\/product\/yoast-seo-wordpress\/ -->\n<title>\u0421\u043b\u043e\u0442\u044b \u0432 \u043e\u043d\u043b\u0430\u0439\u043d \u043a\u0430\u0437\u0438\u043d\u043e \u0412\u0443\u043b\u043a\u0430\u043d<\/title>\n<meta name=\"description\" content=\"Sloturi la Casino Online Vulkan. Joac\u0103 la p\u0103c\u0103nele pe bani reali. Joac\u0103 \u0219i c\u00e2\u0219tig\u0103.\" \/>\n<meta name=\"robots\" content=\"index, follow, max-snippet:-1, max-image-preview:large, max-video-preview:-1\" \/>\n<link rel=\"canonical\" href=\"https:\/\/vulkan-russiaigrai.com\/ro\/slots-at-vulkan-casino\/\" \/>\n<meta property=\"og:locale\" content=\"ro_RO\" \/>\n<meta property=\"og:locale:alternate\" content=\"ru_RU\" \/>\n<meta property=\"og:locale:alternate\" content=\"en_US\" \/>\n<meta property=\"og:locale:alternate\" content=\"pt_PT\" \/>\n<meta property=\"og:locale:alternate\" content=\"es_ES\" \/>\n<meta property=\"og:locale:alternate\" content=\"fr_FR\" \/>\n<meta property=\"og:locale:alternate\" content=\"sr_RS\" \/>\n<meta property=\"og:locale:alternate\" content=\"bg_BG\" \/>\n<meta property=\"og:locale:alternate\" content=\"it_IT\" \/>\n<meta property=\"og:type\" content=\"article\" \/>\n<meta property=\"og:title\" content=\"\u0421\u043b\u043e\u0442\u044b \u0432 \u043e\u043d\u043b\u0430\u0439\u043d \u043a\u0430\u0437\u0438\u043d\u043e \u0412\u0443\u043b\u043a\u0430\u043d\" \/>\n<meta property=\"og:description\" content=\"\u0421\u043b\u043e\u0442\u044b \u0432 \u043e\u043d\u043b\u0430\u0439\u043d \u043a\u0430\u0437\u0438\u043d\u043e \u0412\u0443\u043b\u043a\u0430\u043d. \u0418\u0433\u0440\u0430\u0442\u044c \u0432 \u0438\u0433\u0440\u043e\u0432\u044b\u0435 \u0430\u0432\u0442\u043e\u043c\u0430\u0442\u044b \u043d\u0430 \u0440\u0435\u0430\u043b\u044c\u043d\u044b\u0435 \u0434\u0435\u043d\u044c\u0433\u0438. \u0418\u0433\u0440\u0430\u0442\u044c \u0438 \u043f\u043e\u0431\u0435\u0436\u0434\u0430\u0442\u044c\" \/>\n<meta property=\"og:url\" content=\"https:\/\/vulkan-russiaigrai.com\/ro\/slots-at-vulkan-casino\/\" \/>\n<meta property=\"og:site_name\" content=\"Vulkan\" \/>\n<meta property=\"article:modified_time\" content=\"2024-06-20T21:19:12+00:00\" \/>\n<meta name=\"twitter:card\" content=\"summary_large_image\" \/>\n<meta name=\"twitter:label1\" content=\"Timp estimat pentru citire\" \/>\n\t<meta name=\"twitter:data1\" content=\"13 minute\" \/>\n<script type=\"application\/ld+json\" class=\"yoast-schema-graph\">{\"@context\":\"https:\/\/schema.org\",\"@graph\":[{\"@type\":\"WebPage\",\"@id\":\"https:\/\/vulkan-russiaigrai.com\/slots-at-vulkan-casino\/\",\"url\":\"https:\/\/vulkan-russiaigrai.com\/slots-at-vulkan-casino\/\",\"name\":\"\u0421\u043b\u043e\u0442\u044b \u0432 \u043e\u043d\u043b\u0430\u0439\u043d \u043a\u0430\u0437\u0438\u043d\u043e \u0412\u0443\u043b\u043a\u0430\u043d\",\"isPartOf\":{\"@id\":\"https:\/\/vulkan-russiaigrai.com\/#website\"},\"datePublished\":\"2024-06-17T12:48:11+00:00\",\"dateModified\":\"2024-06-20T21:19:12+00:00\",\"description\":\"\u0421\u043b\u043e\u0442\u044b \u0432 \u043e\u043d\u043b\u0430\u0439\u043d \u043a\u0430\u0437\u0438\u043d\u043e \u0412\u0443\u043b\u043a\u0430\u043d. \u0418\u0433\u0440\u0430\u0442\u044c \u0432 \u0438\u0433\u0440\u043e\u0432\u044b\u0435 \u0430\u0432\u0442\u043e\u043c\u0430\u0442\u044b \u043d\u0430 \u0440\u0435\u0430\u043b\u044c\u043d\u044b\u0435 \u0434\u0435\u043d\u044c\u0433\u0438. \u0418\u0433\u0440\u0430\u0442\u044c \u0438 \u043f\u043e\u0431\u0435\u0436\u0434\u0430\u0442\u044c\",\"breadcrumb\":{\"@id\":\"https:\/\/vulkan-russiaigrai.com\/slots-at-vulkan-casino\/#breadcrumb\"},\"inLanguage\":\"ro-RO\",\"potentialAction\":[{\"@type\":\"ReadAction\",\"target\":[\"https:\/\/vulkan-russiaigrai.com\/slots-at-vulkan-casino\/\"]}]},{\"@type\":\"BreadcrumbList\",\"@id\":\"https:\/\/vulkan-russiaigrai.com\/slots-at-vulkan-casino\/#breadcrumb\",\"itemListElement\":[{\"@type\":\"ListItem\",\"position\":1,\"name\":\"\u0413\u043b\u0430\u0432\u043d\u0430\u044f \u0441\u0442\u0440\u0430\u043d\u0438\u0446\u0430\",\"item\":\"https:\/\/vulkan-russiaigrai.com\/\"},{\"@type\":\"ListItem\",\"position\":2,\"name\":\"\u0421\u043b\u043e\u0442\u044b \u0432 \u043a\u0430\u0437\u0438\u043d\u043e \u0412\u0443\u043b\u043a\u0430\u043d\"}]},{\"@type\":\"WebSite\",\"@id\":\"https:\/\/vulkan-russiaigrai.com\/#website\",\"url\":\"https:\/\/vulkan-russiaigrai.com\/\",\"name\":\"Vulkan\",\"description\":\"\",\"publisher\":{\"@id\":\"https:\/\/vulkan-russiaigrai.com\/#organization\"},\"potentialAction\":[{\"@type\":\"SearchAction\",\"target\":{\"@type\":\"EntryPoint\",\"urlTemplate\":\"https:\/\/vulkan-russiaigrai.com\/?s={search_term_string}\"},\"query-input\":{\"@type\":\"PropertyValueSpecification\",\"valueRequired\":true,\"valueName\":\"search_term_string\"}}],\"inLanguage\":\"ro-RO\"},{\"@type\":\"Organization\",\"@id\":\"https:\/\/vulkan-russiaigrai.com\/#organization\",\"name\":\"Vulkan\",\"url\":\"https:\/\/vulkan-russiaigrai.com\/\",\"logo\":{\"@type\":\"ImageObject\",\"inLanguage\":\"ro-RO\",\"@id\":\"https:\/\/vulkan-russiaigrai.com\/#\/schema\/logo\/image\/\",\"url\":\"https:\/\/vulkan-russiaigrai.com\/wp-content\/uploads\/cropped-wulkan-e1718727462590.png\",\"contentUrl\":\"https:\/\/vulkan-russiaigrai.com\/wp-content\/uploads\/cropped-wulkan-e1718727462590.png\",\"width\":80,\"height\":40,\"caption\":\"Vulkan\"},\"image\":{\"@id\":\"https:\/\/vulkan-russiaigrai.com\/#\/schema\/logo\/image\/\"}}]}<\/script>\n<!-- \/ Yoast SEO plugin. -->","yoast_head_json":{"title":"\u0421\u043b\u043e\u0442\u044b \u0432 \u043e\u043d\u043b\u0430\u0439\u043d \u043a\u0430\u0437\u0438\u043d\u043e \u0412\u0443\u043b\u043a\u0430\u043d","description":"Sloturi la Casino Online Vulkan. Joac\u0103 la p\u0103c\u0103nele pe bani reali. Joac\u0103 \u0219i c\u00e2\u0219tig\u0103.","robots":{"index":"index","follow":"follow","max-snippet":"max-snippet:-1","max-image-preview":"max-image-preview:large","max-video-preview":"max-video-preview:-1"},"canonical":"https:\/\/vulkan-russiaigrai.com\/ro\/slots-at-vulkan-casino\/","og_locale":"ro_RO","og_type":"article","og_title":"\u0421\u043b\u043e\u0442\u044b \u0432 \u043e\u043d\u043b\u0430\u0439\u043d \u043a\u0430\u0437\u0438\u043d\u043e \u0412\u0443\u043b\u043a\u0430\u043d","og_description":"\u0421\u043b\u043e\u0442\u044b \u0432 \u043e\u043d\u043b\u0430\u0439\u043d \u043a\u0430\u0437\u0438\u043d\u043e \u0412\u0443\u043b\u043a\u0430\u043d. \u0418\u0433\u0440\u0430\u0442\u044c \u0432 \u0438\u0433\u0440\u043e\u0432\u044b\u0435 \u0430\u0432\u0442\u043e\u043c\u0430\u0442\u044b \u043d\u0430 \u0440\u0435\u0430\u043b\u044c\u043d\u044b\u0435 \u0434\u0435\u043d\u044c\u0433\u0438. \u0418\u0433\u0440\u0430\u0442\u044c \u0438 \u043f\u043e\u0431\u0435\u0436\u0434\u0430\u0442\u044c","og_url":"https:\/\/vulkan-russiaigrai.com\/ro\/slots-at-vulkan-casino\/","og_site_name":"Vulkan","article_modified_time":"2024-06-20T21:19:12+00:00","twitter_card":"summary_large_image","twitter_misc":{"Timp estimat pentru citire":"13 minute"},"schema":{"@context":"https:\/\/schema.org","@graph":[{"@type":"WebPage","@id":"https:\/\/vulkan-russiaigrai.com\/slots-at-vulkan-casino\/","url":"https:\/\/vulkan-russiaigrai.com\/slots-at-vulkan-casino\/","name":"\u0421\u043b\u043e\u0442\u044b \u0432 \u043e\u043d\u043b\u0430\u0439\u043d \u043a\u0430\u0437\u0438\u043d\u043e \u0412\u0443\u043b\u043a\u0430\u043d","isPartOf":{"@id":"https:\/\/vulkan-russiaigrai.com\/#website"},"datePublished":"2024-06-17T12:48:11+00:00","dateModified":"2024-06-20T21:19:12+00:00","description":"\u0421\u043b\u043e\u0442\u044b \u0432 \u043e\u043d\u043b\u0430\u0439\u043d \u043a\u0430\u0437\u0438\u043d\u043e \u0412\u0443\u043b\u043a\u0430\u043d. \u0418\u0433\u0440\u0430\u0442\u044c \u0432 \u0438\u0433\u0440\u043e\u0432\u044b\u0435 \u0430\u0432\u0442\u043e\u043c\u0430\u0442\u044b \u043d\u0430 \u0440\u0435\u0430\u043b\u044c\u043d\u044b\u0435 \u0434\u0435\u043d\u044c\u0433\u0438. \u0418\u0433\u0440\u0430\u0442\u044c \u0438 \u043f\u043e\u0431\u0435\u0436\u0434\u0430\u0442\u044c","breadcrumb":{"@id":"https:\/\/vulkan-russiaigrai.com\/slots-at-vulkan-casino\/#breadcrumb"},"inLanguage":"ro-RO","potentialAction":[{"@type":"ReadAction","target":["https:\/\/vulkan-russiaigrai.com\/slots-at-vulkan-casino\/"]}]},{"@type":"BreadcrumbList","@id":"https:\/\/vulkan-russiaigrai.com\/slots-at-vulkan-casino\/#breadcrumb","itemListElement":[{"@type":"ListItem","position":1,"name":"\u0413\u043b\u0430\u0432\u043d\u0430\u044f \u0441\u0442\u0440\u0430\u043d\u0438\u0446\u0430","item":"https:\/\/vulkan-russiaigrai.com\/"},{"@type":"ListItem","position":2,"name":"\u0421\u043b\u043e\u0442\u044b \u0432 \u043a\u0430\u0437\u0438\u043d\u043e \u0412\u0443\u043b\u043a\u0430\u043d"}]},{"@type":"WebSite","@id":"https:\/\/vulkan-russiaigrai.com\/#website","url":"https:\/\/vulkan-russiaigrai.com\/","name":"Vulkan","description":"","publisher":{"@id":"https:\/\/vulkan-russiaigrai.com\/#organization"},"potentialAction":[{"@type":"SearchAction","target":{"@type":"EntryPoint","urlTemplate":"https:\/\/vulkan-russiaigrai.com\/?s={search_term_string}"},"query-input":{"@type":"PropertyValueSpecification","valueRequired":true,"valueName":"search_term_string"}}],"inLanguage":"ro-RO"},{"@type":"Organization","@id":"https:\/\/vulkan-russiaigrai.com\/#organization","name":"Vulkan","url":"https:\/\/vulkan-russiaigrai.com\/","logo":{"@type":"ImageObject","inLanguage":"ro-RO","@id":"https:\/\/vulkan-russiaigrai.com\/#\/schema\/logo\/image\/","url":"https:\/\/vulkan-russiaigrai.com\/wp-content\/uploads\/cropped-wulkan-e1718727462590.png","contentUrl":"https:\/\/vulkan-russiaigrai.com\/wp-content\/uploads\/cropped-wulkan-e1718727462590.png","width":80,"height":40,"caption":"Vulkan"},"image":{"@id":"https:\/\/vulkan-russiaigrai.com\/#\/schema\/logo\/image\/"}}]}},"_links":{"self":[{"href":"https:\/\/vulkan-russiaigrai.com\/ro\/wp-json\/wp\/v2\/pages\/18","targetHints":{"allow":["GET"]}}],"collection":[{"href":"https:\/\/vulkan-russiaigrai.com\/ro\/wp-json\/wp\/v2\/pages"}],"about":[{"href":"https:\/\/vulkan-russiaigrai.com\/ro\/wp-json\/wp\/v2\/types\/page"}],"author":[{"embeddable":true,"href":"https:\/\/vulkan-russiaigrai.com\/ro\/wp-json\/wp\/v2\/users\/1"}],"replies":[{"embeddable":true,"href":"https:\/\/vulkan-russiaigrai.com\/ro\/wp-json\/wp\/v2\/comments?post=18"}],"version-history":[{"count":18,"href":"https:\/\/vulkan-russiaigrai.com\/ro\/wp-json\/wp\/v2\/pages\/18\/revisions"}],"predecessor-version":[{"id":105,"href":"https:\/\/vulkan-russiaigrai.com\/ro\/wp-json\/wp\/v2\/pages\/18\/revisions\/105"}],"wp:attachment":[{"href":"https:\/\/vulkan-russiaigrai.com\/ro\/wp-json\/wp\/v2\/media?parent=18"}],"curies":[{"name":"wp","href":"https:\/\/api.w.org\/{rel}","templated":true}]}}